{"id":908,"date":"2025-06-16T13:09:03","date_gmt":"2025-06-16T11:09:03","guid":{"rendered":"https:\/\/grafikamojic.com\/?page_id=908"},"modified":"2026-01-17T16:00:35","modified_gmt":"2026-01-17T15:00:35","slug":"mitril-co2-laser-za-graviranje-i-sjecenje-mt-c7050","status":"publish","type":"page","link":"https:\/\/grafikamojic.com\/sr\/mitril-co2-laser-za-graviranje-i-sjecenje-mt-c7050\/","title":{"rendered":"MT-C7050 | CO2 laser 700&#215;500"},"content":{"rendered":"\n<h1 class=\"thin-font\">MT-C7050 &#8211; Va\u0161 novi partner za kreativan i efikasan rad<\/h1>\n\n\t<section class=\"section\" id=\"section_818486784\">\n\t\t<div class=\"section-bg fill\" >\n\t\t\t\t\t\t\t\t\t\n\t\t\t\n\n\t\t<\/div>\n\n\t\t\n\n\t\t<div class=\"section-content relative\">\n\t\t\t\n\n<div class=\"row align-right\"  id=\"row-518606414\">\n\n\n\t<div id=\"col-1815637398\" class=\"col medium-12 small-12 large-11\"  >\n\t\t\t\t<div class=\"col-inner\"  >\n\t\t\t\n\t\t\t\n\n\n  <div class=\"banner has-hover\" id=\"banner-827393949\">\n          <div class=\"banner-inner fill\">\n        <div class=\"banner-bg fill\" >\n            <img loading=\"lazy\" decoding=\"async\" width=\"677\" height=\"417\" src=\"https:\/\/grafikamojic.com\/wp-content\/uploads\/2025\/10\/9.png\" class=\"bg attachment-large size-large\" alt=\"\" \/>                                    \n                    <\/div>\n\t\t\n        <div class=\"banner-layers container\">\n            <div class=\"fill banner-link\"><\/div>            \n\n   <div id=\"text-box-1708315914\" class=\"text-box banner-layer x50 md-x50 lg-x50 y50 md-y50 lg-y50 res-text\">\n                                <div class=\"text-box-content text dark\">\n              \n              <div class=\"text-inner text-center\">\n                  \n\n\n              <\/div>\n           <\/div>\n                            \n<style>\n#text-box-1708315914 {\n  width: 60%;\n}\n#text-box-1708315914 .text-box-content {\n  font-size: 100%;\n}\n<\/style>\n    <\/div>\n \n\n        <\/div>\n      <\/div>\n\n            \n<style>\n#banner-827393949 {\n  padding-top: 300px;\n  background-color: rgba(255, 255, 255, 0);\n}\n@media (min-width:550px) {\n  #banner-827393949 {\n    padding-top: 550px;\n  }\n}\n<\/style>\n  <\/div>\n\n\n\n\t\t<\/div>\n\t\t\t\t\t<\/div>\n\n\t\n\n<\/div>\n<div class=\"row\"  id=\"row-321160120\">\n\n\n\t<div id=\"col-2060950329\" class=\"col medium-7 small-12 large-5\"  >\n\t\t\t\t<div class=\"col-inner\" style=\"background-color:rgba(255, 255, 255, 0.9);\" >\n\t\t\t\n\t\t\t\n\n\t<div id=\"text-72203120\" class=\"text\">\n\t\t\n\n<p>MT-C7050<\/p>\n\t\t\n<style>\n#text-72203120 {\n  font-size: 2.5rem;\n  line-height: 1.15;\n}\n<\/style>\n\t<\/div>\n\t\n<p>Bilo da se koristi za izradu reklama, personalizovanih poklona, ambala\u017ee ili oznaka \u2013 ova CO\u2082 ma\u0161ina donosi odli\u010dan balans izme\u0111u cijene, preciznosti i pouzdanosti.<\/p>\n<a href=\"mailto:zlatko.panic@mojic.com?subject=Upit%20za%20MT-C5070\" class=\"button secondary is-underline\" >\n\t\t<span>po\u0161alji upit<\/span>\n\t<\/a>\n\n\n\n\t\t<\/div>\n\t\t\t\t\n<style>\n#col-2060950329 > .col-inner {\n  padding: 0px 0px 0 0px;\n  margin: 0-20px 0px 0px 0px;\n}\n@media (min-width:550px) {\n  #col-2060950329 > .col-inner {\n    padding: 8% 5% 5% 5%;\n    margin: -230px 0px 0px 40px;\n  }\n}\n@media (min-width:850px) {\n  #col-2060950329 > .col-inner {\n    padding: 8% 5% 5% 0;\n    margin: -465px 0px 0px 0px;\n  }\n}\n<\/style>\n\t<\/div>\n\n\t\n\n<\/div>\n\n\t\t<\/div>\n\n\t\t\n<style>\n#section_818486784 {\n  padding-top: 30px;\n  padding-bottom: 30px;\n  margin-bottom: -40px;\n  min-height: 0px;\n}\n@media (min-width:850px) {\n  #section_818486784 {\n    padding-top: 70px;\n    padding-bottom: 70px;\n  }\n}\n<\/style>\n\t<\/section>\n\t\n<p>Ovaj laser se mo\u017ee koristiti za graviranje i sje\u010denje razli\u010ditih materijala a mogu istovremeno vr\u0161iti operacije graviranja i sje\u010denja (jednu za drugom).<\/p>\n\n\t<section class=\"section\" id=\"section_1596950998\">\n\t\t<div class=\"section-bg fill\" >\n\t\t\t\t\t\t\t\t\t\n\t\t\t\n\n\t\t<\/div>\n\n\t\t\n\n\t\t<div class=\"section-content relative\">\n\t\t\t\n\n\t<div id=\"gap-828224141\" class=\"gap-element clearfix\" style=\"display:block; height:auto;\">\n\t\t\n<style>\n#gap-828224141 {\n  padding-top: 30px;\n}\n<\/style>\n\t<\/div>\n\t\n\n<div class=\"row align-middle\"  id=\"row-1513814888\">\n\n\n\t<div id=\"col-1746622817\" class=\"col medium-12 small-12 large-7\"  >\n\t\t\t\t<div class=\"col-inner\"  >\n\t\t\t\n\t\t\t\n\n\n  <div class=\"banner has-hover bg-zoom-long\" id=\"banner-346820113\">\n          <div class=\"banner-inner fill\">\n        <div class=\"banner-bg fill\" >\n            <img loading=\"lazy\" decoding=\"async\" width=\"864\" height=\"800\" src=\"https:\/\/grafikamojic.com\/wp-content\/uploads\/2025\/06\/11-864x800.png\" class=\"bg attachment-large size-large\" alt=\"\" \/>                                    \n                    <\/div>\n\t\t\n        <div class=\"banner-layers container\">\n            <div class=\"fill banner-link\"><\/div>            \n\n   <div id=\"text-box-1763526136\" class=\"text-box banner-layer x50 md-x50 lg-x50 y50 md-y50 lg-y50 res-text\">\n                                <div class=\"text-box-content text dark\">\n              \n              <div class=\"text-inner text-center\">\n                  \n\n\n              <\/div>\n           <\/div>\n                            \n<style>\n#text-box-1763526136 {\n  width: 60%;\n}\n#text-box-1763526136 .text-box-content {\n  font-size: 100%;\n}\n@media (min-width:550px) {\n  #text-box-1763526136 {\n    width: 60%;\n  }\n}\n<\/style>\n    <\/div>\n \n\n        <\/div>\n      <\/div>\n\n            \n<style>\n#banner-346820113 {\n  padding-top: 300px;\n  background-color: rgba(255, 255, 255, 0);\n}\n#banner-346820113 .banner-bg img {\n  object-position: 0% 0%;\n}\n@media (min-width:550px) {\n  #banner-346820113 {\n    padding-top: 375px;\n  }\n}\n@media (min-width:850px) {\n  #banner-346820113 {\n    padding-top: 511px;\n  }\n}\n<\/style>\n  <\/div>\n\n\n\n\t\t<\/div>\n\t\t\t\t\t<\/div>\n\n\t\n\n\t<div id=\"col-1197247865\" class=\"col medium-12 small-12 large-5\"  >\n\t\t\t\t<div class=\"col-inner\"  >\n\t\t\t\n\t\t\t\n\n\t<div id=\"gap-1280972547\" class=\"gap-element clearfix\" style=\"display:block; height:auto;\">\n\t\t\n<style>\n#gap-1280972547 {\n  padding-top: 0px;\n}\n@media (min-width:850px) {\n  #gap-1280972547 {\n    padding-top: 30px;\n  }\n}\n<\/style>\n\t<\/div>\n\t\n\n\t<div id=\"text-4090403780\" class=\"text\">\n\t\t\n\n<p>Za\u0161to MT-C7050<\/p>\n\t\t\n<style>\n#text-4090403780 {\n  font-size: 1.25rem;\n}\n<\/style>\n\t<\/div>\n\t\n<ul>\n<li data-start=\"201\" data-end=\"324\">\n<p data-start=\"203\" data-end=\"324\">Velika radna povr\u0161ina<br data-start=\"241\" data-end=\"244\" \/>Omogu\u0107ava obradu ve\u0107ih materijala bez potrebe za preklapanjem ili pomjeranjem.<\/p>\n<\/li>\n<li data-start=\"326\" data-end=\"464\">\n<p data-start=\"328\" data-end=\"464\">Visoka brzina graviranja<br data-start=\"370\" data-end=\"373\" \/>Obezbje\u0111uje brzo izvo\u0111enje projekata, \u0161to pove\u0107ava produktivnost i smanjuje vrijeme rada.<\/p>\n<\/li>\n<li data-start=\"466\" data-end=\"583\">\n<p data-start=\"468\" data-end=\"583\">Stakleni CO\u2082 laserski izvor<br data-start=\"490\" data-end=\"493\" \/>Isplativ i lako zamjenjiv izvor, idealan za dugotrajan rad uz niske operativne tro\u0161kove.<\/p>\n<\/li>\n<li data-start=\"585\" data-end=\"757\">\n<p data-start=\"587\" data-end=\"757\">Fino graviranje i \u010disto rezanje<br data-start=\"622\" data-end=\"625\" \/>Omogu\u0107ava visoku preciznost i detalje na razli\u010ditim nemetalnim materijalima poput drveta, akrila, stakla, ko\u017ee, papira i tekstila.<\/p>\n<\/li>\n<li data-start=\"759\" data-end=\"874\">\n<p data-start=\"761\" data-end=\"874\">Jednostavan softverski rad<br data-start=\"791\" data-end=\"794\" \/>Kompatibilna sa popularnim programima kao \u0161to su CorelDraw, AutoCAD i RDWorks.<\/p>\n<\/li>\n<li data-start=\"876\" data-end=\"976\">\n<p data-start=\"878\" data-end=\"976\">Stabilan DSP kontrolni sistem<br data-start=\"911\" data-end=\"914\" \/>Omogu\u0107ava pouzdan i precizan rad \u010dak i pri visokim brzinama.<\/p>\n<\/li>\n<li data-start=\"1074\" data-end=\"1194\">\n<p data-start=\"1076\" data-end=\"1194\">Kompaktne dimenzije uz odli\u010dan kapacitet<br data-start=\"1120\" data-end=\"1123\" \/>Idealna za male radionice, \u0161tamparije, ateljee i edukativne ustanove.<\/p>\n<\/li>\n<\/ul>\n<a href=\"mailto:zlatko.panic@mojic.com?subject=Upit%20za%20MT-C5070\" class=\"button secondary is-underline\" >\n\t\t<span>po\u0161alji upit<\/span>\n\t<\/a>\n\n\n\n\t\t<\/div>\n\t\t\t\t\n<style>\n#col-1197247865 > .col-inner {\n  padding: 0px 0 0px 0px;\n}\n@media (min-width:550px) {\n  #col-1197247865 > .col-inner {\n    padding: 0px 15% 0px 0px;\n  }\n}\n@media (min-width:850px) {\n  #col-1197247865 > .col-inner {\n    padding: 0px 0px 0px 15%;\n  }\n}\n<\/style>\n\t<\/div>\n\n\t\n\n<\/div>\n\n\t\t<\/div>\n\n\t\t\n<style>\n#section_1596950998 {\n  padding-top: 15px;\n  padding-bottom: 15px;\n}\n@media (min-width:550px) {\n  #section_1596950998 {\n    padding-top: 30px;\n    padding-bottom: 30px;\n  }\n}\n@media (min-width:850px) {\n  #section_1596950998 {\n    padding-top: 50px;\n    padding-bottom: 50px;\n  }\n}\n<\/style>\n\t<\/section>\n\t\n\n\t<section class=\"section\" id=\"section_1952739637\">\n\t\t<div class=\"section-bg fill\" >\n\t\t\t\t\t\t\t\t\t\n\t\t\t\n\n\t\t<\/div>\n\n\t\t\n\n\t\t<div class=\"section-content relative\">\n\t\t\t\n\n<div class=\"row row-large align-center\"  id=\"row-640129020\">\n\n\n\t<div id=\"col-1512925745\" class=\"col medium-3 small-12 large-3\"  >\n\t\t\t\t<div class=\"col-inner text-center\"  >\n\t\t\t\n\t\t\t\n\n\t<div id=\"text-3915232018\" class=\"text\">\n\t\t\n\n<p>700 x 500<\/p>\n\t\t\n<style>\n#text-3915232018 {\n  font-size: 1.75rem;\n  line-height: 0.75;\n}\n<\/style>\n\t<\/div>\n\t\n<p>Radna povr\u0161ina (mm)<\/p>\n\n\t\t<\/div>\n\t\t\t\t\t<\/div>\n\n\t\n\n\t<div id=\"col-344020557\" class=\"col medium-3 small-12 large-3\"  >\n\t\t\t\t<div class=\"col-inner text-center\"  >\n\t\t\t\n\t\t\t\n\n\t<div id=\"text-2387288790\" class=\"text\">\n\t\t\n\n<p>30W-60W<\/p>\n\t\t\n<style>\n#text-2387288790 {\n  font-size: 1.75rem;\n  line-height: 0.75;\n}\n<\/style>\n\t<\/div>\n\t\n<p>RF laserski izvor (aluminijumska cijev)<\/p>\n\n\t\t<\/div>\n\t\t\t\t\t<\/div>\n\n\t\n\n\t<div id=\"col-320274195\" class=\"col medium-3 small-12 large-3\"  >\n\t\t\t\t<div class=\"col-inner text-center\"  >\n\t\t\t\n\t\t\t\n\n\t<div id=\"text-570566201\" class=\"text\">\n\t\t\n\n<p>60W-90W<\/p>\n\t\t\n<style>\n#text-570566201 {\n  font-size: 1.75rem;\n  line-height: 0.75;\n}\n<\/style>\n\t<\/div>\n\t\n<p>DC laserski izvor (staklena cijev)<\/p>\n\n\t\t<\/div>\n\t\t\t\t\t<\/div>\n\n\t\n\n\t<div id=\"col-18818381\" class=\"col medium-3 small-12 large-3\"  >\n\t\t\t\t<div class=\"col-inner text-center\"  >\n\t\t\t\n\t\t\t\n\n\t<div id=\"text-398619526\" class=\"text\">\n\t\t\n\n<p>1200 mm\/s<\/p>\n\t\t\n<style>\n#text-398619526 {\n  font-size: 1.75rem;\n  line-height: 0.75;\n}\n<\/style>\n\t<\/div>\n\t\n<p>Maksimalna brzina graviranja<\/p>\n\n\t\t<\/div>\n\t\t\t\t\t<\/div>\n\n\t\n\n\n<style>\n#row-640129020 > .col > .col-inner {\n  padding: 0px 5% 0px 5%;\n}\n<\/style>\n<\/div>\n\t<div id=\"gap-1298550199\" class=\"gap-element clearfix hide-for-small\" style=\"display:block; height:auto;\">\n\t\t\n<style>\n#gap-1298550199 {\n  padding-top: 30px;\n}\n<\/style>\n\t<\/div>\n\t\n\n\n\t\t<\/div>\n\n\t\t\n<style>\n#section_1952739637 {\n  padding-top: 0px;\n  padding-bottom: 0px;\n}\n<\/style>\n\t<\/section>\n\t\n\n\t<section class=\"section\" id=\"section_602160190\">\n\t\t<div class=\"section-bg fill\" >\n\t\t\t\t\t\t\t\t\t\n\t\t\t\n\n\t\t<\/div>\n\n\t\t\n\n\t\t<div class=\"section-content relative\">\n\t\t\t\n\n<div class=\"row align-right\"  id=\"row-512279026\">\n\n\n\t<div id=\"col-2144191936\" class=\"col medium-9 small-12 large-9\"  >\n\t\t\t\t<div class=\"col-inner\"  >\n\t\t\t\n\t\t\t\n\n\n  <div class=\"banner has-hover\" id=\"banner-1467905875\">\n          <div class=\"banner-inner fill\">\n        <div class=\"banner-bg fill\" >\n            <img loading=\"lazy\" decoding=\"async\" width=\"448\" height=\"800\" src=\"https:\/\/grafikamojic.com\/wp-content\/uploads\/2025\/06\/stack-wood-with-red-square-bottom-448x800.jpg\" class=\"bg attachment-large size-large\" alt=\"\" \/>                                    \n                    <\/div>\n\t\t\n        <div class=\"banner-layers container\">\n            <div class=\"fill banner-link\"><\/div>            \n\n   <div id=\"text-box-1168091934\" class=\"text-box banner-layer x50 md-x50 lg-x50 y50 md-y50 lg-y50 res-text\">\n                                <div class=\"text-box-content text dark\">\n              \n              <div class=\"text-inner text-center\">\n                  \n\n\n              <\/div>\n           <\/div>\n                            \n<style>\n#text-box-1168091934 {\n  width: 60%;\n}\n#text-box-1168091934 .text-box-content {\n  font-size: 100%;\n}\n@media (min-width:550px) {\n  #text-box-1168091934 {\n    width: 60%;\n  }\n}\n<\/style>\n    <\/div>\n \n\n        <\/div>\n      <\/div>\n\n            \n<style>\n#banner-1467905875 {\n  padding-top: 300px;\n  background-color: rgba(255, 255, 255, 0);\n}\n@media (min-width:550px) {\n  #banner-1467905875 {\n    padding-top: 500px;\n  }\n}\n<\/style>\n  <\/div>\n\n\n\n\t\t<\/div>\n\t\t\t\t\n<style>\n#col-2144191936 > .col-inner {\n  margin: 0px 0px -55px 0px;\n}\n<\/style>\n\t<\/div>\n\n\t\n\n<\/div>\n<div class=\"row\"  id=\"row-360823568\">\n\n\n\t<div id=\"col-634536193\" class=\"col medium-7 small-12 large-6\"  >\n\t\t\t\t<div class=\"col-inner\" style=\"background-color:rgba(255, 255, 255, 0.9);\" >\n\t\t\t\n\t\t\t\n\n\t<div id=\"text-2576837028\" class=\"text\">\n\t\t\n\n<p>Materijali koje mo\u017ee obra\u0111ivati:<\/p>\n\t\t\n<style>\n#text-2576837028 {\n  font-size: 1.25rem;\n}\n<\/style>\n\t<\/div>\n\t\n<ul>\n<li data-start=\"1099\" data-end=\"1108\">\n<p data-start=\"1101\" data-end=\"1108\">Akril<\/p>\n<\/li>\n<li data-start=\"1109\" data-end=\"1117\">\n<p data-start=\"1111\" data-end=\"1117\">Drvo<\/p>\n<\/li>\n<li data-start=\"1109\" data-end=\"1117\">\n<p>Ko\u017ea<\/p>\n<\/li>\n<li data-start=\"1118\" data-end=\"1131\">\n<p data-start=\"1120\" data-end=\"1131\">\u0160perplo\u010da<\/p>\n<\/li>\n<li data-start=\"1132\" data-end=\"1150\">\n<p data-start=\"1134\" data-end=\"1150\">Papir i karton<\/p>\n<\/li>\n<li data-start=\"1151\" data-end=\"1169\">\n<p data-start=\"1153\" data-end=\"1169\">Tekstil i ko\u017ea<\/p>\n<\/li>\n<li data-start=\"1170\" data-end=\"1178\">\n<p data-start=\"1172\" data-end=\"1178\">Guma<\/p>\n<\/li>\n<li data-start=\"1179\" data-end=\"1214\">\n<p data-start=\"1181\" data-end=\"1214\">Staklo (za povr\u0161insko graviranje)\u00a0\u2026.<\/p>\n<\/li>\n<\/ul>\n<a href=\"mailto:zlatko.panic@mojic.com?subject=Upit%20za%20MT-C5070\" class=\"button secondary is-underline\" >\n\t\t<span>po\u0161alji upit<\/span>\n\t<\/a>\n\n\n\n\t\t<\/div>\n\t\t\t\t\n<style>\n#col-634536193 > .col-inner {\n  padding: 30px 30px 20px 30px;\n  margin: 25px 0px 0px 0px;\n}\n@media (min-width:550px) {\n  #col-634536193 > .col-inner {\n    padding: 10% 10% 8% 10%;\n    margin: -395px 0px 0px 0px;\n  }\n}\n<\/style>\n\t<\/div>\n\n\t\n\n<\/div>\n\n\t\t<\/div>\n\n\t\t\n<style>\n#section_602160190 {\n  padding-top: 50px;\n  padding-bottom: 50px;\n  background-color: rgb(247, 246, 242);\n}\n@media (min-width:850px) {\n  #section_602160190 {\n    padding-top: 80px;\n    padding-bottom: 80px;\n  }\n}\n<\/style>\n\t<\/section>\n\t\n\t<div class=\"ux-menu stack stack-col justify-start floating-menu ux-menu--divider-solid hide-for-small\">\n\t\t\n\n\t<div class=\"ux-menu-link flex menu-item\">\n\t\t<a class=\"ux-menu-link__link flex\" href=\"https:\/\/grafikamojic.com\/sr\/mitril-co2-laser-za-graviranje-i-sjecenje-mt-c630\/\" >\n\t\t\t\t\t\t<span class=\"ux-menu-link__text\">\n\t\t\t\tMT-C630\t\t\t<\/span>\n\t\t<\/a>\n\t<\/div>\n\t\n\n\t<div class=\"ux-menu-link flex menu-item\">\n\t\t<a class=\"ux-menu-link__link flex\" href=\"https:\/\/grafikamojic.com\/sr\/mitril-co2-laser-za-graviranje-i-sjecenje-mt-c1070\/\" >\n\t\t\t\t\t\t<span class=\"ux-menu-link__text\">\n\t\t\t\tMT-C1070\t\t\t<\/span>\n\t\t<\/a>\n\t<\/div>\n\t\n\n\n\t<\/div>\n\t\n\n","protected":false},"excerpt":{"rendered":"","protected":false},"author":2,"featured_media":0,"parent":0,"menu_order":0,"comment_status":"closed","ping_status":"closed","template":"","meta":{"footnotes":""},"class_list":["post-908","page","type-page","status-publish","hentry"],"yoast_head":"<!-- This site is optimized with the Yoast SEO plugin v27.4 - https:\/\/yoast.com\/product\/yoast-seo-wordpress\/ -->\n<title>MT-C7050 | CO2 laser 700x500<\/title>\n<meta name=\"description\" content=\"MT-C7050 CO2 laser 700x500 mm za graviranje i sje\u010denje akrila, drveta, \u0161perplo\u010de, ko\u017ee i kartona i dr. Brz rad i \u010dist rez. Po\u0161aljite upit.\" \/>\n<meta name=\"robots\" content=\"index, follow, max-snippet:-1, max-image-preview:large, max-video-preview:-1\" \/>\n<link rel=\"canonical\" href=\"https:\/\/grafikamojic.com\/sr\/mitril-co2-laser-za-graviranje-i-sjecenje-mt-c7050\/\" \/>\n<meta property=\"og:locale\" content=\"sr_RS\" \/>\n<meta property=\"og:locale:alternate\" content=\"en_US\" \/>\n<meta property=\"og:locale:alternate\" content=\"bs_BA\" \/>\n<meta property=\"og:locale:alternate\" content=\"hr_HR\" \/>\n<meta property=\"og:locale:alternate\" content=\"sq_SQ\" \/>\n<meta property=\"og:type\" content=\"article\" \/>\n<meta property=\"og:title\" content=\"MT-C7050 | CO2 laser 700x500\" \/>\n<meta property=\"og:description\" content=\"MT-C7050 CO2 laser 700x500 mm za graviranje i sje\u010denje akrila, drveta, \u0161perplo\u010de, ko\u017ee i kartona i dr. Brz rad i \u010dist rez. Po\u0161aljite upit.\" \/>\n<meta property=\"og:url\" content=\"https:\/\/grafikamojic.com\/sr\/mitril-co2-laser-za-graviranje-i-sjecenje-mt-c7050\/\" \/>\n<meta property=\"og:site_name\" content=\"Grafi\u010dke ma\u0161ine i repromaterijali\" \/>\n<meta property=\"article:modified_time\" content=\"2026-01-17T15:00:35+00:00\" \/>\n<meta name=\"twitter:card\" content=\"summary_large_image\" \/>\n<meta name=\"twitter:label1\" content=\"\u041f\u0440\u043e\u0446\u0435\u045a\u0435\u043d\u043e \u0432\u0440\u0435\u043c\u0435 \u0447\u0438\u0442\u0430\u045a\u0430\" \/>\n\t<meta name=\"twitter:data1\" content=\"3 \u043c\u0438\u043d\u0443\u0442\u0430\" \/>\n<script type=\"application\/ld+json\" class=\"yoast-schema-graph\">{\"@context\":\"https:\\\/\\\/schema.org\",\"@graph\":[{\"@type\":\"WebPage\",\"@id\":\"https:\\\/\\\/grafikamojic.com\\\/mitril-co2-laser-za-graviranje-i-sjecenje-mt-c7050\\\/\",\"url\":\"https:\\\/\\\/grafikamojic.com\\\/mitril-co2-laser-za-graviranje-i-sjecenje-mt-c7050\\\/\",\"name\":\"MT-C7050 | CO2 laser 700x500\",\"isPartOf\":{\"@id\":\"https:\\\/\\\/grafikamojic.com\\\/#website\"},\"datePublished\":\"2025-06-16T11:09:03+00:00\",\"dateModified\":\"2026-01-17T15:00:35+00:00\",\"description\":\"MT-C7050 CO2 laser 700x500 mm za graviranje i sje\u010denje akrila, drveta, \u0161perplo\u010de, ko\u017ee i kartona i dr. Brz rad i \u010dist rez. Po\u0161aljite upit.\",\"breadcrumb\":{\"@id\":\"https:\\\/\\\/grafikamojic.com\\\/mitril-co2-laser-za-graviranje-i-sjecenje-mt-c7050\\\/#breadcrumb\"},\"inLanguage\":\"sr-RS\",\"potentialAction\":[{\"@type\":\"ReadAction\",\"target\":[\"https:\\\/\\\/grafikamojic.com\\\/mitril-co2-laser-za-graviranje-i-sjecenje-mt-c7050\\\/\"]}]},{\"@type\":\"BreadcrumbList\",\"@id\":\"https:\\\/\\\/grafikamojic.com\\\/mitril-co2-laser-za-graviranje-i-sjecenje-mt-c7050\\\/#breadcrumb\",\"itemListElement\":[{\"@type\":\"ListItem\",\"position\":1,\"name\":\"Home\",\"item\":\"https:\\\/\\\/grafikamojic.com\\\/\"},{\"@type\":\"ListItem\",\"position\":2,\"name\":\"MT-C7050 | CO2 laser 700&#215;500\"}]},{\"@type\":\"WebSite\",\"@id\":\"https:\\\/\\\/grafikamojic.com\\\/#website\",\"url\":\"https:\\\/\\\/grafikamojic.com\\\/\",\"name\":\"Grafika i laseri\",\"description\":\"\",\"potentialAction\":[{\"@type\":\"SearchAction\",\"target\":{\"@type\":\"EntryPoint\",\"urlTemplate\":\"https:\\\/\\\/grafikamojic.com\\\/?s={search_term_string}\"},\"query-input\":{\"@type\":\"PropertyValueSpecification\",\"valueRequired\":true,\"valueName\":\"search_term_string\"}}],\"inLanguage\":\"sr-RS\"}]}<\/script>\n<!-- \/ Yoast SEO plugin. -->","yoast_head_json":{"title":"MT-C7050 | CO2 laser 700x500","description":"MT-C7050 CO2 laser 700x500 mm za graviranje i sje\u010denje akrila, drveta, \u0161perplo\u010de, ko\u017ee i kartona i dr. Brz rad i \u010dist rez. Po\u0161aljite upit.","robots":{"index":"index","follow":"follow","max-snippet":"max-snippet:-1","max-image-preview":"max-image-preview:large","max-video-preview":"max-video-preview:-1"},"canonical":"https:\/\/grafikamojic.com\/sr\/mitril-co2-laser-za-graviranje-i-sjecenje-mt-c7050\/","og_locale":"sr_RS","og_type":"article","og_title":"[:bs]MT-C7050 | CO2 laser 700x500[:] - Grafi\u010dke ma\u0161ine i repromaterijali","og_description":"MT-C7050 CO2 laser 700x500 mm za graviranje i sje\u010denje akrila, drveta, \u0161perplo\u010de, ko\u017ee i kartona i dr. Brz rad i \u010dist rez. Po\u0161aljite upit.","og_url":"https:\/\/grafikamojic.com\/sr\/mitril-co2-laser-za-graviranje-i-sjecenje-mt-c7050\/","og_site_name":"Grafi\u010dke ma\u0161ine i repromaterijali","article_modified_time":"2026-01-17T15:00:35+00:00","twitter_card":"summary_large_image","twitter_misc":{"\u041f\u0440\u043e\u0446\u0435\u045a\u0435\u043d\u043e \u0432\u0440\u0435\u043c\u0435 \u0447\u0438\u0442\u0430\u045a\u0430":"3 \u043c\u0438\u043d\u0443\u0442\u0430"},"schema":{"@context":"https:\/\/schema.org","@graph":[{"@type":"WebPage","@id":"https:\/\/grafikamojic.com\/mitril-co2-laser-za-graviranje-i-sjecenje-mt-c7050\/","url":"https:\/\/grafikamojic.com\/mitril-co2-laser-za-graviranje-i-sjecenje-mt-c7050\/","name":"MT-C7050 | CO2 laser 700x500","isPartOf":{"@id":"https:\/\/grafikamojic.com\/#website"},"datePublished":"2025-06-16T11:09:03+00:00","dateModified":"2026-01-17T15:00:35+00:00","description":"MT-C7050 CO2 laser 700x500 mm za graviranje i sje\u010denje akrila, drveta, \u0161perplo\u010de, ko\u017ee i kartona i dr. Brz rad i \u010dist rez. Po\u0161aljite upit.","breadcrumb":{"@id":"https:\/\/grafikamojic.com\/mitril-co2-laser-za-graviranje-i-sjecenje-mt-c7050\/#breadcrumb"},"inLanguage":"sr-RS","potentialAction":[{"@type":"ReadAction","target":["https:\/\/grafikamojic.com\/mitril-co2-laser-za-graviranje-i-sjecenje-mt-c7050\/"]}]},{"@type":"BreadcrumbList","@id":"https:\/\/grafikamojic.com\/mitril-co2-laser-za-graviranje-i-sjecenje-mt-c7050\/#breadcrumb","itemListElement":[{"@type":"ListItem","position":1,"name":"Home","item":"https:\/\/grafikamojic.com\/"},{"@type":"ListItem","position":2,"name":"MT-C7050 | CO2 laser 700&#215;500"}]},{"@type":"WebSite","@id":"https:\/\/grafikamojic.com\/#website","url":"https:\/\/grafikamojic.com\/","name":"Grafika i laseri","description":"","potentialAction":[{"@type":"SearchAction","target":{"@type":"EntryPoint","urlTemplate":"https:\/\/grafikamojic.com\/?s={search_term_string}"},"query-input":{"@type":"PropertyValueSpecification","valueRequired":true,"valueName":"search_term_string"}}],"inLanguage":"sr-RS"}]}},"_links":{"self":[{"href":"https:\/\/grafikamojic.com\/sr\/wp-json\/wp\/v2\/pages\/908","targetHints":{"allow":["GET"]}}],"collection":[{"href":"https:\/\/grafikamojic.com\/sr\/wp-json\/wp\/v2\/pages"}],"about":[{"href":"https:\/\/grafikamojic.com\/sr\/wp-json\/wp\/v2\/types\/page"}],"author":[{"embeddable":true,"href":"https:\/\/grafikamojic.com\/sr\/wp-json\/wp\/v2\/users\/2"}],"replies":[{"embeddable":true,"href":"https:\/\/grafikamojic.com\/sr\/wp-json\/wp\/v2\/comments?post=908"}],"version-history":[{"count":16,"href":"https:\/\/grafikamojic.com\/sr\/wp-json\/wp\/v2\/pages\/908\/revisions"}],"predecessor-version":[{"id":4905,"href":"https:\/\/grafikamojic.com\/sr\/wp-json\/wp\/v2\/pages\/908\/revisions\/4905"}],"wp:attachment":[{"href":"https:\/\/grafikamojic.com\/sr\/wp-json\/wp\/v2\/media?parent=908"}],"curies":[{"name":"wp","href":"https:\/\/api.w.org\/{rel}","templated":true}]}}