{"id":3400,"date":"2025-11-15T13:51:23","date_gmt":"2025-11-15T12:51:23","guid":{"rendered":"https:\/\/grafikamojic.com\/?page_id=3400"},"modified":"2026-01-30T15:49:40","modified_gmt":"2026-01-30T14:49:40","slug":"mec-34","status":"publish","type":"page","link":"https:\/\/grafikamojic.com\/sr\/mec-34\/","title":{"rendered":"MEC-23"},"content":{"rendered":"\n<h1 class=\"thin-font\">Magnum MEC-23 &#8211; Standardni format A4 i sistem \u017eice 2:1 prilago\u0111eni su kancelarijskim i produkcijskim potrebama<\/h1>\n\n\t<section class=\"section\" id=\"section_289533205\">\n\t\t<div class=\"section-bg fill\" >\n\t\t\t\t\t\t\t\t\t\n\t\t\t\n\n\t\t<\/div>\n\n\t\t\n\n\t\t<div class=\"section-content relative\">\n\t\t\t\n\n<div class=\"row align-right\"  id=\"row-755728899\">\n\n\n\t<div id=\"col-1268705161\" class=\"col medium-12 small-12 large-11\"  >\n\t\t\t\t<div class=\"col-inner\"  >\n\t\t\t\n\t\t\t\n\n\n  <div class=\"banner has-hover\" id=\"banner-4001988\">\n          <div class=\"banner-inner fill\">\n        <div class=\"banner-bg fill\" >\n            <img loading=\"lazy\" decoding=\"async\" width=\"1020\" height=\"628\" src=\"https:\/\/grafikamojic.com\/wp-content\/uploads\/2025\/11\/mec-21-01-1300x800.jpg\" class=\"bg attachment-large size-large\" alt=\"\" \/>                                    \n                    <\/div>\n\t\t\n        <div class=\"banner-layers container\">\n            <div class=\"fill banner-link\"><\/div>            \n\n   <div id=\"text-box-2077642856\" class=\"text-box banner-layer x50 md-x50 lg-x50 y50 md-y50 lg-y50 res-text\">\n                                <div class=\"text-box-content text dark\">\n              \n              <div class=\"text-inner text-center\">\n                  \n\n\n              <\/div>\n           <\/div>\n                            \n<style>\n#text-box-2077642856 {\n  width: 60%;\n}\n#text-box-2077642856 .text-box-content {\n  font-size: 100%;\n}\n<\/style>\n    <\/div>\n \n\n        <\/div>\n      <\/div>\n\n            \n<style>\n#banner-4001988 {\n  padding-top: 300px;\n  background-color: rgba(255, 255, 255, 0);\n}\n@media (min-width:550px) {\n  #banner-4001988 {\n    padding-top: 550px;\n  }\n}\n<\/style>\n  <\/div>\n\n\n\n\t\t<\/div>\n\t\t\t\t\t<\/div>\n\n\t\n\n<\/div>\n<div class=\"row\"  id=\"row-801483844\">\n\n\n\t<div id=\"col-1862510887\" class=\"col medium-7 small-12 large-5\"  >\n\t\t\t\t<div class=\"col-inner\" style=\"background-color:rgba(255, 255, 255, 0.9);\" >\n\t\t\t\n\t\t\t\n\n\t<div id=\"text-1228174318\" class=\"text\">\n\t\t\n\n<p>Magnum MEC-23<\/p>\n\t\t\n<style>\n#text-1228174318 {\n  font-size: 2.5rem;\n  line-height: 1.15;\n}\n<\/style>\n\t<\/div>\n\t\n<p>Elektri\u010dno bu\u0161enje i zatvaranje \u017eice omogu\u0107avaju efikasnu obradu ve\u0107ih koli\u010dina dokumenta<\/p>\n<a href=\"mailto:zlatko.panic@mojic.com?subject=Upit%20za%20Magnum%20MEC-23\" class=\"button secondary is-underline\" >\n\t\t<span>PO\u0160ALJI UPIT<\/span>\n\t<\/a>\n\n\n\n\t\t<\/div>\n\t\t\t\t\n<style>\n#col-1862510887 > .col-inner {\n  padding: 0px 0px 0 0px;\n  margin: 0-20px 0px 0px 0px;\n}\n@media (min-width:550px) {\n  #col-1862510887 > .col-inner {\n    padding: 8% 5% 5% 5%;\n    margin: -230px 0px 0px 40px;\n  }\n}\n@media (min-width:850px) {\n  #col-1862510887 > .col-inner {\n    padding: 8% 5% 5% 0;\n    margin: -465px 0px 0px 0px;\n  }\n}\n<\/style>\n\t<\/div>\n\n\t\n\n<\/div>\n\t<div id=\"text-931456615\" class=\"text\">\n\t\t\n\n<p>Magnum MEC-23 je elektri\u010dni ure\u0111aj za <strong data-start=\"174\" data-end=\"195\">\u017ei\u010dano uvezivanje<\/strong> sistema 2:1, namijenjen komercijalnim \u0161tamparijama i zavr\u0161nim pogonima koje obra\u0111uju formate do A4\/A5 i tra\u017ee ve\u0107u produktivnost u zavr\u0161noj obradi. Ure\u0111aj kombinuje elektri\u010dno bu\u0161enje i zatvaranje \u017eice radi jednostavnog i brzog rada.<\/p>\n\t\t\n<style>\n#text-931456615 {\n  text-align: center;\n}\n<\/style>\n\t<\/div>\n\t\n\n\t\t<\/div>\n\n\t\t\n<style>\n#section_289533205 {\n  padding-top: 30px;\n  padding-bottom: 30px;\n  margin-bottom: -40px;\n  min-height: 0px;\n}\n@media (min-width:850px) {\n  #section_289533205 {\n    padding-top: 70px;\n    padding-bottom: 70px;\n  }\n}\n<\/style>\n\t<\/section>\n\t\n\n\t<section class=\"section\" id=\"section_699428693\">\n\t\t<div class=\"section-bg fill\" >\n\t\t\t\t\t\t\t\t\t\n\t\t\t\n\n\t\t<\/div>\n\n\t\t\n\n\t\t<div class=\"section-content relative\">\n\t\t\t\n\n\t<div id=\"gap-558372896\" class=\"gap-element clearfix\" style=\"display:block; height:auto;\">\n\t\t\n<style>\n#gap-558372896 {\n  padding-top: 30px;\n}\n<\/style>\n\t<\/div>\n\t\n\n<div class=\"row align-middle\"  id=\"row-1446566453\">\n\n\n\t<div id=\"col-1247247722\" class=\"col medium-12 small-12 large-6\"  >\n\t\t\t\t<div class=\"col-inner\"  >\n\t\t\t\n\t\t\t\n\n\n  <div class=\"banner has-hover\" id=\"banner-1355558229\">\n          <div class=\"banner-inner fill\">\n        <div class=\"banner-bg fill\" >\n            <img loading=\"lazy\" decoding=\"async\" width=\"800\" height=\"677\" src=\"https:\/\/grafikamojic.com\/wp-content\/uploads\/2025\/11\/MEC-21.png\" class=\"bg attachment-large size-large\" alt=\"\" \/>                                    \n                    <\/div>\n\t\t\n        <div class=\"banner-layers container\">\n            <div class=\"fill banner-link\"><\/div>            \n\n   <div id=\"text-box-299517016\" class=\"text-box banner-layer x50 md-x50 lg-x50 y50 md-y50 lg-y50 res-text\">\n                                <div class=\"text-box-content text dark\">\n              \n              <div class=\"text-inner text-center\">\n                  \n\n\n              <\/div>\n           <\/div>\n                            \n<style>\n#text-box-299517016 {\n  width: 60%;\n}\n#text-box-299517016 .text-box-content {\n  font-size: 100%;\n}\n@media (min-width:550px) {\n  #text-box-299517016 {\n    width: 60%;\n  }\n}\n<\/style>\n    <\/div>\n \n\n        <\/div>\n      <\/div>\n\n            \n<style>\n#banner-1355558229 {\n  padding-top: 300px;\n  background-color: rgba(255, 255, 255, 0);\n}\n#banner-1355558229 .banner-bg img {\n  object-position: 0% 72%;\n}\n@media (min-width:550px) {\n  #banner-1355558229 {\n    padding-top: 375px;\n  }\n}\n@media (min-width:850px) {\n  #banner-1355558229 {\n    padding-top: 536px;\n  }\n}\n<\/style>\n  <\/div>\n\n\n\n\t\t<\/div>\n\t\t\t\t\t<\/div>\n\n\t\n\n\t<div id=\"col-526557924\" class=\"col medium-12 small-12 large-6\"  >\n\t\t\t\t<div class=\"col-inner\"  >\n\t\t\t\n\t\t\t\n\n\t<div id=\"gap-1242539639\" class=\"gap-element clearfix\" style=\"display:block; height:auto;\">\n\t\t\n<style>\n#gap-1242539639 {\n  padding-top: 0px;\n}\n@media (min-width:850px) {\n  #gap-1242539639 {\n    padding-top: 30px;\n  }\n}\n<\/style>\n\t<\/div>\n\t\n\n\t<div id=\"text-1344949651\" class=\"text\">\n\t\t\n\n<p>Magnum MEC-23<\/p>\n\t\t\n<style>\n#text-1344949651 {\n  font-size: 1.25rem;\n}\n<\/style>\n\t<\/div>\n\t\n<ul>\n<li data-start=\"467\" data-end=\"500\">\n<p data-start=\"469\" data-end=\"500\">Podr\u017eani formati: <strong data-start=\"487\" data-end=\"498\">A4 i A5<\/strong><\/p>\n<\/li>\n<li data-start=\"501\" data-end=\"554\">\n<p data-start=\"503\" data-end=\"554\">Sistem \u017eice (pitch): <strong data-start=\"524\" data-end=\"552\">2:1 (23 petlje po listu)<\/strong><\/p>\n<\/li>\n<li data-start=\"555\" data-end=\"614\">\n<p data-start=\"557\" data-end=\"614\">Brzina bu\u0161enja: do <strong data-start=\"576\" data-end=\"612\">25 listova (70 g\/m\u00b2) istovremeno<\/strong><\/p>\n<\/li>\n<li data-start=\"615\" data-end=\"669\">\n<p data-start=\"617\" data-end=\"669\">Kapacitet uvezivanja: <strong data-start=\"639\" data-end=\"667\">do 318 listova (70 g\/m\u00b2)<\/strong><\/p>\n<\/li>\n<li data-start=\"670\" data-end=\"711\">\n<p data-start=\"672\" data-end=\"711\">Maksimalna veli\u010dina dokumenta: <strong data-start=\"703\" data-end=\"709\">A4<\/strong><\/p>\n<\/li>\n<li data-start=\"712\" data-end=\"761\">\n<p data-start=\"714\" data-end=\"761\">Dimenzije (D \u00d7 \u0160 \u00d7 V): <strong data-start=\"737\" data-end=\"759\">470 \u00d7 400 \u00d7 315 mm<\/strong><\/p>\n<\/li>\n<li data-start=\"762\" data-end=\"787\">\n<p data-start=\"764\" data-end=\"787\">Te\u017eina: <strong data-start=\"772\" data-end=\"785\">oko 23 kg<\/strong><\/p>\n<\/li>\n<li data-start=\"788\" data-end=\"850\">\n<p data-start=\"790\" data-end=\"850\">Na\u010din rada: <strong data-start=\"802\" data-end=\"850\">potpuno elektri\u010dno bu\u0161enje i zatvaranje \u017eice<\/strong><\/p>\n<\/li>\n<\/ul>\n<a href=\"mailto:zlatko.panic@mojic.com?subject=Upit%20za%20Magnum%20MEC-23\" class=\"button secondary is-underline\" >\n\t\t<span>po\u0161alji upit<\/span>\n\t<\/a>\n\n\n\n\t\t<\/div>\n\t\t\t\t\n<style>\n#col-526557924 > .col-inner {\n  padding: 0px 0 0px 0px;\n}\n@media (min-width:550px) {\n  #col-526557924 > .col-inner {\n    padding: 0px 15% 0px 0px;\n  }\n}\n@media (min-width:850px) {\n  #col-526557924 > .col-inner {\n    padding: 0px 0px 0px 15%;\n  }\n}\n<\/style>\n\t<\/div>\n\n\t\n\n<\/div>\n<div class=\"row\"  id=\"row-824045647\">\n\n\n\t<div id=\"col-635153148\" class=\"col small-12 large-12\"  >\n\t\t\t\t<div class=\"col-inner text-center\"  >\n\t\t\t\n\t\t\t\n\n<a href=\"https:\/\/grafikamojic.com\/wp-content\/uploads\/2026\/01\/Magnum-MEC21-MEC46-MEC34-MEC23-Commercial-Electric-Binders-2018.pdf\" class=\"button primary\" style=\"border-radius:99px;\">\n\t\t<span>tehni\u010dki list<\/span>\n\t<\/a>\n\n\n\n\t\t<\/div>\n\t\t\t\t\t<\/div>\n\n\t\n\n<\/div>\n\n\t\t<\/div>\n\n\t\t\n<style>\n#section_699428693 {\n  padding-top: 15px;\n  padding-bottom: 15px;\n}\n@media (min-width:550px) {\n  #section_699428693 {\n    padding-top: 30px;\n    padding-bottom: 30px;\n  }\n}\n@media (min-width:850px) {\n  #section_699428693 {\n    padding-top: 50px;\n    padding-bottom: 50px;\n  }\n}\n<\/style>\n\t<\/section>\n\t\n\n\t<section class=\"section\" id=\"section_243485227\">\n\t\t<div class=\"section-bg fill\" >\n\t\t\t\t\t\t\t\t\t\n\t\t\t\n\n\t\t<\/div>\n\n\t\t\n\n\t\t<div class=\"section-content relative\">\n\t\t\t\n\n<div class=\"row align-right\"  id=\"row-1871809071\">\n\n\n\t<div id=\"col-156503739\" class=\"col medium-9 small-12 large-9\"  >\n\t\t\t\t<div class=\"col-inner\"  >\n\t\t\t\n\t\t\t\n\n\n  <div class=\"banner has-hover\" id=\"banner-1566981661\">\n          <div class=\"banner-inner fill\">\n        <div class=\"banner-bg fill\" >\n            <img loading=\"lazy\" decoding=\"async\" width=\"700\" height=\"467\" src=\"https:\/\/grafikamojic.com\/wp-content\/uploads\/2025\/11\/easymount_air_03-OPT.jpg\" class=\"bg attachment-large size-large\" alt=\"\" \/>                                    \n                    <\/div>\n\t\t\n        <div class=\"banner-layers container\">\n            <div class=\"fill banner-link\"><\/div>            \n\n   <div id=\"text-box-120859301\" class=\"text-box banner-layer x50 md-x50 lg-x50 y50 md-y50 lg-y50 res-text\">\n                                <div class=\"text-box-content text dark\">\n              \n              <div class=\"text-inner text-center\">\n                  \n\n\n              <\/div>\n           <\/div>\n                            \n<style>\n#text-box-120859301 {\n  width: 60%;\n}\n#text-box-120859301 .text-box-content {\n  font-size: 100%;\n}\n@media (min-width:550px) {\n  #text-box-120859301 {\n    width: 60%;\n  }\n}\n<\/style>\n    <\/div>\n \n\n        <\/div>\n      <\/div>\n\n            \n<style>\n#banner-1566981661 {\n  padding-top: 300px;\n  background-color: rgba(255, 255, 255, 0);\n}\n@media (min-width:550px) {\n  #banner-1566981661 {\n    padding-top: 500px;\n  }\n}\n<\/style>\n  <\/div>\n\n\n\n\t\t<\/div>\n\t\t\t\t\n<style>\n#col-156503739 > .col-inner {\n  margin: 0px 0px -55px 0px;\n}\n<\/style>\n\t<\/div>\n\n\t\n\n<\/div>\n<div class=\"row\"  id=\"row-453242009\">\n\n\n\t<div id=\"col-1338130665\" class=\"col medium-7 small-12 large-6\"  >\n\t\t\t\t<div class=\"col-inner\" style=\"background-color:rgba(255, 255, 255, 0.9);\" >\n\t\t\t\n\t\t\t\n\n\t<div id=\"text-2243005843\" class=\"text\">\n\t\t\n\n<p>Gdje se Magnum MEC-23 koristi<\/p>\n\t\t\n<style>\n#text-2243005843 {\n  font-size: 1.25rem;\n}\n<\/style>\n\t<\/div>\n\t\n<ul>\n<li data-start=\"976\" data-end=\"1102\">\n<p data-start=\"978\" data-end=\"1102\">izradu izvje\u0161taja, poslovnih mapa, priru\u010dnika, godi\u0161njih knjiga i publikacija koje zahtijevaju uredan i profesionalan uvez<\/p>\n<\/li>\n<li data-start=\"1103\" data-end=\"1227\">\n<p data-start=\"1105\" data-end=\"1227\">komercijalne \u0161tamparije i zavr\u0161ne pogone koji trebaju srednji do ve\u0107i kapacitet uvezivanja bez izvo\u0111enja van proizvodnje<\/p>\n<\/li>\n<li data-start=\"1228\" data-end=\"1339\">\n<p data-start=\"1230\" data-end=\"1339\">situacije u kojima se tra\u017ei elektri\u010dni na\u010din rada radi smanjenja fizi\u010dkog napora i pove\u0107anja produktivnosti<\/p>\n<\/li>\n<\/ul>\n<a href=\"mailto:zlatko.panic@mojic.com?subject=Upit%20za%20Magnum%20MEC-23\" class=\"button secondary is-underline\" >\n\t\t<span>po\u0161alji upit<\/span>\n\t<\/a>\n\n\n\n\t\t<\/div>\n\t\t\t\t\n<style>\n#col-1338130665 > .col-inner {\n  padding: 30px 30px 20px 30px;\n  margin: 25px 0px 0px 0px;\n}\n@media (min-width:550px) {\n  #col-1338130665 > .col-inner {\n    padding: 10% 10% 8% 10%;\n    margin: -395px 0px 0px 0px;\n  }\n}\n<\/style>\n\t<\/div>\n\n\t\n\n<\/div>\n\n\t\t<\/div>\n\n\t\t\n<style>\n#section_243485227 {\n  padding-top: 50px;\n  padding-bottom: 50px;\n  background-color: rgb(247, 246, 242);\n}\n@media (min-width:850px) {\n  #section_243485227 {\n    padding-top: 80px;\n    padding-bottom: 80px;\n  }\n}\n<\/style>\n\t<\/section>\n\t\n\t<div class=\"ux-menu stack stack-col justify-start floating-menu ux-menu--divider-solid hide-for-small\">\n\t\t\n\n\t<div class=\"ux-menu-link flex menu-item\">\n\t\t<a class=\"ux-menu-link__link flex\" href=\"https:\/\/grafikamojic.com\/sr\/mec21\/\" >\n\t\t\t\t\t\t<span class=\"ux-menu-link__text\">\n\t\t\t\tMEC-21\t\t\t<\/span>\n\t\t<\/a>\n\t<\/div>\n\t\n\n\t<div class=\"ux-menu-link flex menu-item\">\n\t\t<a class=\"ux-menu-link__link flex\" href=\"https:\/\/grafikamojic.com\/sr\/mec-23\/\" >\n\t\t\t\t\t\t<span class=\"ux-menu-link__text\">\n\t\t\t\tMEC-34\t\t\t<\/span>\n\t\t<\/a>\n\t<\/div>\n\t\n\n\n\t<\/div>\n\t\n\n","protected":false},"excerpt":{"rendered":"","protected":false},"author":2,"featured_media":0,"parent":0,"menu_order":0,"comment_status":"closed","ping_status":"closed","template":"","meta":{"footnotes":""},"class_list":["post-3400","page","type-page","status-publish","hentry"],"yoast_head":"<!-- This site is optimized with the Yoast SEO plugin v27.4 - https:\/\/yoast.com\/product\/yoast-seo-wordpress\/ -->\n<title>MEC-23<\/title>\n<meta name=\"robots\" content=\"index, follow, max-snippet:-1, max-image-preview:large, max-video-preview:-1\" \/>\n<link rel=\"canonical\" href=\"https:\/\/grafikamojic.com\/sr\/mec-34\/\" \/>\n<meta property=\"og:locale\" content=\"sr_RS\" \/>\n<meta property=\"og:locale:alternate\" content=\"en_US\" \/>\n<meta property=\"og:locale:alternate\" content=\"bs_BA\" \/>\n<meta property=\"og:locale:alternate\" content=\"hr_HR\" \/>\n<meta property=\"og:locale:alternate\" content=\"sq_SQ\" \/>\n<meta property=\"og:type\" content=\"article\" \/>\n<meta property=\"og:title\" content=\"MEC-23\" \/>\n<meta property=\"og:url\" content=\"https:\/\/grafikamojic.com\/sr\/mec-34\/\" \/>\n<meta property=\"og:site_name\" content=\"Grafi\u010dke ma\u0161ine i repromaterijali\" \/>\n<meta property=\"article:modified_time\" content=\"2026-01-30T14:49:40+00:00\" \/>\n<meta name=\"twitter:card\" content=\"summary_large_image\" \/>\n<meta name=\"twitter:label1\" content=\"\u041f\u0440\u043e\u0446\u0435\u045a\u0435\u043d\u043e \u0432\u0440\u0435\u043c\u0435 \u0447\u0438\u0442\u0430\u045a\u0430\" \/>\n\t<meta name=\"twitter:data1\" content=\"3 \u043c\u0438\u043d\u0443\u0442\u0430\" \/>\n<script type=\"application\/ld+json\" class=\"yoast-schema-graph\">{\"@context\":\"https:\\\/\\\/schema.org\",\"@graph\":[{\"@type\":\"WebPage\",\"@id\":\"https:\\\/\\\/grafikamojic.com\\\/mec-34\\\/\",\"url\":\"https:\\\/\\\/grafikamojic.com\\\/mec-34\\\/\",\"name\":\"MEC-23\",\"isPartOf\":{\"@id\":\"https:\\\/\\\/grafikamojic.com\\\/#website\"},\"datePublished\":\"2025-11-15T12:51:23+00:00\",\"dateModified\":\"2026-01-30T14:49:40+00:00\",\"breadcrumb\":{\"@id\":\"https:\\\/\\\/grafikamojic.com\\\/mec-34\\\/#breadcrumb\"},\"inLanguage\":\"sr-RS\",\"potentialAction\":[{\"@type\":\"ReadAction\",\"target\":[\"https:\\\/\\\/grafikamojic.com\\\/mec-34\\\/\"]}]},{\"@type\":\"BreadcrumbList\",\"@id\":\"https:\\\/\\\/grafikamojic.com\\\/mec-34\\\/#breadcrumb\",\"itemListElement\":[{\"@type\":\"ListItem\",\"position\":1,\"name\":\"Home\",\"item\":\"https:\\\/\\\/grafikamojic.com\\\/\"},{\"@type\":\"ListItem\",\"position\":2,\"name\":\"MEC-23\"}]},{\"@type\":\"WebSite\",\"@id\":\"https:\\\/\\\/grafikamojic.com\\\/#website\",\"url\":\"https:\\\/\\\/grafikamojic.com\\\/\",\"name\":\"Grafika i laseri\",\"description\":\"\",\"potentialAction\":[{\"@type\":\"SearchAction\",\"target\":{\"@type\":\"EntryPoint\",\"urlTemplate\":\"https:\\\/\\\/grafikamojic.com\\\/?s={search_term_string}\"},\"query-input\":{\"@type\":\"PropertyValueSpecification\",\"valueRequired\":true,\"valueName\":\"search_term_string\"}}],\"inLanguage\":\"sr-RS\"}]}<\/script>\n<!-- \/ Yoast SEO plugin. -->","yoast_head_json":{"title":"MEC-23","robots":{"index":"index","follow":"follow","max-snippet":"max-snippet:-1","max-image-preview":"max-image-preview:large","max-video-preview":"max-video-preview:-1"},"canonical":"https:\/\/grafikamojic.com\/sr\/mec-34\/","og_locale":"sr_RS","og_type":"article","og_title":"[:bs]MEC-23[:] - Grafi\u010dke ma\u0161ine i repromaterijali","og_url":"https:\/\/grafikamojic.com\/sr\/mec-34\/","og_site_name":"Grafi\u010dke ma\u0161ine i repromaterijali","article_modified_time":"2026-01-30T14:49:40+00:00","twitter_card":"summary_large_image","twitter_misc":{"\u041f\u0440\u043e\u0446\u0435\u045a\u0435\u043d\u043e \u0432\u0440\u0435\u043c\u0435 \u0447\u0438\u0442\u0430\u045a\u0430":"3 \u043c\u0438\u043d\u0443\u0442\u0430"},"schema":{"@context":"https:\/\/schema.org","@graph":[{"@type":"WebPage","@id":"https:\/\/grafikamojic.com\/mec-34\/","url":"https:\/\/grafikamojic.com\/mec-34\/","name":"MEC-23","isPartOf":{"@id":"https:\/\/grafikamojic.com\/#website"},"datePublished":"2025-11-15T12:51:23+00:00","dateModified":"2026-01-30T14:49:40+00:00","breadcrumb":{"@id":"https:\/\/grafikamojic.com\/mec-34\/#breadcrumb"},"inLanguage":"sr-RS","potentialAction":[{"@type":"ReadAction","target":["https:\/\/grafikamojic.com\/mec-34\/"]}]},{"@type":"BreadcrumbList","@id":"https:\/\/grafikamojic.com\/mec-34\/#breadcrumb","itemListElement":[{"@type":"ListItem","position":1,"name":"Home","item":"https:\/\/grafikamojic.com\/"},{"@type":"ListItem","position":2,"name":"MEC-23"}]},{"@type":"WebSite","@id":"https:\/\/grafikamojic.com\/#website","url":"https:\/\/grafikamojic.com\/","name":"Grafika i laseri","description":"","potentialAction":[{"@type":"SearchAction","target":{"@type":"EntryPoint","urlTemplate":"https:\/\/grafikamojic.com\/?s={search_term_string}"},"query-input":{"@type":"PropertyValueSpecification","valueRequired":true,"valueName":"search_term_string"}}],"inLanguage":"sr-RS"}]}},"_links":{"self":[{"href":"https:\/\/grafikamojic.com\/sr\/wp-json\/wp\/v2\/pages\/3400","targetHints":{"allow":["GET"]}}],"collection":[{"href":"https:\/\/grafikamojic.com\/sr\/wp-json\/wp\/v2\/pages"}],"about":[{"href":"https:\/\/grafikamojic.com\/sr\/wp-json\/wp\/v2\/types\/page"}],"author":[{"embeddable":true,"href":"https:\/\/grafikamojic.com\/sr\/wp-json\/wp\/v2\/users\/2"}],"replies":[{"embeddable":true,"href":"https:\/\/grafikamojic.com\/sr\/wp-json\/wp\/v2\/comments?post=3400"}],"version-history":[{"count":7,"href":"https:\/\/grafikamojic.com\/sr\/wp-json\/wp\/v2\/pages\/3400\/revisions"}],"predecessor-version":[{"id":5159,"href":"https:\/\/grafikamojic.com\/sr\/wp-json\/wp\/v2\/pages\/3400\/revisions\/5159"}],"wp:attachment":[{"href":"https:\/\/grafikamojic.com\/sr\/wp-json\/wp\/v2\/media?parent=3400"}],"curies":[{"name":"wp","href":"https:\/\/api.w.org\/{rel}","templated":true}]}}