{"id":3256,"date":"2025-11-11T09:43:58","date_gmt":"2025-11-11T08:43:58","guid":{"rendered":"https:\/\/grafikamojic.com\/?page_id=3256"},"modified":"2025-11-11T09:46:51","modified_gmt":"2025-11-11T08:46:51","slug":"mx-370mp","status":"publish","type":"page","link":"https:\/\/grafikamojic.com\/sr\/mx-370mp\/","title":{"rendered":"MX-370MP"},"content":{"rendered":"\n<h1 class=\"thin-font\">Matrix MX-370MP &#8211; brzina i kvalitet u jednoj ma\u0161ini<\/h1>\n\n\t<section class=\"section\" id=\"section_111134963\">\n\t\t<div class=\"section-bg fill\" >\n\t\t\t\t\t\t\t\t\t\n\t\t\t\n\n\t\t<\/div>\n\n\t\t\n\n\t\t<div class=\"section-content relative\">\n\t\t\t\n\n<div class=\"row align-right\"  id=\"row-674113196\">\n\n\n\t<div id=\"col-619951767\" class=\"col medium-12 small-12 large-11\"  >\n\t\t\t\t<div class=\"col-inner\"  >\n\t\t\t\n\t\t\t\n\n\n  <div class=\"banner has-hover\" id=\"banner-722034004\">\n          <div class=\"banner-inner fill\">\n        <div class=\"banner-bg fill\" >\n            <img loading=\"lazy\" decoding=\"async\" width=\"1020\" height=\"628\" src=\"https:\/\/grafikamojic.com\/wp-content\/uploads\/2025\/11\/MX-370MP-01-1300x800.jpg\" class=\"bg attachment-large size-large\" alt=\"\" \/>                                    \n                    <\/div>\n\t\t\n        <div class=\"banner-layers container\">\n            <div class=\"fill banner-link\"><\/div>            \n\n   <div id=\"text-box-1728370844\" class=\"text-box banner-layer x50 md-x50 lg-x50 y50 md-y50 lg-y50 res-text\">\n                                <div class=\"text-box-content text dark\">\n              \n              <div class=\"text-inner text-center\">\n                  \n\n\n              <\/div>\n           <\/div>\n                            \n<style>\n#text-box-1728370844 {\n  width: 60%;\n}\n#text-box-1728370844 .text-box-content {\n  font-size: 100%;\n}\n<\/style>\n    <\/div>\n \n\n        <\/div>\n      <\/div>\n\n            \n<style>\n#banner-722034004 {\n  padding-top: 300px;\n  background-color: rgba(255, 255, 255, 0);\n}\n@media (min-width:550px) {\n  #banner-722034004 {\n    padding-top: 550px;\n  }\n}\n<\/style>\n  <\/div>\n\n\n\n\t\t<\/div>\n\t\t\t\t\t<\/div>\n\n\t\n\n<\/div>\n<div class=\"row\"  id=\"row-1830356061\">\n\n\n\t<div id=\"col-1229773599\" class=\"col medium-7 small-12 large-5\"  >\n\t\t\t\t<div class=\"col-inner\" style=\"background-color:rgba(255, 255, 255, 0.9);\" >\n\t\t\t\n\t\t\t\n\n\t<div id=\"text-1456080505\" class=\"text\">\n\t\t\n\n<p>Matrix MX-370MP<\/p>\n\t\t\n<style>\n#text-1456080505 {\n  font-size: 2.5rem;\n  line-height: 1.15;\n}\n<\/style>\n\t<\/div>\n\t\n<p>Pneumatski valjci osiguravaju visok pritisak i precizne rezultate kod primjene foliotiska<\/p>\n<a href=\"mailto:zlatko.panic@mojic.com?subject=Upit%20za%20Matrix%20MX-370MP\" class=\"button secondary is-underline\" >\n\t\t<span>PO\u0160ALJI UPIT<\/span>\n\t<\/a>\n\n\n\n\t\t<\/div>\n\t\t\t\t\n<style>\n#col-1229773599 > .col-inner {\n  padding: 0px 0px 0 0px;\n  margin: 0-20px 0px 0px 0px;\n}\n@media (min-width:550px) {\n  #col-1229773599 > .col-inner {\n    padding: 8% 5% 5% 5%;\n    margin: -230px 0px 0px 40px;\n  }\n}\n@media (min-width:850px) {\n  #col-1229773599 > .col-inner {\n    padding: 8% 5% 5% 0;\n    margin: -465px 0px 0px 0px;\n  }\n}\n<\/style>\n\t<\/div>\n\n\t\n\n<\/div>\n\t<div id=\"text-1053538827\" class=\"text\">\n\t\t\n\n<p>Matrix MX-370MP je napredni profesionalni ure\u0111aj za <strong data-start=\"101\" data-end=\"115\">foliotisak<\/strong> i laminaciju, sa pneumatskim valjcima, namijenjen digitalnim produkcijama i \u0161tamparijama koje \u017eele visokokvalitetne zavr\u0161ne efekte poput foliotiska i spot-UV-a. Ure\u0111aj omogu\u0107ava preciznu kontrolu temperature i pritiska, te rad sa razli\u010ditim materijalima \u2013 lakim i te\u0161kim podlogama.<\/p>\n\t\t\n<style>\n#text-1053538827 {\n  text-align: center;\n}\n<\/style>\n\t<\/div>\n\t\n\n\t\t<\/div>\n\n\t\t\n<style>\n#section_111134963 {\n  padding-top: 30px;\n  padding-bottom: 30px;\n  margin-bottom: -40px;\n  min-height: 0px;\n}\n@media (min-width:850px) {\n  #section_111134963 {\n    padding-top: 70px;\n    padding-bottom: 70px;\n  }\n}\n<\/style>\n\t<\/section>\n\t\n\n\t<section class=\"section\" id=\"section_2061512273\">\n\t\t<div class=\"section-bg fill\" >\n\t\t\t\t\t\t\t\t\t\n\t\t\t\n\n\t\t<\/div>\n\n\t\t\n\n\t\t<div class=\"section-content relative\">\n\t\t\t\n\n\t<div id=\"gap-1537521933\" class=\"gap-element clearfix\" style=\"display:block; height:auto;\">\n\t\t\n<style>\n#gap-1537521933 {\n  padding-top: 30px;\n}\n<\/style>\n\t<\/div>\n\t\n\n<div class=\"row align-middle\"  id=\"row-940533696\">\n\n\n\t<div id=\"col-146090366\" class=\"col medium-12 small-12 large-6\"  >\n\t\t\t\t<div class=\"col-inner\"  >\n\t\t\t\n\t\t\t\n\n\n  <div class=\"banner has-hover\" id=\"banner-603823512\">\n          <div class=\"banner-inner fill\">\n        <div class=\"banner-bg fill\" >\n            <img loading=\"lazy\" decoding=\"async\" width=\"800\" height=\"785\" src=\"https:\/\/grafikamojic.com\/wp-content\/uploads\/2025\/11\/MX-370MP_300dpi_no_shaddow_darkend_guard.png\" class=\"bg attachment-large size-large\" alt=\"\" \/>                                    \n                    <\/div>\n\t\t\n        <div class=\"banner-layers container\">\n            <div class=\"fill banner-link\"><\/div>            \n\n   <div id=\"text-box-1423985978\" class=\"text-box banner-layer x50 md-x50 lg-x50 y50 md-y50 lg-y50 res-text\">\n                                <div class=\"text-box-content text dark\">\n              \n              <div class=\"text-inner text-center\">\n                  \n\n\n              <\/div>\n           <\/div>\n                            \n<style>\n#text-box-1423985978 {\n  width: 60%;\n}\n#text-box-1423985978 .text-box-content {\n  font-size: 100%;\n}\n@media (min-width:550px) {\n  #text-box-1423985978 {\n    width: 60%;\n  }\n}\n<\/style>\n    <\/div>\n \n\n        <\/div>\n      <\/div>\n\n            \n<style>\n#banner-603823512 {\n  padding-top: 300px;\n  background-color: rgba(255, 255, 255, 0);\n}\n#banner-603823512 .banner-bg img {\n  object-position: 42% 50%;\n}\n@media (min-width:550px) {\n  #banner-603823512 {\n    padding-top: 375px;\n  }\n}\n@media (min-width:850px) {\n  #banner-603823512 {\n    padding-top: 536px;\n  }\n}\n<\/style>\n  <\/div>\n\n\n\n\t\t<\/div>\n\t\t\t\t\t<\/div>\n\n\t\n\n\t<div id=\"col-1865103755\" class=\"col medium-12 small-12 large-6\"  >\n\t\t\t\t<div class=\"col-inner\"  >\n\t\t\t\n\t\t\t\n\n\t<div id=\"gap-1538212715\" class=\"gap-element clearfix\" style=\"display:block; height:auto;\">\n\t\t\n<style>\n#gap-1538212715 {\n  padding-top: 0px;\n}\n@media (min-width:850px) {\n  #gap-1538212715 {\n    padding-top: 30px;\n  }\n}\n<\/style>\n\t<\/div>\n\t\n\n\t<div id=\"text-4174919924\" class=\"text\">\n\t\t\n\n<p>Za\u0161to MX-370MP<\/p>\n\t\t\n<style>\n#text-4174919924 {\n  font-size: 1.25rem;\n}\n<\/style>\n\t<\/div>\n\t\n<ul>\n<li data-start=\"433\" data-end=\"473\">\n<p data-start=\"435\" data-end=\"473\">Maksimalna \u0161irina folije: <strong data-start=\"461\" data-end=\"471\">340 mm<\/strong><\/p>\n<\/li>\n<li data-start=\"474\" data-end=\"523\">\n<p data-start=\"476\" data-end=\"523\">Maksimalna \u0161irina lista za obradu: <strong data-start=\"511\" data-end=\"521\">420 mm<\/strong><\/p>\n<\/li>\n<li data-start=\"524\" data-end=\"561\">\n<p data-start=\"526\" data-end=\"561\">Brzina rada: <strong data-start=\"539\" data-end=\"559\">do 10 000 mm\/min<\/strong><\/p>\n<\/li>\n<li data-start=\"562\" data-end=\"604\">\n<p data-start=\"564\" data-end=\"604\">Temperaturni raspon: <strong data-start=\"585\" data-end=\"602\">0 \u00b0C \u2013 140 \u00b0C<\/strong><\/p>\n<\/li>\n<li data-start=\"605\" data-end=\"648\">\n<p data-start=\"607\" data-end=\"648\">Vrijeme zagrijavanja: <strong data-start=\"629\" data-end=\"646\">oko 10 minuta<\/strong><\/p>\n<\/li>\n<li data-start=\"649\" data-end=\"691\">\n<p data-start=\"651\" data-end=\"691\">Sistem pritiska: <strong data-start=\"668\" data-end=\"689\">pneumatski valjci<\/strong><\/p>\n<\/li>\n<li data-start=\"692\" data-end=\"737\">\n<p data-start=\"694\" data-end=\"737\">Kontrola: <strong data-start=\"704\" data-end=\"735\">digitalni upravlja\u010dki panel<\/strong><\/p>\n<\/li>\n<\/ul>\n<a href=\"mailto:zlatko.panic@mojic.com?subject=Upit%20za%20Matrix%20MX-370MP\" class=\"button secondary is-underline\" >\n\t\t<span>po\u0161alji upit<\/span>\n\t<\/a>\n\n\n\n\t\t<\/div>\n\t\t\t\t\n<style>\n#col-1865103755 > .col-inner {\n  padding: 0px 0 0px 0px;\n}\n@media (min-width:550px) {\n  #col-1865103755 > .col-inner {\n    padding: 0px 15% 0px 0px;\n  }\n}\n@media (min-width:850px) {\n  #col-1865103755 > .col-inner {\n    padding: 0px 0px 0px 15%;\n  }\n}\n<\/style>\n\t<\/div>\n\n\t\n\n<\/div>\n\n\t\t<\/div>\n\n\t\t\n<style>\n#section_2061512273 {\n  padding-top: 15px;\n  padding-bottom: 15px;\n}\n@media (min-width:550px) {\n  #section_2061512273 {\n    padding-top: 30px;\n    padding-bottom: 30px;\n  }\n}\n@media (min-width:850px) {\n  #section_2061512273 {\n    padding-top: 50px;\n    padding-bottom: 50px;\n  }\n}\n<\/style>\n\t<\/section>\n\t\n\n\t<section class=\"section\" id=\"section_1891660506\">\n\t\t<div class=\"section-bg fill\" >\n\t\t\t\t\t\t\t\t\t\n\t\t\t\n\n\t\t<\/div>\n\n\t\t\n\n\t\t<div class=\"section-content relative\">\n\t\t\t\n\n<div class=\"row align-right\"  id=\"row-1969970923\">\n\n\n\t<div id=\"col-467318133\" class=\"col medium-9 small-12 large-9\"  >\n\t\t\t\t<div class=\"col-inner\"  >\n\t\t\t\n\t\t\t\n\n\n  <div class=\"banner has-hover\" id=\"banner-88180590\">\n          <div class=\"banner-inner fill\">\n        <div class=\"banner-bg fill\" >\n            <img loading=\"lazy\" decoding=\"async\" width=\"700\" height=\"467\" src=\"https:\/\/grafikamojic.com\/wp-content\/uploads\/2025\/11\/easymount_air_03-OPT.jpg\" class=\"bg attachment-large size-large\" alt=\"\" \/>                                    \n                    <\/div>\n\t\t\n        <div class=\"banner-layers container\">\n            <div class=\"fill banner-link\"><\/div>            \n\n   <div id=\"text-box-1250697364\" class=\"text-box banner-layer x50 md-x50 lg-x50 y50 md-y50 lg-y50 res-text\">\n                                <div class=\"text-box-content text dark\">\n              \n              <div class=\"text-inner text-center\">\n                  \n\n\n              <\/div>\n           <\/div>\n                            \n<style>\n#text-box-1250697364 {\n  width: 60%;\n}\n#text-box-1250697364 .text-box-content {\n  font-size: 100%;\n}\n@media (min-width:550px) {\n  #text-box-1250697364 {\n    width: 60%;\n  }\n}\n<\/style>\n    <\/div>\n \n\n        <\/div>\n      <\/div>\n\n            \n<style>\n#banner-88180590 {\n  padding-top: 300px;\n  background-color: rgba(255, 255, 255, 0);\n}\n@media (min-width:550px) {\n  #banner-88180590 {\n    padding-top: 500px;\n  }\n}\n<\/style>\n  <\/div>\n\n\n\n\t\t<\/div>\n\t\t\t\t\n<style>\n#col-467318133 > .col-inner {\n  margin: 0px 0px -55px 0px;\n}\n<\/style>\n\t<\/div>\n\n\t\n\n<\/div>\n<div class=\"row\"  id=\"row-463257461\">\n\n\n\t<div id=\"col-1661465752\" class=\"col medium-7 small-12 large-6\"  >\n\t\t\t\t<div class=\"col-inner\" style=\"background-color:rgba(255, 255, 255, 0.9);\" >\n\t\t\t\n\t\t\t\n\n\t<div id=\"text-340977049\" class=\"text\">\n\t\t\n\n<p>Gdje se MX-370MP<\/p>\n\t\t\n<style>\n#text-340977049 {\n  font-size: 1.25rem;\n}\n<\/style>\n\t<\/div>\n\t\n<ul>\n<li data-start=\"914\" data-end=\"1003\">\n<p data-start=\"916\" data-end=\"1003\">primjenu foliotiska i spot-UV efekata na bro\u0161urama, menijima, koricama i vizitkartama<\/p>\n<\/li>\n<li data-start=\"1004\" data-end=\"1053\">\n<p data-start=\"1006\" data-end=\"1053\">laminaciju i za\u0161titu otisaka srednjih formata<\/p>\n<\/li>\n<li data-start=\"1054\" data-end=\"1172\">\n<p data-start=\"1056\" data-end=\"1172\">produkcije koje \u017eele integrisati zavr\u0161nu obradu visokog kvaliteta u vlastiti pogon bez anga\u017eovanja vanjskih usluga<\/p>\n<\/li>\n<\/ul>\n<a href=\"mailto:zlatko.panic@mojic.com?subject=Upit%20za%20Matrix%20MX-370MP\" class=\"button secondary is-underline\" >\n\t\t<span>po\u0161alji upit<\/span>\n\t<\/a>\n\n\n\n\t\t<\/div>\n\t\t\t\t\n<style>\n#col-1661465752 > .col-inner {\n  padding: 30px 30px 20px 30px;\n  margin: 25px 0px 0px 0px;\n}\n@media (min-width:550px) {\n  #col-1661465752 > .col-inner {\n    padding: 10% 10% 8% 10%;\n    margin: -395px 0px 0px 0px;\n  }\n}\n<\/style>\n\t<\/div>\n\n\t\n\n<\/div>\n\n\t\t<\/div>\n\n\t\t\n<style>\n#section_1891660506 {\n  padding-top: 50px;\n  padding-bottom: 50px;\n  background-color: rgb(247, 246, 242);\n}\n@media (min-width:850px) {\n  #section_1891660506 {\n    padding-top: 80px;\n    padding-bottom: 80px;\n  }\n}\n<\/style>\n\t<\/section>\n\t\n\n","protected":false},"excerpt":{"rendered":"","protected":false},"author":2,"featured_media":0,"parent":0,"menu_order":0,"comment_status":"closed","ping_status":"closed","template":"","meta":{"footnotes":""},"class_list":["post-3256","page","type-page","status-publish","hentry"],"yoast_head":"<!-- This site is optimized with the Yoast SEO plugin v27.4 - https:\/\/yoast.com\/product\/yoast-seo-wordpress\/ -->\n<title>MX-370MP - Grafi\u010dke ma\u0161ine i repromaterijali<\/title>\n<meta name=\"robots\" content=\"index, follow, max-snippet:-1, max-image-preview:large, max-video-preview:-1\" \/>\n<link rel=\"canonical\" href=\"https:\/\/grafikamojic.com\/sr\/mx-370mp\/\" \/>\n<meta property=\"og:locale\" content=\"sr_RS\" \/>\n<meta property=\"og:locale:alternate\" content=\"en_US\" \/>\n<meta property=\"og:locale:alternate\" content=\"bs_BA\" \/>\n<meta property=\"og:locale:alternate\" content=\"hr_HR\" \/>\n<meta property=\"og:locale:alternate\" content=\"sq_SQ\" \/>\n<meta property=\"og:type\" content=\"article\" \/>\n<meta property=\"og:title\" content=\"MX-370MP - Grafi\u010dke ma\u0161ine i repromaterijali\" \/>\n<meta property=\"og:url\" content=\"https:\/\/grafikamojic.com\/sr\/mx-370mp\/\" \/>\n<meta property=\"og:site_name\" content=\"Grafi\u010dke ma\u0161ine i repromaterijali\" \/>\n<meta property=\"article:modified_time\" content=\"2025-11-11T08:46:51+00:00\" \/>\n<meta name=\"twitter:card\" content=\"summary_large_image\" \/>\n<meta name=\"twitter:label1\" content=\"\u041f\u0440\u043e\u0446\u0435\u045a\u0435\u043d\u043e \u0432\u0440\u0435\u043c\u0435 \u0447\u0438\u0442\u0430\u045a\u0430\" \/>\n\t<meta name=\"twitter:data1\" content=\"2 \u043c\u0438\u043d\u0443\u0442\u0430\" \/>\n<script type=\"application\/ld+json\" class=\"yoast-schema-graph\">{\"@context\":\"https:\\\/\\\/schema.org\",\"@graph\":[{\"@type\":\"WebPage\",\"@id\":\"https:\\\/\\\/grafikamojic.com\\\/mx-370mp\\\/\",\"url\":\"https:\\\/\\\/grafikamojic.com\\\/mx-370mp\\\/\",\"name\":\"MX-370MP - Grafi\u010dke ma\u0161ine i repromaterijali\",\"isPartOf\":{\"@id\":\"https:\\\/\\\/grafikamojic.com\\\/#website\"},\"datePublished\":\"2025-11-11T08:43:58+00:00\",\"dateModified\":\"2025-11-11T08:46:51+00:00\",\"breadcrumb\":{\"@id\":\"https:\\\/\\\/grafikamojic.com\\\/mx-370mp\\\/#breadcrumb\"},\"inLanguage\":\"sr-RS\",\"potentialAction\":[{\"@type\":\"ReadAction\",\"target\":[\"https:\\\/\\\/grafikamojic.com\\\/mx-370mp\\\/\"]}]},{\"@type\":\"BreadcrumbList\",\"@id\":\"https:\\\/\\\/grafikamojic.com\\\/mx-370mp\\\/#breadcrumb\",\"itemListElement\":[{\"@type\":\"ListItem\",\"position\":1,\"name\":\"Home\",\"item\":\"https:\\\/\\\/grafikamojic.com\\\/\"},{\"@type\":\"ListItem\",\"position\":2,\"name\":\"MX-370MP\"}]},{\"@type\":\"WebSite\",\"@id\":\"https:\\\/\\\/grafikamojic.com\\\/#website\",\"url\":\"https:\\\/\\\/grafikamojic.com\\\/\",\"name\":\"Grafika i laseri\",\"description\":\"\",\"potentialAction\":[{\"@type\":\"SearchAction\",\"target\":{\"@type\":\"EntryPoint\",\"urlTemplate\":\"https:\\\/\\\/grafikamojic.com\\\/?s={search_term_string}\"},\"query-input\":{\"@type\":\"PropertyValueSpecification\",\"valueRequired\":true,\"valueName\":\"search_term_string\"}}],\"inLanguage\":\"sr-RS\"}]}<\/script>\n<!-- \/ Yoast SEO plugin. -->","yoast_head_json":{"title":"MX-370MP - Grafi\u010dke ma\u0161ine i repromaterijali","robots":{"index":"index","follow":"follow","max-snippet":"max-snippet:-1","max-image-preview":"max-image-preview:large","max-video-preview":"max-video-preview:-1"},"canonical":"https:\/\/grafikamojic.com\/sr\/mx-370mp\/","og_locale":"sr_RS","og_type":"article","og_title":"MX-370MP - Grafi\u010dke ma\u0161ine i repromaterijali","og_url":"https:\/\/grafikamojic.com\/sr\/mx-370mp\/","og_site_name":"Grafi\u010dke ma\u0161ine i repromaterijali","article_modified_time":"2025-11-11T08:46:51+00:00","twitter_card":"summary_large_image","twitter_misc":{"\u041f\u0440\u043e\u0446\u0435\u045a\u0435\u043d\u043e \u0432\u0440\u0435\u043c\u0435 \u0447\u0438\u0442\u0430\u045a\u0430":"2 \u043c\u0438\u043d\u0443\u0442\u0430"},"schema":{"@context":"https:\/\/schema.org","@graph":[{"@type":"WebPage","@id":"https:\/\/grafikamojic.com\/mx-370mp\/","url":"https:\/\/grafikamojic.com\/mx-370mp\/","name":"MX-370MP - Grafi\u010dke ma\u0161ine i repromaterijali","isPartOf":{"@id":"https:\/\/grafikamojic.com\/#website"},"datePublished":"2025-11-11T08:43:58+00:00","dateModified":"2025-11-11T08:46:51+00:00","breadcrumb":{"@id":"https:\/\/grafikamojic.com\/mx-370mp\/#breadcrumb"},"inLanguage":"sr-RS","potentialAction":[{"@type":"ReadAction","target":["https:\/\/grafikamojic.com\/mx-370mp\/"]}]},{"@type":"BreadcrumbList","@id":"https:\/\/grafikamojic.com\/mx-370mp\/#breadcrumb","itemListElement":[{"@type":"ListItem","position":1,"name":"Home","item":"https:\/\/grafikamojic.com\/"},{"@type":"ListItem","position":2,"name":"MX-370MP"}]},{"@type":"WebSite","@id":"https:\/\/grafikamojic.com\/#website","url":"https:\/\/grafikamojic.com\/","name":"Grafika i laseri","description":"","potentialAction":[{"@type":"SearchAction","target":{"@type":"EntryPoint","urlTemplate":"https:\/\/grafikamojic.com\/?s={search_term_string}"},"query-input":{"@type":"PropertyValueSpecification","valueRequired":true,"valueName":"search_term_string"}}],"inLanguage":"sr-RS"}]}},"_links":{"self":[{"href":"https:\/\/grafikamojic.com\/sr\/wp-json\/wp\/v2\/pages\/3256","targetHints":{"allow":["GET"]}}],"collection":[{"href":"https:\/\/grafikamojic.com\/sr\/wp-json\/wp\/v2\/pages"}],"about":[{"href":"https:\/\/grafikamojic.com\/sr\/wp-json\/wp\/v2\/types\/page"}],"author":[{"embeddable":true,"href":"https:\/\/grafikamojic.com\/sr\/wp-json\/wp\/v2\/users\/2"}],"replies":[{"embeddable":true,"href":"https:\/\/grafikamojic.com\/sr\/wp-json\/wp\/v2\/comments?post=3256"}],"version-history":[{"count":3,"href":"https:\/\/grafikamojic.com\/sr\/wp-json\/wp\/v2\/pages\/3256\/revisions"}],"predecessor-version":[{"id":3261,"href":"https:\/\/grafikamojic.com\/sr\/wp-json\/wp\/v2\/pages\/3256\/revisions\/3261"}],"wp:attachment":[{"href":"https:\/\/grafikamojic.com\/sr\/wp-json\/wp\/v2\/media?parent=3256"}],"curies":[{"name":"wp","href":"https:\/\/api.w.org\/{rel}","templated":true}]}}