{"id":852,"date":"2025-06-16T12:10:17","date_gmt":"2025-06-16T10:10:17","guid":{"rendered":"https:\/\/grafikamojic.com\/?page_id=852"},"modified":"2026-01-30T12:19:45","modified_gmt":"2026-01-30T11:19:45","slug":"trotec-speedy-100-co2-laser-za-graviranje-i-sjecenje","status":"publish","type":"page","link":"https:\/\/grafikamojic.com\/sq\/trotec-speedy-100-co2-laser-za-graviranje-i-sjecenje\/","title":{"rendered":"Speedy 100 | CO2 laser 610&#215;305"},"content":{"rendered":"\n<h2 class=\"thin-font\">Trotec Speedy 100 \u2013 Pouzdan CO\u2082 laser za preciznu i brzu obradu<\/h2>\n\n\t<section class=\"section\" id=\"section_735813646\">\n\t\t<div class=\"section-bg fill\" >\n\t\t\t\t\t\t\t\t\t\n\t\t\t\n\n\t\t<\/div>\n\n\t\t\n\n\t\t<div class=\"section-content relative\">\n\t\t\t\n\n<div class=\"row align-right\"  id=\"row-1950280980\">\n\n\n\t<div id=\"col-797787454\" class=\"col medium-12 small-12 large-11\"  >\n\t\t\t\t<div class=\"col-inner\"  >\n\t\t\t\n\t\t\t\n\n\n  <div class=\"banner has-hover\" id=\"banner-1078468859\">\n          <div class=\"banner-inner fill\">\n        <div class=\"banner-bg fill\" >\n            <img loading=\"lazy\" decoding=\"async\" width=\"1020\" height=\"628\" src=\"https:\/\/grafikamojic.com\/wp-content\/uploads\/2025\/06\/baneri_priprema-Recovered-02-1299x800.png\" class=\"bg attachment-large size-large\" alt=\"\" \/>                                    \n                    <\/div>\n\t\t\n        <div class=\"banner-layers container\">\n            <div class=\"fill banner-link\"><\/div>            \n\n   <div id=\"text-box-880637055\" class=\"text-box banner-layer x50 md-x50 lg-x50 y50 md-y50 lg-y50 res-text\">\n                                <div class=\"text-box-content text dark\">\n              \n              <div class=\"text-inner text-center\">\n                  \n\n\n              <\/div>\n           <\/div>\n                            \n<style>\n#text-box-880637055 {\n  width: 60%;\n}\n#text-box-880637055 .text-box-content {\n  font-size: 100%;\n}\n<\/style>\n    <\/div>\n \n\n        <\/div>\n      <\/div>\n\n            \n<style>\n#banner-1078468859 {\n  padding-top: 300px;\n  background-color: rgba(255, 255, 255, 0);\n}\n@media (min-width:550px) {\n  #banner-1078468859 {\n    padding-top: 550px;\n  }\n}\n<\/style>\n  <\/div>\n\n\n\n\t\t<\/div>\n\t\t\t\t\t<\/div>\n\n\t\n\n<\/div>\n<div class=\"row\"  id=\"row-182219108\">\n\n\n\t<div id=\"col-1256543857\" class=\"col medium-7 small-12 large-5\"  >\n\t\t\t\t<div class=\"col-inner\" style=\"background-color:rgba(255, 255, 255, 0.9);\" >\n\t\t\t\n\t\t\t\n\n\t<div id=\"text-2139137271\" class=\"text\">\n\t\t\n\nSpeedy 100\n\t\t\n<style>\n#text-2139137271 {\n  font-size: 2.5rem;\n  line-height: 1.15;\n}\n<\/style>\n\t<\/div>\n\t\n<p>Idealna ma\u0161ina kako za po\u010detnike tako i za profesionalce.<\/p>\n<a href=\"mailto:zlatko.panic@mojic.com?subject=Upit%20za%20Speedy%20100\" class=\"button secondary is-underline\" >\n\t\t<span>PO\u0161alji upit<\/span>\n\t<\/a>\n\n\n\n\t\t<\/div>\n\t\t\t\t\n<style>\n#col-1256543857 > .col-inner {\n  padding: 0px 0px 0 0px;\n  margin: 0-20px 0px 0px 0px;\n}\n@media (min-width:550px) {\n  #col-1256543857 > .col-inner {\n    padding: 8% 5% 5% 5%;\n    margin: -230px 0px 0px 40px;\n  }\n}\n@media (min-width:850px) {\n  #col-1256543857 > .col-inner {\n    padding: 8% 5% 5% 0;\n    margin: -465px 0px 0px 0px;\n  }\n}\n<\/style>\n\t<\/div>\n\n\t\n\n<\/div>\n\n\t\t<\/div>\n\n\t\t\n<style>\n#section_735813646 {\n  padding-top: 30px;\n  padding-bottom: 30px;\n  margin-bottom: -40px;\n  min-height: 0px;\n}\n@media (min-width:850px) {\n  #section_735813646 {\n    padding-top: 70px;\n    padding-bottom: 70px;\n  }\n}\n<\/style>\n\t<\/section>\n\t\n\t<div id=\"text-1308316091\" class=\"text\">\n\t\t\n\n<p>Speedy 100 koristi InPack\u2122 tehnologiju, koja \u0161titi sve osjetljive komponente \u2013 so\u010diva, ogledala i motore \u2013 od pra\u0161ine i zaga\u0111enja. Zahvaljuju\u0107i ovoj za\u0161titi, laser zahtijeva minimalno odr\u017eavanje, a radni vijek klju\u010dnih dijelova je zna\u010dajno produ\u017een. CO\u2082 laserski izvor koristi CeramiCore\u00ae tehnologiju, poznatu po stabilnom snopu i izuzetnoj pouzdanosti.<\/p>\n<p>Ure\u0111aj je konstruisan u skladu sa CE i FDA standardima, a posjeduje sve sigurnosne mehanizme, uklju\u010duju\u0107i sigurnosni interlock, klju\u010d za kontrolu pristupa i taster za hitno zaustavljanje.<\/p>\n\t\t\n<style>\n#text-1308316091 {\n  text-align: left;\n}\n<\/style>\n\t<\/div>\n\t\n\n\t<section class=\"section\" id=\"section_1169054641\">\n\t\t<div class=\"section-bg fill\" >\n\t\t\t\t\t\t\t\t\t\n\t\t\t\n\n\t\t<\/div>\n\n\t\t\n\n\t\t<div class=\"section-content relative\">\n\t\t\t\n\n\t<div id=\"gap-199773735\" class=\"gap-element clearfix\" style=\"display:block; height:auto;\">\n\t\t\n<style>\n#gap-199773735 {\n  padding-top: 30px;\n}\n<\/style>\n\t<\/div>\n\t\n\n<div class=\"row align-middle\"  id=\"row-1571451145\">\n\n\n\t<div id=\"col-532571691\" class=\"col medium-12 small-12 large-7\"  >\n\t\t\t\t<div class=\"col-inner\"  >\n\t\t\t\n\t\t\t\n\n\n  <div class=\"banner has-hover\" id=\"banner-862015284\">\n          <div class=\"banner-inner fill\">\n        <div class=\"banner-bg fill\" >\n            <img loading=\"lazy\" decoding=\"async\" width=\"1020\" height=\"574\" src=\"https:\/\/grafikamojic.com\/wp-content\/uploads\/2025\/06\/Speedy_Atmos300_frontal-1400x788.jpg\" class=\"bg attachment-large size-large\" alt=\"\" \/>                                    \n                    <\/div>\n\t\t\n        <div class=\"banner-layers container\">\n            <div class=\"fill banner-link\"><\/div>            \n\n   <div id=\"text-box-1339945097\" class=\"text-box banner-layer x50 md-x50 lg-x50 y50 md-y50 lg-y50 res-text\">\n                                <div class=\"text-box-content text dark\">\n              \n              <div class=\"text-inner text-center\">\n                  \n\n\n              <\/div>\n           <\/div>\n                            \n<style>\n#text-box-1339945097 {\n  width: 60%;\n}\n#text-box-1339945097 .text-box-content {\n  font-size: 100%;\n}\n@media (min-width:550px) {\n  #text-box-1339945097 {\n    width: 60%;\n  }\n}\n<\/style>\n    <\/div>\n \n\n        <\/div>\n      <\/div>\n\n            \n<style>\n#banner-862015284 {\n  padding-top: 300px;\n  background-color: rgba(255, 255, 255, 0);\n}\n#banner-862015284 .banner-bg img {\n  object-position: 51% 42%;\n}\n@media (min-width:550px) {\n  #banner-862015284 {\n    padding-top: 375px;\n  }\n}\n@media (min-width:850px) {\n  #banner-862015284 {\n    padding-top: 450px;\n  }\n}\n<\/style>\n  <\/div>\n\n\n\n\t\t<\/div>\n\t\t\t\t\t<\/div>\n\n\t\n\n\t<div id=\"col-1110557875\" class=\"col medium-12 small-12 large-5\"  >\n\t\t\t\t<div class=\"col-inner\"  >\n\t\t\t\n\t\t\t\n\n\t<div id=\"gap-879528638\" class=\"gap-element clearfix\" style=\"display:block; height:auto;\">\n\t\t\n<style>\n#gap-879528638 {\n  padding-top: 0px;\n}\n@media (min-width:850px) {\n  #gap-879528638 {\n    padding-top: 30px;\n  }\n}\n<\/style>\n\t<\/div>\n\t\n\n\t<div id=\"text-4074984075\" class=\"text\">\n\t\t\n\n3 laserska izvora\n\t\t\n<style>\n#text-4074984075 {\n  font-size: 1.25rem;\n}\n<\/style>\n\t<\/div>\n\t\n<p>Speedy 100 ima opcije biranje laserskog izvora (CO2, Fiber, diodni) ili Speedy 100 flexx koji u sebi ima integrisana 2 laserska izvora (CO2, Fiber).<\/p>\n<a href=\"mailto:zlatko.panic@mojic.com?subject=Upit%20za%20Speedy%20100\" target=\"_blank\" class=\"button secondary is-underline\" rel=\"noopener\" >\n\t\t<span>po\u0161alji upit<\/span>\n\t<\/a>\n\n\n\n\t\t<\/div>\n\t\t\t\t\n<style>\n#col-1110557875 > .col-inner {\n  padding: 0px 0 0px 0px;\n}\n@media (min-width:550px) {\n  #col-1110557875 > .col-inner {\n    padding: 0px 15% 0px 0px;\n  }\n}\n@media (min-width:850px) {\n  #col-1110557875 > .col-inner {\n    padding: 0px 0px 0px 15%;\n  }\n}\n<\/style>\n\t<\/div>\n\n\t\n\n<\/div>\n\n\t\t<\/div>\n\n\t\t\n<style>\n#section_1169054641 {\n  padding-top: 15px;\n  padding-bottom: 15px;\n}\n@media (min-width:550px) {\n  #section_1169054641 {\n    padding-top: 30px;\n    padding-bottom: 30px;\n  }\n}\n@media (min-width:850px) {\n  #section_1169054641 {\n    padding-top: 50px;\n    padding-bottom: 50px;\n  }\n}\n<\/style>\n\t<\/section>\n\t\n\n\t<section class=\"section\" id=\"section_1833622513\">\n\t\t<div class=\"section-bg fill\" >\n\t\t\t\t\t\t\t\t\t\n\t\t\t\n\n\t\t<\/div>\n\n\t\t\n\n\t\t<div class=\"section-content relative\">\n\t\t\t\n\n<div class=\"row row-large\"  id=\"row-568915258\">\n\n\n\t<div id=\"col-1619204339\" class=\"col medium-3 small-12 large-3\"  >\n\t\t\t\t<div class=\"col-inner text-center\"  >\n\t\t\t\n\t\t\t\n\n\t<div id=\"text-4096439296\" class=\"text\">\n\t\t\n\n610 x 305\n\t\t\n<style>\n#text-4096439296 {\n  font-size: 1.75rem;\n  line-height: 0.75;\n}\n<\/style>\n\t<\/div>\n\t\n<p>Radna povr\u0161ina (mm)<\/p>\n\n\t\t<\/div>\n\t\t\t\t\t<\/div>\n\n\t\n\n\t<div id=\"col-1370952691\" class=\"col medium-3 small-12 large-3\"  >\n\t\t\t\t<div class=\"col-inner text-center\"  >\n\t\t\t\n\t\t\t\n\n\t<div id=\"text-2476858253\" class=\"text\">\n\t\t\n\n30W-80W\n\t\t\n<style>\n#text-2476858253 {\n  font-size: 1.75rem;\n  line-height: 0.75;\n}\n<\/style>\n\t<\/div>\n\t\n<p>Laserski izvor CO2<\/p>\n\n\t\t<\/div>\n\t\t\t\t\t<\/div>\n\n\t\n\n\t<div id=\"col-1635450264\" class=\"col medium-3 small-12 large-3\"  >\n\t\t\t\t<div class=\"col-inner text-center\"  >\n\t\t\t\n\t\t\t\n\n\t<div id=\"text-475070320\" class=\"text\">\n\t\t\n\n40W\n\t\t\n<style>\n#text-475070320 {\n  font-size: 1.75rem;\n  line-height: 0.75;\n}\n<\/style>\n\t<\/div>\n\t\n<p>Diodni laserski izvor<\/p>\n\n\t\t<\/div>\n\t\t\t\t\t<\/div>\n\n\t\n\n\t<div id=\"col-866162875\" class=\"col medium-3 small-12 large-3\"  >\n\t\t\t\t<div class=\"col-inner text-center\"  >\n\t\t\t\n\t\t\t\n\n\t<div id=\"text-2799063156\" class=\"text\">\n\t\t\n\n2,8 m\/s\n\t\t\n<style>\n#text-2799063156 {\n  font-size: 1.75rem;\n  line-height: 0.75;\n}\n<\/style>\n\t<\/div>\n\t\n<p>Maksimalna brzina graviranja<\/p>\n\n\t\t<\/div>\n\t\t\t\t\t<\/div>\n\n\t\n\n\n<style>\n#row-568915258 > .col > .col-inner {\n  padding: 0px 5% 0px 5%;\n}\n<\/style>\n<\/div>\n<div class=\"row\"  id=\"row-1587918236\">\n\n\n\t<div id=\"col-181416346\" class=\"col small-12 large-12\"  >\n\t\t\t\t<div class=\"col-inner text-center\"  >\n\t\t\t\n\t\t\t\n\n<a href=\"https:\/\/grafikamojic.com\/wp-content\/uploads\/2026\/01\/Datasheet_Speedy_100C-8063_en.pdf\" class=\"button primary box-shadow-1 box-shadow-5-hover\" style=\"border-radius:99px;\">\n\t\t<span>TEHNI\u010cKI LIST<\/span>\n\t<\/a>\n\n\n\n\t\t<\/div>\n\t\t\t\t\t<\/div>\n\n\t\n\n<\/div>\n\t<div id=\"gap-441519722\" class=\"gap-element clearfix hide-for-small\" style=\"display:block; height:auto;\">\n\t\t\n<style>\n#gap-441519722 {\n  padding-top: 30px;\n}\n<\/style>\n\t<\/div>\n\t\n\n\n\t\t<\/div>\n\n\t\t\n<style>\n#section_1833622513 {\n  padding-top: 0px;\n  padding-bottom: 0px;\n}\n<\/style>\n\t<\/section>\n\t\n\n\t<section class=\"section\" id=\"section_1450270593\">\n\t\t<div class=\"section-bg fill\" >\n\t\t\t\t\t\t\t\t\t\n\t\t\t\n\n\t\t<\/div>\n\n\t\t\n\n\t\t<div class=\"section-content relative\">\n\t\t\t\n\n<div class=\"row align-right\"  id=\"row-444879815\">\n\n\n\t<div id=\"col-711540397\" class=\"col medium-9 small-12 large-6\"  >\n\t\t\t\t<div class=\"col-inner\"  >\n\t\t\t\n\t\t\t\n\n\n  <div class=\"banner has-hover\" id=\"banner-1364097451\">\n          <div class=\"banner-inner fill\">\n        <div class=\"banner-bg fill\" >\n            <img loading=\"lazy\" decoding=\"async\" width=\"1020\" height=\"574\" src=\"https:\/\/grafikamojic.com\/wp-content\/uploads\/2025\/06\/freepik_br_ea07d47f-bdb4-4976-8abf-4edb9f9bab68-1400x788.png\" class=\"bg attachment-large size-large\" alt=\"\" \/>                                    \n                    <\/div>\n\t\t\n        <div class=\"banner-layers container\">\n            <div class=\"fill banner-link\"><\/div>            \n\n   <div id=\"text-box-1702230944\" class=\"text-box banner-layer x100 md-x100 lg-x100 y100 md-y100 lg-y100 res-text\">\n                                <div class=\"text-box-content text dark\">\n              \n              <div class=\"text-inner text-center\">\n                  \n\n\n              <\/div>\n           <\/div>\n                            \n<style>\n#text-box-1702230944 {\n  width: 60%;\n}\n#text-box-1702230944 .text-box-content {\n  font-size: 100%;\n}\n@media (min-width:550px) {\n  #text-box-1702230944 {\n    width: 60%;\n  }\n}\n<\/style>\n    <\/div>\n \n\n        <\/div>\n      <\/div>\n\n            \n<style>\n#banner-1364097451 {\n  padding-top: 300px;\n  background-color: rgba(255, 255, 255, 0);\n}\n#banner-1364097451 .banner-bg img {\n  object-position: 56% 53%;\n}\n@media (min-width:550px) {\n  #banner-1364097451 {\n    padding-top: 462px;\n  }\n}\n<\/style>\n  <\/div>\n\n\n\n\t\t<\/div>\n\t\t\t\t\n<style>\n#col-711540397 > .col-inner {\n  margin: 0px 0px -55px 0px;\n}\n<\/style>\n\t<\/div>\n\n\t\n\n<\/div>\n<div class=\"row\"  id=\"row-225462574\">\n\n\n\t<div id=\"col-1025679606\" class=\"col medium-7 small-12 large-6\"  >\n\t\t\t\t<div class=\"col-inner\" style=\"background-color:rgba(255, 255, 255, 0.9);\" >\n\t\t\t\n\t\t\t\n\n\t<div id=\"text-290910234\" class=\"text\">\n\t\t\n\nSpeedy 100 cross\n\t\t\n<style>\n#text-290910234 {\n  font-size: 1.25rem;\n}\n<\/style>\n\t<\/div>\n\t\n\t<div id=\"text-4172840087\" class=\"text\">\n\t\t\n\n<p data-start=\"716\" data-end=\"804\">Speedy 100 cross \u2013 prvi industrijski diodni laserski ploter za markiranje i rezanje.<\/p>\n\t\t\n<style>\n#text-4172840087 {\n  font-size: 0.85rem;\n}\n<\/style>\n\t<\/div>\n\t\n<a href=\"mailto:zlatko.panic@mojic.com?subject=Upit%20za%20Speedy%20100%20Cross\" target=\"_blank\" class=\"button secondary is-underline\" rel=\"noopener\" >\n\t\t<span>po\u0161alji upit<\/span>\n\t<\/a>\n\n\n\n\t\t<\/div>\n\t\t\t\t\n<style>\n#col-1025679606 > .col-inner {\n  padding: 30px 30px 20px 30px;\n  margin: 25px 0px 0px 0px;\n}\n@media (min-width:550px) {\n  #col-1025679606 > .col-inner {\n    padding: 10% 10% 8% 10%;\n    margin: -395px 0px 0px 0px;\n  }\n}\n<\/style>\n\t<\/div>\n\n\t\n\n<\/div>\n\n\t\t<\/div>\n\n\t\t\n<style>\n#section_1450270593 {\n  padding-top: 50px;\n  padding-bottom: 50px;\n  background-color: rgb(247, 246, 242);\n}\n@media (min-width:850px) {\n  #section_1450270593 {\n    padding-top: 80px;\n    padding-bottom: 80px;\n  }\n}\n<\/style>\n\t<\/section>\n\t\n\t<div id=\"gap-611151040\" class=\"gap-element clearfix\" style=\"display:block; height:auto;\">\n\t\t\n<style>\n#gap-611151040 {\n  padding-top: 30px;\n}\n<\/style>\n\t<\/div>\n\t\n\n\t<div id=\"text-3913488963\" class=\"text\">\n\t\t\n\n<p style=\"text-align: left;\"><strong data-start=\"94\" data-end=\"114\">Speedy 100 cross<\/strong> predstavlja idealan izbor za industrijsko markiranje dijelova i impresionira izuzetno preciznim detaljima na metalima i plastici. Omogu\u0107ava markiranje velikih povr\u0161ina do 610 x 305 mm (24 x 12 in\u010da) i savr\u0161en je za male do srednje obime proizvodnje. Sa brzinom od 2,8 m\/s (110 ips) i snagom lasera od 40 W, odli\u010dno se pokazuje i u oblasti personalizacije, kao i u obrazovnim ustanovama poput \u0161kola i univerziteta. Njegova svestranost omogu\u0107ava obradu \u0161irokog spektra materijala i prilagodljivost za budu\u0107e primjene. Tako\u0111e, bez problema re\u017ee tanke organske materijale poput papira, kartona i drveta.<\/p>\n\t\t\n<style>\n#text-3913488963 {\n  text-align: left;\n}\n<\/style>\n\t<\/div>\n\t\n\t<div id=\"gap-1206087086\" class=\"gap-element clearfix\" style=\"display:block; height:auto;\">\n\t\t\n<style>\n#gap-1206087086 {\n  padding-top: 30px;\n}\n<\/style>\n\t<\/div>\n\t\n\n<div class=\"row align-middle\"  id=\"row-1931030095\">\n\n\n\t<div id=\"col-292986719\" class=\"col medium-12 small-12 large-8\"  >\n\t\t\t\t<div class=\"col-inner\"  >\n\t\t\t\n\t\t\t\n\n\n  <div class=\"banner has-hover\" id=\"banner-621314696\">\n          <div class=\"banner-inner fill\">\n        <div class=\"banner-bg fill\" >\n            <img loading=\"lazy\" decoding=\"async\" width=\"510\" height=\"368\" src=\"https:\/\/grafikamojic.com\/wp-content\/uploads\/2025\/06\/speedy_100_mm.webp\" class=\"bg attachment-large size-large\" alt=\"\" \/>                                    \n                    <\/div>\n\t\t\n        <div class=\"banner-layers container\">\n            <div class=\"fill banner-link\"><\/div>            \n\n   <div id=\"text-box-2034804618\" class=\"text-box banner-layer x50 md-x50 lg-x50 y50 md-y50 lg-y50 res-text\">\n                                <div class=\"text-box-content text dark\">\n              \n              <div class=\"text-inner text-center\">\n                  \n\n\n              <\/div>\n           <\/div>\n                            \n<style>\n#text-box-2034804618 {\n  width: 60%;\n}\n#text-box-2034804618 .text-box-content {\n  font-size: 100%;\n}\n@media (min-width:550px) {\n  #text-box-2034804618 {\n    width: 60%;\n  }\n}\n<\/style>\n    <\/div>\n \n\n        <\/div>\n      <\/div>\n\n            \n<style>\n#banner-621314696 {\n  padding-top: 300px;\n  background-color: rgba(255, 255, 255, 0);\n}\n#banner-621314696 .banner-bg img {\n  object-position: 0% 100%;\n}\n@media (min-width:550px) {\n  #banner-621314696 {\n    padding-top: 375px;\n  }\n}\n@media (min-width:850px) {\n  #banner-621314696 {\n    padding-top: 500px;\n  }\n}\n<\/style>\n  <\/div>\n\n\n\n\t\t<\/div>\n\t\t\t\t\t<\/div>\n\n\t\n\n\t<div id=\"col-1706405035\" class=\"col medium-12 small-12 large-4\"  >\n\t\t\t\t<div class=\"col-inner\"  >\n\t\t\t\n\t\t\t\n\n\t<div id=\"gap-655716893\" class=\"gap-element clearfix\" style=\"display:block; height:auto;\">\n\t\t\n<style>\n#gap-655716893 {\n  padding-top: 0px;\n}\n@media (min-width:850px) {\n  #gap-655716893 {\n    padding-top: 30px;\n  }\n}\n<\/style>\n\t<\/div>\n\t\n\n\t<div id=\"text-2046438649\" class=\"text\">\n\t\t\n\n<p>Za\u0161to Speedy 100<\/p>\n\t\t\n<style>\n#text-2046438649 {\n  font-size: 1.25rem;\n}\n<\/style>\n\t<\/div>\n\t\n<ul>\n<li>Ve\u0107a radna povr\u0161ina (610 x 305 mm) u kompaktnom ku\u0107i\u0161tu<\/li>\n<li>Visoka brzina i ubrzanje za maksimalnu produktivnost<\/li>\n<li>Precizno graviranje i sje\u010denje sa minimalnim odstupanjem<\/li>\n<li>OptiMotion\u2122 i InPack\u2122 za efikasan i siguran rad<\/li>\n<li>Ruby\u00ae softver za dizajn, upravljanje i mre\u017enu kontrolu<\/li>\n<li>Pouzdana konstrukcija i dug vijek trajanja<\/li>\n<\/ul>\n\n\t\t<\/div>\n\t\t\t\t\n<style>\n#col-1706405035 > .col-inner {\n  padding: 0px 0 0px 0px;\n}\n@media (min-width:550px) {\n  #col-1706405035 > .col-inner {\n    padding: 0px 15% 0px 0px;\n  }\n}\n@media (min-width:850px) {\n  #col-1706405035 > .col-inner {\n    padding: 0px 0px 0px 15%;\n  }\n}\n<\/style>\n\t<\/div>\n\n\t\n\n<\/div>\n\t<div class=\"ux-menu stack stack-col justify-start floating-menu ux-menu--divider-solid hide-for-small\">\n\t\t\n\n\t<div class=\"ux-menu-link flex menu-item\">\n\t\t<a class=\"ux-menu-link__link flex\" href=\"https:\/\/grafikamojic.com\/sq\/trotec-speedy-50-profesionalni-desktop-co2-laser\/\" >\n\t\t\t\t\t\t<span class=\"ux-menu-link__text\">\n\t\t\t\tSpeedy 50\t\t\t<\/span>\n\t\t<\/a>\n\t<\/div>\n\t\n\n\t<div class=\"ux-menu-link flex menu-item\">\n\t\t<a class=\"ux-menu-link__link flex\" href=\"https:\/\/grafikamojic.com\/sq\/trotec-speedy-300-co2-ptofesionalan-laser-za-graviranje-i-sjecenje\/\" >\n\t\t\t\t\t\t<span class=\"ux-menu-link__text\">\n\t\t\t\tSpeedy 300\t\t\t<\/span>\n\t\t<\/a>\n\t<\/div>\n\t\n\n\t<div class=\"ux-menu-link flex menu-item\">\n\t\t<a class=\"ux-menu-link__link flex\" href=\"https:\/\/grafikamojic.com\/sq\/trotec-speedy-360-industrijski-laser-za-graviranje-i-sjecenje\/\" >\n\t\t\t\t\t\t<span class=\"ux-menu-link__text\">\n\t\t\t\tSpeedy 360\t\t\t<\/span>\n\t\t<\/a>\n\t<\/div>\n\t\n\n\t<div class=\"ux-menu-link flex menu-item\">\n\t\t<a class=\"ux-menu-link__link flex\" href=\"https:\/\/grafikamojic.com\/sq\/trotec-speedy-400-industrijski-laser-za-graviranje-i-sjecenje\/\" >\n\t\t\t\t\t\t<span class=\"ux-menu-link__text\">\n\t\t\t\tSpeedy 400\t\t\t<\/span>\n\t\t<\/a>\n\t<\/div>\n\t\n\n\n\t<\/div>\n\t\n\n","protected":false},"excerpt":{"rendered":"","protected":false},"author":2,"featured_media":0,"parent":0,"menu_order":0,"comment_status":"closed","ping_status":"closed","template":"","meta":{"footnotes":""},"class_list":["post-852","page","type-page","status-publish","hentry"],"yoast_head":"<!-- This site is optimized with the Yoast SEO plugin v27.4 - https:\/\/yoast.com\/product\/yoast-seo-wordpress\/ -->\n<title>Speedy 100 | CO2 laser 610x305<\/title>\n<meta name=\"description\" content=\"Speedy 100 je kompaktan Trotec CO2 laser za graviranje i sje\u010denje u profesionalnoj produkciji. Precizan laserski zrak, brzina (do 2,8 m\/s) i Ruby softver.\" \/>\n<meta name=\"robots\" content=\"index, follow, max-snippet:-1, max-image-preview:large, max-video-preview:-1\" \/>\n<link rel=\"canonical\" href=\"https:\/\/grafikamojic.com\/sq\/trotec-speedy-100-co2-laser-za-graviranje-i-sjecenje\/\" \/>\n<meta property=\"og:locale\" content=\"sq_AL\" \/>\n<meta property=\"og:locale:alternate\" content=\"en_US\" \/>\n<meta property=\"og:locale:alternate\" content=\"sr_RS\" \/>\n<meta property=\"og:locale:alternate\" content=\"bs_BA\" \/>\n<meta property=\"og:locale:alternate\" content=\"hr_HR\" \/>\n<meta property=\"og:type\" content=\"article\" \/>\n<meta property=\"og:title\" content=\"Speedy 100 | CO2 laser 610x305\" \/>\n<meta property=\"og:description\" content=\"Speedy 100 je kompaktan Trotec CO2 laser za graviranje i sje\u010denje u profesionalnoj produkciji. Precizan laserski zrak, brzina (do 2,8 m\/s) i Ruby softver.\" \/>\n<meta property=\"og:url\" content=\"https:\/\/grafikamojic.com\/sq\/trotec-speedy-100-co2-laser-za-graviranje-i-sjecenje\/\" \/>\n<meta property=\"og:site_name\" content=\"Grafi\u010dke ma\u0161ine i repromaterijali\" \/>\n<meta property=\"article:modified_time\" content=\"2026-01-30T11:19:45+00:00\" \/>\n<meta name=\"twitter:card\" content=\"summary_large_image\" \/>\n<meta name=\"twitter:label1\" content=\"Est. reading time\" \/>\n\t<meta name=\"twitter:data1\" content=\"4 minuta\" \/>\n<script type=\"application\/ld+json\" class=\"yoast-schema-graph\">{\"@context\":\"https:\\\/\\\/schema.org\",\"@graph\":[{\"@type\":\"WebPage\",\"@id\":\"https:\\\/\\\/grafikamojic.com\\\/trotec-speedy-100-co2-laser-za-graviranje-i-sjecenje\\\/\",\"url\":\"https:\\\/\\\/grafikamojic.com\\\/trotec-speedy-100-co2-laser-za-graviranje-i-sjecenje\\\/\",\"name\":\"Speedy 100 | CO2 laser 610x305\",\"isPartOf\":{\"@id\":\"https:\\\/\\\/grafikamojic.com\\\/#website\"},\"datePublished\":\"2025-06-16T10:10:17+00:00\",\"dateModified\":\"2026-01-30T11:19:45+00:00\",\"description\":\"Speedy 100 je kompaktan Trotec CO2 laser za graviranje i sje\u010denje u profesionalnoj produkciji. Precizan laserski zrak, brzina (do 2,8 m\\\/s) i Ruby softver.\",\"breadcrumb\":{\"@id\":\"https:\\\/\\\/grafikamojic.com\\\/trotec-speedy-100-co2-laser-za-graviranje-i-sjecenje\\\/#breadcrumb\"},\"inLanguage\":\"sq\",\"potentialAction\":[{\"@type\":\"ReadAction\",\"target\":[\"https:\\\/\\\/grafikamojic.com\\\/trotec-speedy-100-co2-laser-za-graviranje-i-sjecenje\\\/\"]}]},{\"@type\":\"BreadcrumbList\",\"@id\":\"https:\\\/\\\/grafikamojic.com\\\/trotec-speedy-100-co2-laser-za-graviranje-i-sjecenje\\\/#breadcrumb\",\"itemListElement\":[{\"@type\":\"ListItem\",\"position\":1,\"name\":\"Home\",\"item\":\"https:\\\/\\\/grafikamojic.com\\\/\"},{\"@type\":\"ListItem\",\"position\":2,\"name\":\"Speedy 100 | CO2 laser 610&#215;305\"}]},{\"@type\":\"WebSite\",\"@id\":\"https:\\\/\\\/grafikamojic.com\\\/#website\",\"url\":\"https:\\\/\\\/grafikamojic.com\\\/\",\"name\":\"Grafika i laseri\",\"description\":\"\",\"potentialAction\":[{\"@type\":\"SearchAction\",\"target\":{\"@type\":\"EntryPoint\",\"urlTemplate\":\"https:\\\/\\\/grafikamojic.com\\\/?s={search_term_string}\"},\"query-input\":{\"@type\":\"PropertyValueSpecification\",\"valueRequired\":true,\"valueName\":\"search_term_string\"}}],\"inLanguage\":\"sq\"}]}<\/script>\n<!-- \/ Yoast SEO plugin. -->","yoast_head_json":{"title":"Speedy 100 | CO2 laser 610x305","description":"Speedy 100 je kompaktan Trotec CO2 laser za graviranje i sje\u010denje u profesionalnoj produkciji. Precizan laserski zrak, brzina (do 2,8 m\/s) i Ruby softver.","robots":{"index":"index","follow":"follow","max-snippet":"max-snippet:-1","max-image-preview":"max-image-preview:large","max-video-preview":"max-video-preview:-1"},"canonical":"https:\/\/grafikamojic.com\/sq\/trotec-speedy-100-co2-laser-za-graviranje-i-sjecenje\/","og_locale":"sq_AL","og_type":"article","og_title":"[:bs]Speedy 100 | CO2 laser 610x305[:] - Grafi\u010dke ma\u0161ine i repromaterijali","og_description":"Speedy 100 je kompaktan Trotec CO2 laser za graviranje i sje\u010denje u profesionalnoj produkciji. Precizan laserski zrak, brzina (do 2,8 m\/s) i Ruby softver.","og_url":"https:\/\/grafikamojic.com\/sq\/trotec-speedy-100-co2-laser-za-graviranje-i-sjecenje\/","og_site_name":"Grafi\u010dke ma\u0161ine i repromaterijali","article_modified_time":"2026-01-30T11:19:45+00:00","twitter_card":"summary_large_image","twitter_misc":{"Est. reading time":"4 minuta"},"schema":{"@context":"https:\/\/schema.org","@graph":[{"@type":"WebPage","@id":"https:\/\/grafikamojic.com\/trotec-speedy-100-co2-laser-za-graviranje-i-sjecenje\/","url":"https:\/\/grafikamojic.com\/trotec-speedy-100-co2-laser-za-graviranje-i-sjecenje\/","name":"Speedy 100 | CO2 laser 610x305","isPartOf":{"@id":"https:\/\/grafikamojic.com\/#website"},"datePublished":"2025-06-16T10:10:17+00:00","dateModified":"2026-01-30T11:19:45+00:00","description":"Speedy 100 je kompaktan Trotec CO2 laser za graviranje i sje\u010denje u profesionalnoj produkciji. Precizan laserski zrak, brzina (do 2,8 m\/s) i Ruby softver.","breadcrumb":{"@id":"https:\/\/grafikamojic.com\/trotec-speedy-100-co2-laser-za-graviranje-i-sjecenje\/#breadcrumb"},"inLanguage":"sq","potentialAction":[{"@type":"ReadAction","target":["https:\/\/grafikamojic.com\/trotec-speedy-100-co2-laser-za-graviranje-i-sjecenje\/"]}]},{"@type":"BreadcrumbList","@id":"https:\/\/grafikamojic.com\/trotec-speedy-100-co2-laser-za-graviranje-i-sjecenje\/#breadcrumb","itemListElement":[{"@type":"ListItem","position":1,"name":"Home","item":"https:\/\/grafikamojic.com\/"},{"@type":"ListItem","position":2,"name":"Speedy 100 | CO2 laser 610&#215;305"}]},{"@type":"WebSite","@id":"https:\/\/grafikamojic.com\/#website","url":"https:\/\/grafikamojic.com\/","name":"Grafika i laseri","description":"","potentialAction":[{"@type":"SearchAction","target":{"@type":"EntryPoint","urlTemplate":"https:\/\/grafikamojic.com\/?s={search_term_string}"},"query-input":{"@type":"PropertyValueSpecification","valueRequired":true,"valueName":"search_term_string"}}],"inLanguage":"sq"}]}},"_links":{"self":[{"href":"https:\/\/grafikamojic.com\/sq\/wp-json\/wp\/v2\/pages\/852","targetHints":{"allow":["GET"]}}],"collection":[{"href":"https:\/\/grafikamojic.com\/sq\/wp-json\/wp\/v2\/pages"}],"about":[{"href":"https:\/\/grafikamojic.com\/sq\/wp-json\/wp\/v2\/types\/page"}],"author":[{"embeddable":true,"href":"https:\/\/grafikamojic.com\/sq\/wp-json\/wp\/v2\/users\/2"}],"replies":[{"embeddable":true,"href":"https:\/\/grafikamojic.com\/sq\/wp-json\/wp\/v2\/comments?post=852"}],"version-history":[{"count":29,"href":"https:\/\/grafikamojic.com\/sq\/wp-json\/wp\/v2\/pages\/852\/revisions"}],"predecessor-version":[{"id":5110,"href":"https:\/\/grafikamojic.com\/sq\/wp-json\/wp\/v2\/pages\/852\/revisions\/5110"}],"wp:attachment":[{"href":"https:\/\/grafikamojic.com\/sq\/wp-json\/wp\/v2\/media?parent=852"}],"curies":[{"name":"wp","href":"https:\/\/api.w.org\/{rel}","templated":true}]}}