{"id":2042,"date":"2025-08-19T14:42:39","date_gmt":"2025-08-19T12:42:39","guid":{"rendered":"https:\/\/grafikamojic.com\/?page_id=2042"},"modified":"2025-08-19T14:54:49","modified_gmt":"2025-08-19T12:54:49","slug":"trodat-professional-5203","status":"publish","type":"page","link":"https:\/\/grafikamojic.com\/sq\/trodat-professional-5203\/","title":{"rendered":"TRODAT PROFESSIONAL 5203"},"content":{"rendered":"\n<h2>This is a simple headline<\/h2>\n<p><strong data-start=\"186\" data-end=\"214\">Trodat Professional 5203<\/strong> je samonatapaju\u0107i pe\u010dat idealan za svakodnevnu kancelarijsku upotrebu. Zahvaljuju\u0107i svom \u010dvrstom metalnom ku\u0107i\u0161tu i preciznoj mehanici, pru\u017ea dug vek trajanja i izuzetno jasan otisak.<\/p>\n<div class=\"row\"  id=\"row-247396682\">\n\n\n\t<div id=\"col-66030593\" class=\"col medium-6 small-12 large-6\"  >\n\t\t\t\t<div class=\"col-inner\"  >\n\t\t\t\n\t\t\t\n\n\t<div class=\"img has-hover x md-x lg-x y md-y lg-y\" id=\"image_335536059\">\n\t\t\t\t\t\t\t\t<div class=\"img-inner dark\" >\n\t\t\t<img loading=\"lazy\" decoding=\"async\" width=\"800\" height=\"800\" src=\"https:\/\/grafikamojic.com\/wp-content\/uploads\/2025\/08\/25800_medium-800x800.jpg\" class=\"attachment-large size-large\" alt=\"\" srcset=\"https:\/\/grafikamojic.com\/wp-content\/uploads\/2025\/08\/25800_medium-800x800.jpg 800w, https:\/\/grafikamojic.com\/wp-content\/uploads\/2025\/08\/25800_medium-100x100.jpg 100w, https:\/\/grafikamojic.com\/wp-content\/uploads\/2025\/08\/25800_medium-400x400.jpg 400w, https:\/\/grafikamojic.com\/wp-content\/uploads\/2025\/08\/25800_medium-280x280.jpg 280w, https:\/\/grafikamojic.com\/wp-content\/uploads\/2025\/08\/25800_medium-768x768.jpg 768w, https:\/\/grafikamojic.com\/wp-content\/uploads\/2025\/08\/25800_medium.jpg 1200w\" sizes=\"auto, (max-width: 800px) 100vw, 800px\" \/>\t\t\t\t\t\t\n\t\t\t\t\t<\/div>\n\t\t\t\t\t\t\t\t\n<style>\n#image_335536059 {\n  width: 100%;\n}\n<\/style>\n\t<\/div>\n\t\n\n\n\t\t<\/div>\n\t\t\t\t\t<\/div>\n\n\t\n\n\t<div id=\"col-886418110\" class=\"col medium-6 small-12 large-6\"  >\n\t\t\t\t<div class=\"col-inner\"  >\n\t\t\t\n\t\t\t\n\n<h4 data-start=\"400\" data-end=\"427\">Glavne karakteristike:<\/h4>\n<ul data-start=\"429\" data-end=\"704\">\n<li data-start=\"429\" data-end=\"461\">\n<p data-start=\"431\" data-end=\"461\">Dimenzije otiska: 49 \u00d7 28 mm<\/p>\n<\/li>\n<li data-start=\"462\" data-end=\"496\">\n<p data-start=\"464\" data-end=\"496\">Maksimalno linija teksta: do 7<\/p>\n<\/li>\n<li data-start=\"497\" data-end=\"552\">\n<p data-start=\"499\" data-end=\"552\">Samonatapaju\u0107i sistem sa lako zamenjivim jastu\u010di\u0107em<\/p>\n<\/li>\n<li data-start=\"553\" data-end=\"614\">\n<p data-start=\"555\" data-end=\"614\">Ku\u0107i\u0161te od ner\u0111aju\u0107eg \u010delika za pouzdanost i izdr\u017eljivost<\/p>\n<\/li>\n<li data-start=\"615\" data-end=\"668\">\n<p data-start=\"617\" data-end=\"668\">Ergonomski dizajn za udobno i precizno kori\u0161\u0107enje<\/p>\n<\/li>\n<li data-start=\"669\" data-end=\"704\">\n<p data-start=\"671\" data-end=\"704\">Ekolo\u0161ki proizvod \u2013 CO\u2082 neutralan<\/p>\n<\/li>\n<\/ul>\n\t<div class=\"img has-hover x md-x lg-x y md-y lg-y\" id=\"image_973337354\">\n\t\t\t\t\t\t\t\t<div class=\"img-inner dark\" >\n\t\t\t<img loading=\"lazy\" decoding=\"async\" width=\"500\" height=\"286\" src=\"https:\/\/grafikamojic.com\/wp-content\/uploads\/2025\/08\/361271_small.jpg\" class=\"attachment-large size-large\" alt=\"\" \/>\t\t\t\t\t\t\n\t\t\t\t\t<\/div>\n\t\t\t\t\t\t\t\t\n<style>\n#image_973337354 {\n  width: 57%;\n}\n<\/style>\n\t<\/div>\n\t\n\n\n\t\t<\/div>\n\t\t\t\t\t<\/div>\n\n\t\n\n<\/div>\n<div class=\"row align-center\"  id=\"row-165937250\">\n\n\n\t<div id=\"col-966147261\" class=\"col medium-4 small-12 large-4\"  >\n\t\t\t\t<div class=\"col-inner\"  >\n\t\t\t\n\t\t\t\n\n\t<div class=\"box has-hover   has-hover box-text-bottom\" >\n\n\t\t<div class=\"box-image\" style=\"width:44%;\">\n\t\t\t\t\t\t<div class=\"image-cover\" style=\"padding-top:75%;\">\n\t\t\t\t<img loading=\"lazy\" decoding=\"async\" width=\"252\" height=\"252\" src=\"https:\/\/grafikamojic.com\/wp-content\/uploads\/2025\/08\/863189_icons.png\" class=\"attachment- size-\" alt=\"\" srcset=\"https:\/\/grafikamojic.com\/wp-content\/uploads\/2025\/08\/863189_icons.png 252w, https:\/\/grafikamojic.com\/wp-content\/uploads\/2025\/08\/863189_icons-100x100.png 100w\" sizes=\"auto, (max-width: 252px) 100vw, 252px\" \/>\t\t\t\t\t\t\t\t\t\t\t<\/div>\n\t\t\t\t\t<\/div>\n\n\t\t<div class=\"box-text text-center\" >\n\t\t\t<div class=\"box-text-inner\">\n\t\t\t\t\n\n<p>DOSTUPNE BOJE JASTU\u010cADI<\/p>\n\n\t\t\t<\/div>\n\t\t<\/div>\n\t<\/div>\n\t\n\n\t\t<\/div>\n\t\t\t\t\t<\/div>\n\n\t\n\n\t<div id=\"col-721934275\" class=\"col medium-4 small-12 large-4\"  >\n\t\t\t\t<div class=\"col-inner\"  >\n\t\t\t\n\t\t\t\n\n\t<div class=\"box has-hover   has-hover box-text-bottom\" >\n\n\t\t<div class=\"box-image\" style=\"width:45%;\">\n\t\t\t\t\t\t<div class=\"image-cover\" style=\"padding-top:75%;\">\n\t\t\t\t<img loading=\"lazy\" decoding=\"async\" width=\"225\" height=\"225\" src=\"https:\/\/grafikamojic.com\/wp-content\/uploads\/2025\/08\/13412412.jpg\" class=\"attachment- size-\" alt=\"\" srcset=\"https:\/\/grafikamojic.com\/wp-content\/uploads\/2025\/08\/13412412.jpg 225w, https:\/\/grafikamojic.com\/wp-content\/uploads\/2025\/08\/13412412-100x100.jpg 100w\" sizes=\"auto, (max-width: 225px) 100vw, 225px\" \/>\t\t\t\t\t\t\t\t\t\t\t<\/div>\n\t\t\t\t\t<\/div>\n\n\t\t<div class=\"box-text text-center\" >\n\t\t\t<div class=\"box-text-inner\">\n\t\t\t\t\n\n<p>BOJA AUTOMATA<\/p>\n\n\t\t\t<\/div>\n\t\t<\/div>\n\t<\/div>\n\t\n\n\t\t<\/div>\n\t\t\t\t\t<\/div>\n\n\t\n\n<\/div>\n\n","protected":false},"excerpt":{"rendered":"","protected":false},"author":2,"featured_media":0,"parent":0,"menu_order":0,"comment_status":"closed","ping_status":"closed","template":"","meta":{"footnotes":""},"class_list":["post-2042","page","type-page","status-publish","hentry"],"yoast_head":"<!-- This site is optimized with the Yoast SEO plugin v27.4 - https:\/\/yoast.com\/product\/yoast-seo-wordpress\/ -->\n<title>TRODAT PROFESSIONAL 5203 - Grafi\u010dke ma\u0161ine i repromaterijali<\/title>\n<meta name=\"robots\" content=\"index, follow, max-snippet:-1, max-image-preview:large, max-video-preview:-1\" \/>\n<link rel=\"canonical\" href=\"https:\/\/grafikamojic.com\/sq\/trodat-professional-5203\/\" \/>\n<meta property=\"og:locale\" content=\"sq_AL\" \/>\n<meta property=\"og:locale:alternate\" content=\"en_US\" \/>\n<meta property=\"og:locale:alternate\" content=\"sr_RS\" \/>\n<meta property=\"og:locale:alternate\" content=\"bs_BA\" \/>\n<meta property=\"og:locale:alternate\" content=\"hr_HR\" \/>\n<meta property=\"og:type\" content=\"article\" \/>\n<meta property=\"og:title\" content=\"TRODAT PROFESSIONAL 5203 - Grafi\u010dke ma\u0161ine i repromaterijali\" \/>\n<meta property=\"og:url\" content=\"https:\/\/grafikamojic.com\/sq\/trodat-professional-5203\/\" \/>\n<meta property=\"og:site_name\" content=\"Grafi\u010dke ma\u0161ine i repromaterijali\" \/>\n<meta property=\"article:modified_time\" content=\"2025-08-19T12:54:49+00:00\" \/>\n<meta name=\"twitter:card\" content=\"summary_large_image\" \/>\n<meta name=\"twitter:label1\" content=\"Est. reading time\" \/>\n\t<meta name=\"twitter:data1\" content=\"1 minut\u00eb\" \/>\n<script type=\"application\/ld+json\" class=\"yoast-schema-graph\">{\"@context\":\"https:\\\/\\\/schema.org\",\"@graph\":[{\"@type\":\"WebPage\",\"@id\":\"https:\\\/\\\/grafikamojic.com\\\/trodat-professional-5203\\\/\",\"url\":\"https:\\\/\\\/grafikamojic.com\\\/trodat-professional-5203\\\/\",\"name\":\"TRODAT PROFESSIONAL 5203 - Grafi\u010dke ma\u0161ine i repromaterijali\",\"isPartOf\":{\"@id\":\"https:\\\/\\\/grafikamojic.com\\\/#website\"},\"datePublished\":\"2025-08-19T12:42:39+00:00\",\"dateModified\":\"2025-08-19T12:54:49+00:00\",\"breadcrumb\":{\"@id\":\"https:\\\/\\\/grafikamojic.com\\\/trodat-professional-5203\\\/#breadcrumb\"},\"inLanguage\":\"sq\",\"potentialAction\":[{\"@type\":\"ReadAction\",\"target\":[\"https:\\\/\\\/grafikamojic.com\\\/trodat-professional-5203\\\/\"]}]},{\"@type\":\"BreadcrumbList\",\"@id\":\"https:\\\/\\\/grafikamojic.com\\\/trodat-professional-5203\\\/#breadcrumb\",\"itemListElement\":[{\"@type\":\"ListItem\",\"position\":1,\"name\":\"Home\",\"item\":\"https:\\\/\\\/grafikamojic.com\\\/\"},{\"@type\":\"ListItem\",\"position\":2,\"name\":\"TRODAT PROFESSIONAL 5203\"}]},{\"@type\":\"WebSite\",\"@id\":\"https:\\\/\\\/grafikamojic.com\\\/#website\",\"url\":\"https:\\\/\\\/grafikamojic.com\\\/\",\"name\":\"Grafika i laseri\",\"description\":\"\",\"potentialAction\":[{\"@type\":\"SearchAction\",\"target\":{\"@type\":\"EntryPoint\",\"urlTemplate\":\"https:\\\/\\\/grafikamojic.com\\\/?s={search_term_string}\"},\"query-input\":{\"@type\":\"PropertyValueSpecification\",\"valueRequired\":true,\"valueName\":\"search_term_string\"}}],\"inLanguage\":\"sq\"}]}<\/script>\n<!-- \/ Yoast SEO plugin. -->","yoast_head_json":{"title":"TRODAT PROFESSIONAL 5203 - Grafi\u010dke ma\u0161ine i repromaterijali","robots":{"index":"index","follow":"follow","max-snippet":"max-snippet:-1","max-image-preview":"max-image-preview:large","max-video-preview":"max-video-preview:-1"},"canonical":"https:\/\/grafikamojic.com\/sq\/trodat-professional-5203\/","og_locale":"sq_AL","og_type":"article","og_title":"TRODAT PROFESSIONAL 5203 - Grafi\u010dke ma\u0161ine i repromaterijali","og_url":"https:\/\/grafikamojic.com\/sq\/trodat-professional-5203\/","og_site_name":"Grafi\u010dke ma\u0161ine i repromaterijali","article_modified_time":"2025-08-19T12:54:49+00:00","twitter_card":"summary_large_image","twitter_misc":{"Est. reading time":"1 minut\u00eb"},"schema":{"@context":"https:\/\/schema.org","@graph":[{"@type":"WebPage","@id":"https:\/\/grafikamojic.com\/trodat-professional-5203\/","url":"https:\/\/grafikamojic.com\/trodat-professional-5203\/","name":"TRODAT PROFESSIONAL 5203 - Grafi\u010dke ma\u0161ine i repromaterijali","isPartOf":{"@id":"https:\/\/grafikamojic.com\/#website"},"datePublished":"2025-08-19T12:42:39+00:00","dateModified":"2025-08-19T12:54:49+00:00","breadcrumb":{"@id":"https:\/\/grafikamojic.com\/trodat-professional-5203\/#breadcrumb"},"inLanguage":"sq","potentialAction":[{"@type":"ReadAction","target":["https:\/\/grafikamojic.com\/trodat-professional-5203\/"]}]},{"@type":"BreadcrumbList","@id":"https:\/\/grafikamojic.com\/trodat-professional-5203\/#breadcrumb","itemListElement":[{"@type":"ListItem","position":1,"name":"Home","item":"https:\/\/grafikamojic.com\/"},{"@type":"ListItem","position":2,"name":"TRODAT PROFESSIONAL 5203"}]},{"@type":"WebSite","@id":"https:\/\/grafikamojic.com\/#website","url":"https:\/\/grafikamojic.com\/","name":"Grafika i laseri","description":"","potentialAction":[{"@type":"SearchAction","target":{"@type":"EntryPoint","urlTemplate":"https:\/\/grafikamojic.com\/?s={search_term_string}"},"query-input":{"@type":"PropertyValueSpecification","valueRequired":true,"valueName":"search_term_string"}}],"inLanguage":"sq"}]}},"_links":{"self":[{"href":"https:\/\/grafikamojic.com\/sq\/wp-json\/wp\/v2\/pages\/2042","targetHints":{"allow":["GET"]}}],"collection":[{"href":"https:\/\/grafikamojic.com\/sq\/wp-json\/wp\/v2\/pages"}],"about":[{"href":"https:\/\/grafikamojic.com\/sq\/wp-json\/wp\/v2\/types\/page"}],"author":[{"embeddable":true,"href":"https:\/\/grafikamojic.com\/sq\/wp-json\/wp\/v2\/users\/2"}],"replies":[{"embeddable":true,"href":"https:\/\/grafikamojic.com\/sq\/wp-json\/wp\/v2\/comments?post=2042"}],"version-history":[{"count":2,"href":"https:\/\/grafikamojic.com\/sq\/wp-json\/wp\/v2\/pages\/2042\/revisions"}],"predecessor-version":[{"id":2049,"href":"https:\/\/grafikamojic.com\/sq\/wp-json\/wp\/v2\/pages\/2042\/revisions\/2049"}],"wp:attachment":[{"href":"https:\/\/grafikamojic.com\/sq\/wp-json\/wp\/v2\/media?parent=2042"}],"curies":[{"name":"wp","href":"https:\/\/api.w.org\/{rel}","templated":true}]}}