{"id":1643,"date":"2025-07-28T13:22:22","date_gmt":"2025-07-28T11:22:22","guid":{"rendered":"https:\/\/grafikamojic.com\/?page_id=1643"},"modified":"2026-01-17T15:52:42","modified_gmt":"2026-01-17T14:52:42","slug":"troglass-satins","status":"publish","type":"page","link":"https:\/\/grafikamojic.com\/sq\/troglass-satins\/","title":{"rendered":"TroGlass Satins"},"content":{"rendered":"\n\t<div id=\"text-4154381059\" class=\"text\">\n\t\t\n\n<p>TroGlass Satins<\/p>\n\t\t\n<style>\n#text-4154381059 {\n  font-size: 2.55rem;\n  color: rgb(0,0,0);\n}\n#text-4154381059 > * {\n  color: rgb(0,0,0);\n}\n<\/style>\n\t<\/div>\n\t\n<p data-start=\"205\" data-end=\"500\"><strong data-start=\"205\" data-end=\"224\">TroGlass Satins<\/strong> je liveno akrilno staklo dostupno u \u0161irokoj paleti boja, sa varijantama koje uklju\u010duju transparentne, poluprozirne i neprozirne nijanse. Obje strane plo\u010de imaju saten-mat zavr\u0161nu obradu, koja pru\u017ea elegantan, sofisticiran izgled i prijatan taktilni do\u017eivljaj.<\/p>\n<p data-start=\"502\" data-end=\"730\">Povr\u0161ina je nereflektivna, \u0161to TroGlass Satins \u010dini idealnim rje\u0161enjem za aplikacije gdje se \u017eeli izbje\u0107i odsjaj svjetlosti \u2013 kao \u0161to su unutra\u0161nji natpisi, dekorativne plo\u010de, brendirani elementi i dizajnerski proizvodi.<\/p>\n<p data-start=\"732\" data-end=\"901\">Materijal je u potpunosti UV-stabilan i otporan na vremenske uslove, \u0161to omogu\u0107ava njegovu upotrebu i na otvorenom prostoru, bez gubitka boje ili kvaliteta povr\u0161ine.<\/p>\n<p data-start=\"903\" data-end=\"1089\">TroGlass Satins se odli\u010dno obra\u0111uje na <strong>CO\u2082 laserima<\/strong>, kako za graviranje tako i za precizno sje\u010denje, \u010dime se posti\u017ee visok nivo zavr\u0161ne obrade bez potrebe za dodatnim poliranjem.<\/p>\n<a href=\"mailto:zlatko.panic@mojic.com?subject=Upit%20za%20TroGlass%20Satins\" class=\"button secondary is-underline\" >\n\t\t<span>po\u0161alji upit<\/span>\n\t<\/a>\n\n\n\t<div id=\"gap-968441193\" class=\"gap-element clearfix\" style=\"display:block; height:auto;\">\n\t\t\n<style>\n#gap-968441193 {\n  padding-top: 30px;\n}\n<\/style>\n\t<\/div>\n\t\n\n<div class=\"row\"  id=\"row-1753178020\">\n\n\n\t<div id=\"col-1431956185\" class=\"col medium-3 small-6 large-3\"  >\n\t\t\t\t<div class=\"col-inner\"  >\n\t\t\t\n\t\t\t\n\n\t<div class=\"box has-hover   has-hover box-text-bottom\" >\n\n\t\t<div class=\"box-image\" >\n\t\t\t\t\t\t<div class=\"\" >\n\t\t\t\t<img decoding=\"async\" src=\"https:\/\/grafikamojic.com\/wp-content\/uploads\/2025\/07\/MCNMTO4EZXZFH2PHD77TELXFCP3Y.avif\" class=\"attachment- size-\" alt=\"\" \/>\t\t\t\t\t\t\t\t\t\t\t<\/div>\n\t\t\t\t\t<\/div>\n\n\t\t<div class=\"box-text text-center\" >\n\t\t\t<div class=\"box-text-inner\">\n\t\t\t\t\n\n<h4>117208-P<\/h4>\n<p>TroGlass LED Bijela mat<\/p>\n\n\t\t\t<\/div>\n\t\t<\/div>\n\t<\/div>\n\t\n\n\t\t<\/div>\n\t\t\t\t\t<\/div>\n\n\t\n\n\t<div id=\"col-616311333\" class=\"col medium-3 small-6 large-3\"  >\n\t\t\t\t<div class=\"col-inner\"  >\n\t\t\t\n\t\t\t\n\n\t<div class=\"box has-hover   has-hover box-text-bottom\" >\n\n\t\t<div class=\"box-image\" >\n\t\t\t\t\t\t<div class=\"\" >\n\t\t\t\t<img decoding=\"async\" src=\"https:\/\/grafikamojic.com\/wp-content\/uploads\/2025\/07\/MCYUR4AXXZ2BGDRPPYDAGGZKDFUA.avif\" class=\"attachment- size-\" alt=\"\" \/>\t\t\t\t\t\t\t\t\t\t\t<\/div>\n\t\t\t\t\t<\/div>\n\n\t\t<div class=\"box-text text-center\" >\n\t\t\t<div class=\"box-text-inner\">\n\t\t\t\t\n\n<h4>117147-P<\/h4>\n<p>TroGlass No\u0107 i Dan<\/p>\n\n\t\t\t<\/div>\n\t\t<\/div>\n\t<\/div>\n\t\n\n\t\t<\/div>\n\t\t\t\t\t<\/div>\n\n\t\n\n\t<div id=\"col-1964236548\" class=\"col medium-3 small-6 large-3\"  >\n\t\t\t\t<div class=\"col-inner\"  >\n\t\t\t\n\t\t\t\n\n\t<div class=\"box has-hover   has-hover box-text-bottom\" >\n\n\t\t<div class=\"box-image\" >\n\t\t\t\t\t\t<div class=\"\" >\n\t\t\t\t<img decoding=\"async\" src=\"https:\/\/grafikamojic.com\/wp-content\/uploads\/2025\/07\/MCWTYJKPTJT5BIBB75ULLWZAOMGE.avif\" class=\"attachment- size-\" alt=\"\" \/>\t\t\t\t\t\t\t\t\t\t\t<\/div>\n\t\t\t\t\t<\/div>\n\n\t\t<div class=\"box-text text-center\" >\n\t\t\t<div class=\"box-text-inner\">\n\t\t\t\t\n\n<h4>117068-P<\/h4>\n<p>TroGlass Satins Boja fuksije<\/p>\n\n\t\t\t<\/div>\n\t\t<\/div>\n\t<\/div>\n\t\n\n\t\t<\/div>\n\t\t\t\t\t<\/div>\n\n\t\n\n\t<div id=\"col-1009903308\" class=\"col medium-3 small-6 large-3\"  >\n\t\t\t\t<div class=\"col-inner\"  >\n\t\t\t\n\t\t\t\n\n\t<div class=\"box has-hover   has-hover box-text-bottom\" >\n\n\t\t<div class=\"box-image\" >\n\t\t\t\t\t\t<div class=\"\" >\n\t\t\t\t<img decoding=\"async\" src=\"https:\/\/grafikamojic.com\/wp-content\/uploads\/2025\/07\/MCHOXRL3IU2FFULH3275WQNQCF7E.avif\" class=\"attachment- size-\" alt=\"\" \/>\t\t\t\t\t\t\t\t\t\t\t<\/div>\n\t\t\t\t\t<\/div>\n\n\t\t<div class=\"box-text text-center\" >\n\t\t\t<div class=\"box-text-inner\">\n\t\t\t\t\n\n<h4>117059-P<\/h4>\n<p>TroGlass Satins Crna<\/p>\n\n\t\t\t<\/div>\n\t\t<\/div>\n\t<\/div>\n\t\n\n\t\t<\/div>\n\t\t\t\t\t<\/div>\n\n\t\n\n\t<div id=\"col-288140521\" class=\"col medium-3 small-6 large-3\"  >\n\t\t\t\t<div class=\"col-inner\"  >\n\t\t\t\n\t\t\t\n\n\t<div class=\"box has-hover   has-hover box-text-bottom\" >\n\n\t\t<div class=\"box-image\" >\n\t\t\t\t\t\t<div class=\"\" >\n\t\t\t\t<img decoding=\"async\" src=\"https:\/\/grafikamojic.com\/wp-content\/uploads\/2025\/07\/MCUAZ4FW6HNNG5JKCUKU3FKUGXC4.avif\" class=\"attachment- size-\" alt=\"\" \/>\t\t\t\t\t\t\t\t\t\t\t<\/div>\n\t\t\t\t\t<\/div>\n\n\t\t<div class=\"box-text text-center\" >\n\t\t\t<div class=\"box-text-inner\">\n\t\t\t\t\n\n<h4>117057-P<\/h4>\n<p>TroGlass Satins Limun \u017euta<\/p>\n\n\t\t\t<\/div>\n\t\t<\/div>\n\t<\/div>\n\t\n\n\t\t<\/div>\n\t\t\t\t\t<\/div>\n\n\t\n\n\t<div id=\"col-1054881568\" class=\"col medium-3 small-6 large-3\"  >\n\t\t\t\t<div class=\"col-inner\"  >\n\t\t\t\n\t\t\t\n\n\t<div class=\"box has-hover   has-hover box-text-bottom\" >\n\n\t\t<div class=\"box-image\" >\n\t\t\t\t\t\t<div class=\"\" >\n\t\t\t\t<img decoding=\"async\" src=\"https:\/\/grafikamojic.com\/wp-content\/uploads\/2025\/07\/MC6XBV7V7PFNHKDDVUHD6GS4IU6Q.avif\" class=\"attachment- size-\" alt=\"\" \/>\t\t\t\t\t\t\t\t\t\t\t<\/div>\n\t\t\t\t\t<\/div>\n\n\t\t<div class=\"box-text text-center\" >\n\t\t\t<div class=\"box-text-inner\">\n\t\t\t\t\n\n<h4>117055-P<\/h4>\n<p>TroGlass Satins Bijela<\/p>\n\n\t\t\t<\/div>\n\t\t<\/div>\n\t<\/div>\n\t\n\n\t\t<\/div>\n\t\t\t\t\t<\/div>\n\n\t\n\n\t<div id=\"col-115899467\" class=\"col medium-3 small-6 large-3\"  >\n\t\t\t\t<div class=\"col-inner\"  >\n\t\t\t\n\t\t\t\n\n\t<div class=\"box has-hover   has-hover box-text-bottom\" >\n\n\t\t<div class=\"box-image\" >\n\t\t\t\t\t\t<div class=\"\" >\n\t\t\t\t<img decoding=\"async\" src=\"https:\/\/grafikamojic.com\/wp-content\/uploads\/2025\/07\/MCTHWHH2S3BJG3JPTQJEHSKRAFIQ.avif\" class=\"attachment- size-\" alt=\"\" \/>\t\t\t\t\t\t\t\t\t\t\t<\/div>\n\t\t\t\t\t<\/div>\n\n\t\t<div class=\"box-text text-center\" >\n\t\t\t<div class=\"box-text-inner\">\n\t\t\t\t\n\n<h4>117054-P<\/h4>\n<p>TroGlass Satins Svijetla narand\u017easta<\/p>\n\n\t\t\t<\/div>\n\t\t<\/div>\n\t<\/div>\n\t\n\n\t\t<\/div>\n\t\t\t\t\t<\/div>\n\n\t\n\n\t<div id=\"col-486129997\" class=\"col medium-3 small-6 large-3\"  >\n\t\t\t\t<div class=\"col-inner\"  >\n\t\t\t\n\t\t\t\n\n\t<div class=\"box has-hover   has-hover box-text-bottom\" >\n\n\t\t<div class=\"box-image\" >\n\t\t\t\t\t\t<div class=\"\" >\n\t\t\t\t<img decoding=\"async\" src=\"https:\/\/grafikamojic.com\/wp-content\/uploads\/2025\/07\/MCAHYGW34K3NDH5BAJPOFBANVEC4.avif\" class=\"attachment- size-\" alt=\"\" \/>\t\t\t\t\t\t\t\t\t\t\t<\/div>\n\t\t\t\t\t<\/div>\n\n\t\t<div class=\"box-text text-center\" >\n\t\t\t<div class=\"box-text-inner\">\n\t\t\t\t\n\n<h4>117052-P<\/h4>\n<p>TroGlass Satins \u017duta<\/p>\n\n\t\t\t<\/div>\n\t\t<\/div>\n\t<\/div>\n\t\n\n\t\t<\/div>\n\t\t\t\t\t<\/div>\n\n\t\n\n\t<div id=\"col-1754466242\" class=\"col medium-3 small-6 large-3\"  >\n\t\t\t\t<div class=\"col-inner\"  >\n\t\t\t\n\t\t\t\n\n\t<div class=\"box has-hover   has-hover box-text-bottom\" >\n\n\t\t<div class=\"box-image\" >\n\t\t\t\t\t\t<div class=\"\" >\n\t\t\t\t<img decoding=\"async\" src=\"https:\/\/grafikamojic.com\/wp-content\/uploads\/2025\/07\/MC6NJ74544WBGNPM2NXB7WCCRPUA.avif\" class=\"attachment- size-\" alt=\"\" \/>\t\t\t\t\t\t\t\t\t\t\t<\/div>\n\t\t\t\t\t<\/div>\n\n\t\t<div class=\"box-text text-center\" >\n\t\t\t<div class=\"box-text-inner\">\n\t\t\t\t\n\n<h4>117041-P<\/h4>\n<p>TroGlass Satins Violet<\/p>\n\n\t\t\t<\/div>\n\t\t<\/div>\n\t<\/div>\n\t\n\n\t\t<\/div>\n\t\t\t\t\t<\/div>\n\n\t\n\n\t<div id=\"col-2089461224\" class=\"col medium-3 small-6 large-3\"  >\n\t\t\t\t<div class=\"col-inner\"  >\n\t\t\t\n\t\t\t\n\n\t<div class=\"box has-hover   has-hover box-text-bottom\" >\n\n\t\t<div class=\"box-image\" >\n\t\t\t\t\t\t<div class=\"\" >\n\t\t\t\t<img decoding=\"async\" src=\"https:\/\/grafikamojic.com\/wp-content\/uploads\/2025\/07\/MCTP3XBTFXURGTDAITTOJBOTKT4I.avif\" class=\"attachment- size-\" alt=\"\" \/>\t\t\t\t\t\t\t\t\t\t\t<\/div>\n\t\t\t\t\t<\/div>\n\n\t\t<div class=\"box-text text-center\" >\n\t\t\t<div class=\"box-text-inner\">\n\t\t\t\t\n\n<h4>117040-P<\/h4>\n<p>TroGlass Satins plava<\/p>\n\n\t\t\t<\/div>\n\t\t<\/div>\n\t<\/div>\n\t\n\n\t\t<\/div>\n\t\t\t\t\t<\/div>\n\n\t\n\n\t<div id=\"col-1878159625\" class=\"col medium-3 small-6 large-3\"  >\n\t\t\t\t<div class=\"col-inner\"  >\n\t\t\t\n\t\t\t\n\n\t<div class=\"box has-hover   has-hover box-text-bottom\" >\n\n\t\t<div class=\"box-image\" >\n\t\t\t\t\t\t<div class=\"\" >\n\t\t\t\t<img decoding=\"async\" src=\"https:\/\/grafikamojic.com\/wp-content\/uploads\/2025\/07\/MCC55L77QJXBF4ZD4B5T5K542AVE.avif\" class=\"attachment- size-\" alt=\"\" \/>\t\t\t\t\t\t\t\t\t\t\t<\/div>\n\t\t\t\t\t<\/div>\n\n\t\t<div class=\"box-text text-center\" >\n\t\t\t<div class=\"box-text-inner\">\n\t\t\t\t\n\n<h4>117040-P<\/h4>\n<p>TroGlass Satins Crvena<\/p>\n\n\t\t\t<\/div>\n\t\t<\/div>\n\t<\/div>\n\t\n\n\t\t<\/div>\n\t\t\t\t\t<\/div>\n\n\t\n\n\t<div id=\"col-1043550167\" class=\"col medium-3 small-6 large-3\"  >\n\t\t\t\t<div class=\"col-inner\"  >\n\t\t\t\n\t\t\t\n\n\t<div class=\"box has-hover   has-hover box-text-bottom\" >\n\n\t\t<div class=\"box-image\" >\n\t\t\t\t\t\t<div class=\"\" >\n\t\t\t\t<img decoding=\"async\" src=\"https:\/\/grafikamojic.com\/wp-content\/uploads\/2025\/07\/MCFSBWXJKA75ESTFUMA7NRFCEX7E.avif\" class=\"attachment- size-\" alt=\"\" \/>\t\t\t\t\t\t\t\t\t\t\t<\/div>\n\t\t\t\t\t<\/div>\n\n\t\t<div class=\"box-text text-center\" >\n\t\t\t<div class=\"box-text-inner\">\n\t\t\t\t\n\n<h4>117037-P<\/h4>\n<p>TroGlass Satins Svijetlo Roze<\/p>\n\n\t\t\t<\/div>\n\t\t<\/div>\n\t<\/div>\n\t\n\n\t\t<\/div>\n\t\t\t\t\t<\/div>\n\n\t\n\n\t<div id=\"col-1256047446\" class=\"col medium-3 small-6 large-3\"  >\n\t\t\t\t<div class=\"col-inner\"  >\n\t\t\t\n\t\t\t\n\n\t<div class=\"box has-hover   has-hover box-text-bottom\" >\n\n\t\t<div class=\"box-image\" >\n\t\t\t\t\t\t<div class=\"\" >\n\t\t\t\t<img decoding=\"async\" src=\"https:\/\/grafikamojic.com\/wp-content\/uploads\/2025\/07\/MCSSWJRECTKFC5ZDXS5ARF5232ZE.avif\" class=\"attachment- size-\" alt=\"\" \/>\t\t\t\t\t\t\t\t\t\t\t<\/div>\n\t\t\t\t\t<\/div>\n\n\t\t<div class=\"box-text text-center\" >\n\t\t\t<div class=\"box-text-inner\">\n\t\t\t\t\n\n<h4>117035-P<\/h4>\n<p>TroGlass Satins Aquamarine<\/p>\n\n\t\t\t<\/div>\n\t\t<\/div>\n\t<\/div>\n\t\n\n\t\t<\/div>\n\t\t\t\t\t<\/div>\n\n\t\n\n\t<div id=\"col-508746769\" class=\"col medium-3 small-6 large-3\"  >\n\t\t\t\t<div class=\"col-inner\"  >\n\t\t\t\n\t\t\t\n\n\t<div class=\"box has-hover   has-hover box-text-bottom\" >\n\n\t\t<div class=\"box-image\" >\n\t\t\t\t\t\t<div class=\"\" >\n\t\t\t\t<img decoding=\"async\" src=\"https:\/\/grafikamojic.com\/wp-content\/uploads\/2025\/07\/MCGIUWJBSH6VG2VBNBJAE43KQWPE.avif\" class=\"attachment- size-\" alt=\"\" \/>\t\t\t\t\t\t\t\t\t\t\t<\/div>\n\t\t\t\t\t<\/div>\n\n\t\t<div class=\"box-text text-center\" >\n\t\t\t<div class=\"box-text-inner\">\n\t\t\t\t\n\n<h4>117034-P<\/h4>\n<p>TroGlass Satins Providni<\/p>\n\n\t\t\t<\/div>\n\t\t<\/div>\n\t<\/div>\n\t\n\n\t\t<\/div>\n\t\t\t\t\t<\/div>\n\n\t\n\n<\/div>\n\t<div class=\"ux-menu stack stack-col justify-start floating-menu ux-menu--divider-solid hide-for-small\">\n\t\t\n\n\t<div class=\"ux-menu-link flex menu-item\">\n\t\t<a class=\"ux-menu-link__link flex\" href=\"https:\/\/grafikamojic.com\/sq\/troglass-color-gloss\/\" >\n\t\t\t\t\t\t<span class=\"ux-menu-link__text\">\n\t\t\t\tTroGlass Color Gloss\t\t\t<\/span>\n\t\t<\/a>\n\t<\/div>\n\t\n\n\t<div class=\"ux-menu-link flex menu-item\">\n\t\t<a class=\"ux-menu-link__link flex\" href=\"https:\/\/grafikamojic.com\/sq\/troglass-duo\/\" >\n\t\t\t\t\t\t<span class=\"ux-menu-link__text\">\n\t\t\t\tTroGlass Duo\t\t\t<\/span>\n\t\t<\/a>\n\t<\/div>\n\t\n\n\t<div class=\"ux-menu-link flex menu-item\">\n\t\t<a class=\"ux-menu-link__link flex\" href=\"https:\/\/grafikamojic.com\/sq\/troglass-reverse\/\" >\n\t\t\t\t\t\t<span class=\"ux-menu-link__text\">\n\t\t\t\tTroGlass Reverse\t\t\t<\/span>\n\t\t<\/a>\n\t<\/div>\n\t\n\n\t<div class=\"ux-menu-link flex menu-item\">\n\t\t<a class=\"ux-menu-link__link flex\" href=\"https:\/\/grafikamojic.com\/sq\/troglass-style\/\" >\n\t\t\t\t\t\t<span class=\"ux-menu-link__text\">\n\t\t\t\tTroGlass Style\t\t\t<\/span>\n\t\t<\/a>\n\t<\/div>\n\t\n\n\t<div class=\"ux-menu-link flex menu-item\">\n\t\t<a class=\"ux-menu-link__link flex\" href=\"https:\/\/grafikamojic.com\/sq\/troglass-mirror\/\" >\n\t\t\t\t\t\t<span class=\"ux-menu-link__text\">\n\t\t\t\tTroGlass Mirror\t\t\t<\/span>\n\t\t<\/a>\n\t<\/div>\n\t\n\n\t<div class=\"ux-menu-link flex menu-item\">\n\t\t<a class=\"ux-menu-link__link flex\" href=\"https:\/\/grafikamojic.com\/sq\/troglass-clear\/\" >\n\t\t\t\t\t\t<span class=\"ux-menu-link__text\">\n\t\t\t\tTroGlass Clear\t\t\t<\/span>\n\t\t<\/a>\n\t<\/div>\n\t\n\n\t<div class=\"ux-menu-link flex menu-item\">\n\t\t<a class=\"ux-menu-link__link flex\" href=\"https:\/\/grafikamojic.com\/sq\/troglass-xt\/\" >\n\t\t\t\t\t\t<span class=\"ux-menu-link__text\">\n\t\t\t\tTroLase XT\t\t\t<\/span>\n\t\t<\/a>\n\t<\/div>\n\t\n\n\n\t<\/div>\n\t\n\n","protected":false},"excerpt":{"rendered":"","protected":false},"author":2,"featured_media":0,"parent":0,"menu_order":0,"comment_status":"closed","ping_status":"closed","template":"","meta":{"footnotes":""},"class_list":["post-1643","page","type-page","status-publish","hentry"],"yoast_head":"<!-- This site is optimized with the Yoast SEO plugin v27.4 - https:\/\/yoast.com\/product\/yoast-seo-wordpress\/ -->\n<title>TroGlass Satins<\/title>\n<meta name=\"robots\" content=\"index, follow, max-snippet:-1, max-image-preview:large, max-video-preview:-1\" \/>\n<link rel=\"canonical\" href=\"https:\/\/grafikamojic.com\/sq\/troglass-satins\/\" \/>\n<meta property=\"og:locale\" content=\"sq_AL\" \/>\n<meta property=\"og:locale:alternate\" content=\"en_US\" \/>\n<meta property=\"og:locale:alternate\" content=\"sr_RS\" \/>\n<meta property=\"og:locale:alternate\" content=\"bs_BA\" \/>\n<meta property=\"og:locale:alternate\" content=\"hr_HR\" \/>\n<meta property=\"og:type\" content=\"article\" \/>\n<meta property=\"og:title\" content=\"TroGlass Satins\" \/>\n<meta property=\"og:url\" content=\"https:\/\/grafikamojic.com\/sq\/troglass-satins\/\" \/>\n<meta property=\"og:site_name\" content=\"Grafi\u010dke ma\u0161ine i repromaterijali\" \/>\n<meta property=\"article:modified_time\" content=\"2026-01-17T14:52:42+00:00\" \/>\n<meta name=\"twitter:card\" content=\"summary_large_image\" \/>\n<meta name=\"twitter:label1\" content=\"Est. reading time\" \/>\n\t<meta name=\"twitter:data1\" content=\"2 minuta\" \/>\n<script type=\"application\/ld+json\" class=\"yoast-schema-graph\">{\"@context\":\"https:\\\/\\\/schema.org\",\"@graph\":[{\"@type\":\"WebPage\",\"@id\":\"https:\\\/\\\/grafikamojic.com\\\/troglass-satins\\\/\",\"url\":\"https:\\\/\\\/grafikamojic.com\\\/troglass-satins\\\/\",\"name\":\"TroGlass Satins\",\"isPartOf\":{\"@id\":\"https:\\\/\\\/grafikamojic.com\\\/#website\"},\"datePublished\":\"2025-07-28T11:22:22+00:00\",\"dateModified\":\"2026-01-17T14:52:42+00:00\",\"breadcrumb\":{\"@id\":\"https:\\\/\\\/grafikamojic.com\\\/troglass-satins\\\/#breadcrumb\"},\"inLanguage\":\"sq\",\"potentialAction\":[{\"@type\":\"ReadAction\",\"target\":[\"https:\\\/\\\/grafikamojic.com\\\/troglass-satins\\\/\"]}]},{\"@type\":\"BreadcrumbList\",\"@id\":\"https:\\\/\\\/grafikamojic.com\\\/troglass-satins\\\/#breadcrumb\",\"itemListElement\":[{\"@type\":\"ListItem\",\"position\":1,\"name\":\"Home\",\"item\":\"https:\\\/\\\/grafikamojic.com\\\/\"},{\"@type\":\"ListItem\",\"position\":2,\"name\":\"TroGlass Satins\"}]},{\"@type\":\"WebSite\",\"@id\":\"https:\\\/\\\/grafikamojic.com\\\/#website\",\"url\":\"https:\\\/\\\/grafikamojic.com\\\/\",\"name\":\"Grafika i laseri\",\"description\":\"\",\"potentialAction\":[{\"@type\":\"SearchAction\",\"target\":{\"@type\":\"EntryPoint\",\"urlTemplate\":\"https:\\\/\\\/grafikamojic.com\\\/?s={search_term_string}\"},\"query-input\":{\"@type\":\"PropertyValueSpecification\",\"valueRequired\":true,\"valueName\":\"search_term_string\"}}],\"inLanguage\":\"sq\"}]}<\/script>\n<!-- \/ Yoast SEO plugin. -->","yoast_head_json":{"title":"TroGlass Satins","robots":{"index":"index","follow":"follow","max-snippet":"max-snippet:-1","max-image-preview":"max-image-preview:large","max-video-preview":"max-video-preview:-1"},"canonical":"https:\/\/grafikamojic.com\/sq\/troglass-satins\/","og_locale":"sq_AL","og_type":"article","og_title":"[:bs]TroGlass Satins[:] - Grafi\u010dke ma\u0161ine i repromaterijali","og_url":"https:\/\/grafikamojic.com\/sq\/troglass-satins\/","og_site_name":"Grafi\u010dke ma\u0161ine i repromaterijali","article_modified_time":"2026-01-17T14:52:42+00:00","twitter_card":"summary_large_image","twitter_misc":{"Est. reading time":"2 minuta"},"schema":{"@context":"https:\/\/schema.org","@graph":[{"@type":"WebPage","@id":"https:\/\/grafikamojic.com\/troglass-satins\/","url":"https:\/\/grafikamojic.com\/troglass-satins\/","name":"TroGlass Satins","isPartOf":{"@id":"https:\/\/grafikamojic.com\/#website"},"datePublished":"2025-07-28T11:22:22+00:00","dateModified":"2026-01-17T14:52:42+00:00","breadcrumb":{"@id":"https:\/\/grafikamojic.com\/troglass-satins\/#breadcrumb"},"inLanguage":"sq","potentialAction":[{"@type":"ReadAction","target":["https:\/\/grafikamojic.com\/troglass-satins\/"]}]},{"@type":"BreadcrumbList","@id":"https:\/\/grafikamojic.com\/troglass-satins\/#breadcrumb","itemListElement":[{"@type":"ListItem","position":1,"name":"Home","item":"https:\/\/grafikamojic.com\/"},{"@type":"ListItem","position":2,"name":"TroGlass Satins"}]},{"@type":"WebSite","@id":"https:\/\/grafikamojic.com\/#website","url":"https:\/\/grafikamojic.com\/","name":"Grafika i laseri","description":"","potentialAction":[{"@type":"SearchAction","target":{"@type":"EntryPoint","urlTemplate":"https:\/\/grafikamojic.com\/?s={search_term_string}"},"query-input":{"@type":"PropertyValueSpecification","valueRequired":true,"valueName":"search_term_string"}}],"inLanguage":"sq"}]}},"_links":{"self":[{"href":"https:\/\/grafikamojic.com\/sq\/wp-json\/wp\/v2\/pages\/1643","targetHints":{"allow":["GET"]}}],"collection":[{"href":"https:\/\/grafikamojic.com\/sq\/wp-json\/wp\/v2\/pages"}],"about":[{"href":"https:\/\/grafikamojic.com\/sq\/wp-json\/wp\/v2\/types\/page"}],"author":[{"embeddable":true,"href":"https:\/\/grafikamojic.com\/sq\/wp-json\/wp\/v2\/users\/2"}],"replies":[{"embeddable":true,"href":"https:\/\/grafikamojic.com\/sq\/wp-json\/wp\/v2\/comments?post=1643"}],"version-history":[{"count":6,"href":"https:\/\/grafikamojic.com\/sq\/wp-json\/wp\/v2\/pages\/1643\/revisions"}],"predecessor-version":[{"id":4892,"href":"https:\/\/grafikamojic.com\/sq\/wp-json\/wp\/v2\/pages\/1643\/revisions\/4892"}],"wp:attachment":[{"href":"https:\/\/grafikamojic.com\/sq\/wp-json\/wp\/v2\/media?parent=1643"}],"curies":[{"name":"wp","href":"https:\/\/api.w.org\/{rel}","templated":true}]}}