{"id":4773,"date":"2026-01-17T10:01:29","date_gmt":"2026-01-17T09:01:29","guid":{"rendered":"https:\/\/grafikamojic.com\/?page_id=4773"},"modified":"2026-01-17T10:02:53","modified_gmt":"2026-01-17T09:02:53","slug":"55510-pl","status":"publish","type":"page","link":"https:\/\/grafikamojic.com\/hr\/55510-pl\/","title":{"rendered":"55510\/PL"},"content":{"rendered":"\n<h2>Trodat Professional 55510<\/h2>\n<p><strong data-start=\"247\" data-end=\"263\">Trodat 55510<\/strong> je profesionalni <strong data-start=\"281\" data-end=\"333\">samonatapaju\u0107i numerator sa 10 rotiraju\u0107ih traka<\/strong>, namijenjen za pouzdano ozna\u010davanje dokumenata, serijskih brojeva, faktura i druge kancelarijske ili industrijske evidencije. Kao dio Professional linije, ovaj model kombinuje <strong data-start=\"510\" data-end=\"534\">metalnu konstrukciju<\/strong> sa elementima od visokokvalitetne plastike, pru\u017eaju\u0107i stabilnost, dug vijek trajanja i preciznost pri svakom otisku.<\/p>\n\t<div id=\"gap-1321839633\" class=\"gap-element clearfix\" style=\"display:block; height:auto;\">\n\t\t\n<style>\n#gap-1321839633 {\n  padding-top: 30px;\n}\n<\/style>\n\t<\/div>\n\t\n\n<div class=\"row\"  id=\"row-1306962839\">\n\n\n\t<div id=\"col-1449697594\" class=\"col medium-6 small-12 large-6\"  >\n\t\t\t\t<div class=\"col-inner\"  >\n\t\t\t\n\t\t\t\n\n\t<div class=\"img has-hover x md-x lg-x y md-y lg-y\" id=\"image_968403953\">\n\t\t\t\t\t\t\t\t<div class=\"img-inner dark\" >\n\t\t\t<img loading=\"lazy\" decoding=\"async\" width=\"500\" height=\"500\" src=\"https:\/\/grafikamojic.com\/wp-content\/uploads\/2026\/01\/25794_base.jpg\" class=\"attachment-large size-large\" alt=\"\" srcset=\"https:\/\/grafikamojic.com\/wp-content\/uploads\/2026\/01\/25794_base.jpg 500w, https:\/\/grafikamojic.com\/wp-content\/uploads\/2026\/01\/25794_base-400x400.jpg 400w, https:\/\/grafikamojic.com\/wp-content\/uploads\/2026\/01\/25794_base-280x280.jpg 280w, https:\/\/grafikamojic.com\/wp-content\/uploads\/2026\/01\/25794_base-100x100.jpg 100w\" sizes=\"auto, (max-width: 500px) 100vw, 500px\" \/>\t\t\t\t\t\t\n\t\t\t\t\t<\/div>\n\t\t\t\t\t\t\t\t\n<style>\n#image_968403953 {\n  width: 100%;\n}\n<\/style>\n\t<\/div>\n\t\n\n\n\t\t<\/div>\n\t\t\t\t\t<\/div>\n\n\t\n\n\t<div id=\"col-927612754\" class=\"col medium-6 small-12 large-6\"  >\n\t\t\t\t<div class=\"col-inner text-left\"  >\n\t\t\t\n\t\t\t\n\n\t<div id=\"text-1774692003\" class=\"text\">\n\t\t\n\n<h3 data-start=\"91\" data-end=\"117\">Glavne karakteristike:<\/h3>\n<ul>\n<li data-start=\"1024\" data-end=\"1074\">\n<p data-start=\"1026\" data-end=\"1074\"><strong data-start=\"1026\" data-end=\"1049\">10 numeri\u010dkih traka<\/strong> sa ciframa i simbolima<\/p>\n<\/li>\n<li data-start=\"1075\" data-end=\"1102\">\n<p data-start=\"1077\" data-end=\"1102\"><strong data-start=\"1077\" data-end=\"1095\">Visina cifara:<\/strong> 5 mm<\/p>\n<\/li>\n<li data-start=\"1075\" data-end=\"1102\">Do 6 linija teksta<\/li>\n<li data-start=\"1103\" data-end=\"1135\">\n<p data-start=\"1105\" data-end=\"1135\"><strong data-start=\"1105\" data-end=\"1123\">\u0160irina otiska:<\/strong> oko 50 mm<\/p>\n<\/li>\n<li data-start=\"1136\" data-end=\"1193\">\n<p data-start=\"1138\" data-end=\"1193\"><strong data-start=\"1138\" data-end=\"1150\">Ku\u0107i\u0161te:<\/strong> kombinacija ner\u0111aju\u0107eg \u010delika i plastike<\/p>\n<\/li>\n<li data-start=\"1194\" data-end=\"1250\">\n<p data-start=\"1196\" data-end=\"1250\"><strong data-start=\"1196\" data-end=\"1228\">Automatsko pomjeranje cifara<\/strong> nakon svakog otiska<\/p>\n<\/li>\n<li data-start=\"1251\" data-end=\"1290\">\n<p data-start=\"1253\" data-end=\"1290\"><strong data-start=\"1253\" data-end=\"1266\">Jastu\u010di\u0107:<\/strong> zamjenjivi model 6\/56<\/p>\n<\/li>\n<li data-start=\"1291\" data-end=\"1376\">\n<p data-start=\"1293\" data-end=\"1376\"><strong data-start=\"1293\" data-end=\"1305\">Namjena:<\/strong> numeracija dokumenata, faktura, naloga, serijskih brojeva, inventara<\/p>\n<\/li>\n<\/ul>\n\t\t\n<style>\n#text-1774692003 {\n  line-height: 1.85;\n}\n<\/style>\n\t<\/div>\n\t\n\t<div class=\"img has-hover x md-x lg-x y md-y lg-y\" id=\"image_631125209\">\n\t\t\t\t\t\t\t\t<div class=\"img-inner dark\" >\n\t\t\t<img loading=\"lazy\" decoding=\"async\" width=\"500\" height=\"295\" src=\"https:\/\/grafikamojic.com\/wp-content\/uploads\/2026\/01\/357978_base.jpg\" class=\"attachment-large size-large\" alt=\"\" \/>\t\t\t\t\t\t\n\t\t\t\t\t<\/div>\n\t\t\t\t\t\t\t\t\n<style>\n#image_631125209 {\n  width: 49%;\n}\n<\/style>\n\t<\/div>\n\t\n\n\n\t\t<\/div>\n\t\t\t\t\t<\/div>\n\n\t\n\n<\/div>\n<div class=\"row align-center\"  id=\"row-1058853193\">\n\n\n\t<div id=\"col-941544970\" class=\"col medium-4 small-12 large-4\"  >\n\t\t\t\t<div class=\"col-inner\"  >\n\t\t\t\n\t\t\t\n\n\t<div class=\"box has-hover   has-hover box-text-bottom\" >\n\n\t\t<div class=\"box-image\" style=\"width:44%;\">\n\t\t\t\t\t\t<div class=\"image-cover\" style=\"padding-top:75%;\">\n\t\t\t\t<img loading=\"lazy\" decoding=\"async\" width=\"252\" height=\"252\" src=\"https:\/\/grafikamojic.com\/wp-content\/uploads\/2025\/08\/863189_icons.png\" class=\"attachment- size-\" alt=\"\" srcset=\"https:\/\/grafikamojic.com\/wp-content\/uploads\/2025\/08\/863189_icons.png 252w, https:\/\/grafikamojic.com\/wp-content\/uploads\/2025\/08\/863189_icons-100x100.png 100w\" sizes=\"auto, (max-width: 252px) 100vw, 252px\" \/>\t\t\t\t\t\t\t\t\t\t\t<\/div>\n\t\t\t\t\t<\/div>\n\n\t\t<div class=\"box-text text-center\" >\n\t\t\t<div class=\"box-text-inner\">\n\t\t\t\t\n\n<p>DOSTUPNE BOJE JASTU\u010cADI<\/p>\n\n\t\t\t<\/div>\n\t\t<\/div>\n\t<\/div>\n\t\n\n\t\t<\/div>\n\t\t\t\t\t<\/div>\n\n\t\n\n\t<div id=\"col-551796107\" class=\"col medium-4 small-12 large-4\"  >\n\t\t\t\t<div class=\"col-inner\"  >\n\t\t\t\n\t\t\t\n\n\t<div class=\"box has-hover   has-hover box-text-bottom\" >\n\n\t\t<div class=\"box-image\" style=\"width:45%;\">\n\t\t\t\t\t\t<div class=\"image-cover\" style=\"padding-top:75%;\">\n\t\t\t\t<img loading=\"lazy\" decoding=\"async\" width=\"225\" height=\"225\" src=\"https:\/\/grafikamojic.com\/wp-content\/uploads\/2025\/08\/13412412.jpg\" class=\"attachment- size-\" alt=\"\" srcset=\"https:\/\/grafikamojic.com\/wp-content\/uploads\/2025\/08\/13412412.jpg 225w, https:\/\/grafikamojic.com\/wp-content\/uploads\/2025\/08\/13412412-100x100.jpg 100w\" sizes=\"auto, (max-width: 225px) 100vw, 225px\" \/>\t\t\t\t\t\t\t\t\t\t\t<\/div>\n\t\t\t\t\t<\/div>\n\n\t\t<div class=\"box-text text-center\" >\n\t\t\t<div class=\"box-text-inner\">\n\t\t\t\t\n\n<p>BOJA AUTOMATA<\/p>\n\n\t\t\t<\/div>\n\t\t<\/div>\n\t<\/div>\n\t\n\n\t\t<\/div>\n\t\t\t\t\t<\/div>\n\n\t\n\n<\/div>\n\t<div class=\"ux-menu stack stack-col justify-start floating-menu ux-menu--divider-solid hide-for-small\">\n\t\t\n\n\t<div class=\"ux-menu-link flex menu-item\">\n\t\t<a class=\"ux-menu-link__link flex\" href=\"https:\/\/grafikamojic.com\/hr\/trodat-datumar-professional-5546-2\/\" >\n\t\t\t\t\t\t<span class=\"ux-menu-link__text\">\n\t\t\t\t5546\t\t\t<\/span>\n\t\t<\/a>\n\t<\/div>\n\t\n\n\t<div class=\"ux-menu-link flex menu-item\">\n\t\t<a class=\"ux-menu-link__link flex\" href=\"https:\/\/grafikamojic.com\/hr\/trodat-numerator-professional-5558-2\/\" >\n\t\t\t\t\t\t<span class=\"ux-menu-link__text\">\n\t\t\t\t5558\t\t\t<\/span>\n\t\t<\/a>\n\t<\/div>\n\t\n\n\t<div class=\"ux-menu-link flex menu-item\">\n\t\t<a class=\"ux-menu-link__link flex\" href=\"https:\/\/grafikamojic.com\/hr\/trodat-numerator-professional-55510-2\/\" >\n\t\t\t\t\t\t<span class=\"ux-menu-link__text\">\n\t\t\t\t55510\t\t\t<\/span>\n\t\t<\/a>\n\t<\/div>\n\t\n\n\t<div class=\"ux-menu-link flex menu-item\">\n\t\t<a class=\"ux-menu-link__link flex\" href=\"https:\/\/grafikamojic.com\/hr\/trodat-numerator-professional-55512-2\/\" >\n\t\t\t\t\t\t<span class=\"ux-menu-link__text\">\n\t\t\t\t55512\t\t\t<\/span>\n\t\t<\/a>\n\t<\/div>\n\t\n\n\n\t<\/div>\n\t\n\n","protected":false},"excerpt":{"rendered":"","protected":false},"author":2,"featured_media":0,"parent":0,"menu_order":0,"comment_status":"closed","ping_status":"closed","template":"","meta":{"footnotes":""},"class_list":["post-4773","page","type-page","status-publish","hentry"],"yoast_head":"<!-- This site is optimized with the Yoast SEO plugin v27.4 - https:\/\/yoast.com\/product\/yoast-seo-wordpress\/ -->\n<title>55510\/PL<\/title>\n<meta name=\"robots\" content=\"index, follow, max-snippet:-1, max-image-preview:large, max-video-preview:-1\" \/>\n<link rel=\"canonical\" href=\"https:\/\/grafikamojic.com\/hr\/55510-pl\/\" \/>\n<meta property=\"og:locale\" content=\"hr_HR\" \/>\n<meta property=\"og:locale:alternate\" content=\"en_US\" \/>\n<meta property=\"og:locale:alternate\" content=\"sr_RS\" \/>\n<meta property=\"og:locale:alternate\" content=\"bs_BA\" \/>\n<meta property=\"og:locale:alternate\" content=\"sq_SQ\" \/>\n<meta property=\"og:type\" content=\"article\" \/>\n<meta property=\"og:title\" content=\"55510\/PL\" \/>\n<meta property=\"og:url\" content=\"https:\/\/grafikamojic.com\/hr\/55510-pl\/\" \/>\n<meta property=\"og:site_name\" content=\"Grafi\u010dke ma\u0161ine i repromaterijali\" \/>\n<meta property=\"article:modified_time\" content=\"2026-01-17T09:02:53+00:00\" \/>\n<meta name=\"twitter:card\" content=\"summary_large_image\" \/>\n<script type=\"application\/ld+json\" class=\"yoast-schema-graph\">{\"@context\":\"https:\\\/\\\/schema.org\",\"@graph\":[{\"@type\":\"WebPage\",\"@id\":\"https:\\\/\\\/grafikamojic.com\\\/55510-pl\\\/\",\"url\":\"https:\\\/\\\/grafikamojic.com\\\/55510-pl\\\/\",\"name\":\"55510\\\/PL\",\"isPartOf\":{\"@id\":\"https:\\\/\\\/grafikamojic.com\\\/#website\"},\"datePublished\":\"2026-01-17T09:01:29+00:00\",\"dateModified\":\"2026-01-17T09:02:53+00:00\",\"breadcrumb\":{\"@id\":\"https:\\\/\\\/grafikamojic.com\\\/55510-pl\\\/#breadcrumb\"},\"inLanguage\":\"hr\",\"potentialAction\":[{\"@type\":\"ReadAction\",\"target\":[\"https:\\\/\\\/grafikamojic.com\\\/55510-pl\\\/\"]}]},{\"@type\":\"BreadcrumbList\",\"@id\":\"https:\\\/\\\/grafikamojic.com\\\/55510-pl\\\/#breadcrumb\",\"itemListElement\":[{\"@type\":\"ListItem\",\"position\":1,\"name\":\"Home\",\"item\":\"https:\\\/\\\/grafikamojic.com\\\/\"},{\"@type\":\"ListItem\",\"position\":2,\"name\":\"55510\\\/PL\"}]},{\"@type\":\"WebSite\",\"@id\":\"https:\\\/\\\/grafikamojic.com\\\/#website\",\"url\":\"https:\\\/\\\/grafikamojic.com\\\/\",\"name\":\"Grafika i laseri\",\"description\":\"\",\"potentialAction\":[{\"@type\":\"SearchAction\",\"target\":{\"@type\":\"EntryPoint\",\"urlTemplate\":\"https:\\\/\\\/grafikamojic.com\\\/?s={search_term_string}\"},\"query-input\":{\"@type\":\"PropertyValueSpecification\",\"valueRequired\":true,\"valueName\":\"search_term_string\"}}],\"inLanguage\":\"hr\"}]}<\/script>\n<!-- \/ Yoast SEO plugin. -->","yoast_head_json":{"title":"55510\/PL","robots":{"index":"index","follow":"follow","max-snippet":"max-snippet:-1","max-image-preview":"max-image-preview:large","max-video-preview":"max-video-preview:-1"},"canonical":"https:\/\/grafikamojic.com\/hr\/55510-pl\/","og_locale":"hr_HR","og_type":"article","og_title":"[:bs]55510\/PL[:] - Grafi\u010dke ma\u0161ine i repromaterijali","og_url":"https:\/\/grafikamojic.com\/hr\/55510-pl\/","og_site_name":"Grafi\u010dke ma\u0161ine i repromaterijali","article_modified_time":"2026-01-17T09:02:53+00:00","twitter_card":"summary_large_image","schema":{"@context":"https:\/\/schema.org","@graph":[{"@type":"WebPage","@id":"https:\/\/grafikamojic.com\/55510-pl\/","url":"https:\/\/grafikamojic.com\/55510-pl\/","name":"55510\/PL","isPartOf":{"@id":"https:\/\/grafikamojic.com\/#website"},"datePublished":"2026-01-17T09:01:29+00:00","dateModified":"2026-01-17T09:02:53+00:00","breadcrumb":{"@id":"https:\/\/grafikamojic.com\/55510-pl\/#breadcrumb"},"inLanguage":"hr","potentialAction":[{"@type":"ReadAction","target":["https:\/\/grafikamojic.com\/55510-pl\/"]}]},{"@type":"BreadcrumbList","@id":"https:\/\/grafikamojic.com\/55510-pl\/#breadcrumb","itemListElement":[{"@type":"ListItem","position":1,"name":"Home","item":"https:\/\/grafikamojic.com\/"},{"@type":"ListItem","position":2,"name":"55510\/PL"}]},{"@type":"WebSite","@id":"https:\/\/grafikamojic.com\/#website","url":"https:\/\/grafikamojic.com\/","name":"Grafika i laseri","description":"","potentialAction":[{"@type":"SearchAction","target":{"@type":"EntryPoint","urlTemplate":"https:\/\/grafikamojic.com\/?s={search_term_string}"},"query-input":{"@type":"PropertyValueSpecification","valueRequired":true,"valueName":"search_term_string"}}],"inLanguage":"hr"}]}},"_links":{"self":[{"href":"https:\/\/grafikamojic.com\/hr\/wp-json\/wp\/v2\/pages\/4773","targetHints":{"allow":["GET"]}}],"collection":[{"href":"https:\/\/grafikamojic.com\/hr\/wp-json\/wp\/v2\/pages"}],"about":[{"href":"https:\/\/grafikamojic.com\/hr\/wp-json\/wp\/v2\/types\/page"}],"author":[{"embeddable":true,"href":"https:\/\/grafikamojic.com\/hr\/wp-json\/wp\/v2\/users\/2"}],"replies":[{"embeddable":true,"href":"https:\/\/grafikamojic.com\/hr\/wp-json\/wp\/v2\/comments?post=4773"}],"version-history":[{"count":3,"href":"https:\/\/grafikamojic.com\/hr\/wp-json\/wp\/v2\/pages\/4773\/revisions"}],"predecessor-version":[{"id":4940,"href":"https:\/\/grafikamojic.com\/hr\/wp-json\/wp\/v2\/pages\/4773\/revisions\/4940"}],"wp:attachment":[{"href":"https:\/\/grafikamojic.com\/hr\/wp-json\/wp\/v2\/media?parent=4773"}],"curies":[{"name":"wp","href":"https:\/\/api.w.org\/{rel}","templated":true}]}}