{"id":3863,"date":"2025-12-12T14:05:02","date_gmt":"2025-12-12T13:05:02","guid":{"rendered":"https:\/\/grafikamojic.com\/?page_id=3863"},"modified":"2025-12-13T13:48:02","modified_gmt":"2025-12-13T12:48:02","slug":"9511-2","status":"publish","type":"page","link":"https:\/\/grafikamojic.com\/hr\/9511-2\/","title":{"rendered":"Trodat pe\u010dat d\u017eepni 9511"},"content":{"rendered":"\n<h2>Trodat Pocket Printy 9511<\/h2>\n<p>Trodat 9511 je <strong data-start=\"113\" data-end=\"160\">samonatapaju\u0107i d\u017eepni pe\u010dat (Pocket Printy)<\/strong> kompaktnih dimenzija, dizajniran za upotrebu \u201eu pokretu\u201c i lako no\u0161enje uz sebe. Omogu\u0107ava jasan i uredan otisak <strong data-start=\"274\" data-end=\"315\">maksimalne povr\u0161ine teksta 38 \u00d7 14 mm<\/strong>, uz mogu\u0107nost personalizacije do <strong data-start=\"349\" data-end=\"366\">4 reda teksta<\/strong> prema va\u0161im potrebama. Zahvaljuju\u0107i ugra\u0111enom jastu\u010di\u0107u, pe\u010dat daje ravnomjerne otiske bez dodatnog nano\u0161enja tinte, a njegova mala veli\u010dina \u010dini ga idealnim za putovanja, terenski rad ili svakodnevnu administrativnu upotrebu. Jednostavan je za kori\u0161\u0107enje \u2014 samo ga izvu\u010de\u0161 i otisne\u0161 \u2014 a kad se ne koristi, lako se zatvori i za\u0161titi. Trodat Pocket Printy 9511 dolazi u razli\u010ditim bojama ku\u0107i\u0161ta i boje tinte po izboru.<\/p>\n\t<div id=\"gap-746009784\" class=\"gap-element clearfix\" style=\"display:block; height:auto;\">\n\t\t\n<style>\n#gap-746009784 {\n  padding-top: 30px;\n}\n<\/style>\n\t<\/div>\n\t\n\n<div class=\"row\"  id=\"row-1833280848\">\n\n\n\t<div id=\"col-1105756505\" class=\"col medium-6 small-12 large-6\"  >\n\t\t\t\t<div class=\"col-inner\"  >\n\t\t\t\n\t\t\t\n\n\t<div class=\"img has-hover x md-x lg-x y md-y lg-y\" id=\"image_1224635907\">\n\t\t\t\t\t\t\t\t<div class=\"img-inner dark\" >\n\t\t\t<img loading=\"lazy\" decoding=\"async\" width=\"427\" height=\"427\" src=\"https:\/\/grafikamojic.com\/wp-content\/uploads\/2025\/12\/9511-Pocket-Printy-black.jpg\" class=\"attachment-large size-large\" alt=\"\" srcset=\"https:\/\/grafikamojic.com\/wp-content\/uploads\/2025\/12\/9511-Pocket-Printy-black.jpg 427w, https:\/\/grafikamojic.com\/wp-content\/uploads\/2025\/12\/9511-Pocket-Printy-black-400x400.jpg 400w, https:\/\/grafikamojic.com\/wp-content\/uploads\/2025\/12\/9511-Pocket-Printy-black-280x280.jpg 280w, https:\/\/grafikamojic.com\/wp-content\/uploads\/2025\/12\/9511-Pocket-Printy-black-100x100.jpg 100w\" sizes=\"auto, (max-width: 427px) 100vw, 427px\" \/>\t\t\t\t\t\t\n\t\t\t\t\t<\/div>\n\t\t\t\t\t\t\t\t\n<style>\n#image_1224635907 {\n  width: 100%;\n}\n<\/style>\n\t<\/div>\n\t\n\n\n\t\t<\/div>\n\t\t\t\t\t<\/div>\n\n\t\n\n\t<div id=\"col-1251635878\" class=\"col medium-6 small-12 large-6\"  >\n\t\t\t\t<div class=\"col-inner text-left\"  >\n\t\t\t\n\t\t\t\n\n\t<div id=\"text-3015890050\" class=\"text\">\n\t\t\n\n<h3 data-start=\"91\" data-end=\"117\">Glavne karakteristike:<\/h3>\n<ul>\n<li data-start=\"861\" data-end=\"973\">\n<p data-start=\"863\" data-end=\"973\"><strong data-start=\"863\" data-end=\"873\">Model:<\/strong> Trodat <strong data-start=\"881\" data-end=\"903\">9511 Pocket Printy<\/strong> (samonatapaju\u0107i d\u017eepni pe\u010dat)<\/p>\n<\/li>\n<li data-start=\"974\" data-end=\"1054\">\n<p data-start=\"976\" data-end=\"1054\"><strong data-start=\"976\" data-end=\"996\">Veli\u010dina otiska:<\/strong> do <strong data-start=\"1000\" data-end=\"1014\">38 \u00d7 14 mm<\/strong><\/p>\n<\/li>\n<li data-start=\"1055\" data-end=\"1134\">\n<p data-start=\"1057\" data-end=\"1134\"><strong data-start=\"1057\" data-end=\"1080\">Broj linija teksta:<\/strong> do <strong data-start=\"1084\" data-end=\"1094\">4 reda<\/strong><\/p>\n<\/li>\n<li data-start=\"1135\" data-end=\"1268\">\n<p data-start=\"1137\" data-end=\"1268\">Kompaktna, <strong data-start=\"1148\" data-end=\"1183\">lagana i prenosiva konstrukcija<\/strong> \u2014 idealno za terenski rad i mobilnu upotrebu<\/p>\n<\/li>\n<li data-start=\"1269\" data-end=\"1376\">\n<p data-start=\"1271\" data-end=\"1376\"><strong data-start=\"1271\" data-end=\"1292\">Ugra\u0111eni jastu\u010di\u0107<\/strong> \u2014 bez potrebe za odvojenim nano\u0161enjem tinte<\/p>\n<\/li>\n<li data-start=\"1377\" data-end=\"1459\">\n<p data-start=\"1379\" data-end=\"1459\">Dostupno u vi\u0161e <strong data-start=\"1395\" data-end=\"1419\">boja ku\u0107i\u0161ta i tinte<\/strong><\/p>\n<\/li>\n<li data-start=\"1460\" data-end=\"1566\">\n<p data-start=\"1462\" data-end=\"1566\">Jednostavno rukovanje i prakti\u010dan dizajn za svakodnevnu upotrebu<\/p>\n<\/li>\n<\/ul>\n\t\t\n<style>\n#text-3015890050 {\n  line-height: 1.85;\n}\n<\/style>\n\t<\/div>\n\t\n\t<div class=\"img has-hover x md-x lg-x y md-y lg-y\" id=\"image_2038317524\">\n\t\t\t\t\t\t\t\t<div class=\"img-inner dark\" >\n\t\t\t<img loading=\"lazy\" decoding=\"async\" width=\"427\" height=\"158\" src=\"https:\/\/grafikamojic.com\/wp-content\/uploads\/2025\/12\/IM_9511_OTTICA_IT-02.jpg\" class=\"attachment-large size-large\" alt=\"\" \/>\t\t\t\t\t\t\n\t\t\t\t\t<\/div>\n\t\t\t\t\t\t\t\t\n<style>\n#image_2038317524 {\n  width: 51%;\n}\n<\/style>\n\t<\/div>\n\t\n\n\n\t\t<\/div>\n\t\t\t\t\t<\/div>\n\n\t\n\n<\/div>\n<div class=\"row align-center\"  id=\"row-1366827121\">\n\n\n\t<div id=\"col-519470246\" class=\"col medium-4 small-12 large-4\"  >\n\t\t\t\t<div class=\"col-inner\"  >\n\t\t\t\n\t\t\t\n\n\t<div class=\"box has-hover   has-hover box-text-bottom\" >\n\n\t\t<div class=\"box-image\" style=\"width:44%;\">\n\t\t\t\t\t\t<div class=\"image-cover\" style=\"padding-top:75%;\">\n\t\t\t\t<img loading=\"lazy\" decoding=\"async\" width=\"252\" height=\"252\" src=\"https:\/\/grafikamojic.com\/wp-content\/uploads\/2025\/08\/863189_icons.png\" class=\"attachment- size-\" alt=\"\" srcset=\"https:\/\/grafikamojic.com\/wp-content\/uploads\/2025\/08\/863189_icons.png 252w, https:\/\/grafikamojic.com\/wp-content\/uploads\/2025\/08\/863189_icons-100x100.png 100w\" sizes=\"auto, (max-width: 252px) 100vw, 252px\" \/>\t\t\t\t\t\t\t\t\t\t\t<\/div>\n\t\t\t\t\t<\/div>\n\n\t\t<div class=\"box-text text-center\" >\n\t\t\t<div class=\"box-text-inner\">\n\t\t\t\t\n\n<p>DOSTUPNE BOJE JASTU\u010cADI<\/p>\n\n\t\t\t<\/div>\n\t\t<\/div>\n\t<\/div>\n\t\n\n\t\t<\/div>\n\t\t\t\t\t<\/div>\n\n\t\n\n\t<div id=\"col-244878749\" class=\"col medium-4 small-12 large-4\"  >\n\t\t\t\t<div class=\"col-inner\"  >\n\t\t\t\n\t\t\t\n\n\t<div class=\"box has-hover   has-hover box-text-bottom\" >\n\n\t\t<div class=\"box-image\" style=\"width:45%;\">\n\t\t\t\t\t\t<div class=\"image-cover\" style=\"padding-top:75%;\">\n\t\t\t\t<img loading=\"lazy\" decoding=\"async\" width=\"2560\" height=\"2560\" src=\"https:\/\/grafikamojic.com\/wp-content\/uploads\/2025\/08\/5-02-scaled.jpg\" class=\"attachment- size-\" alt=\"\" srcset=\"https:\/\/grafikamojic.com\/wp-content\/uploads\/2025\/08\/5-02-scaled.jpg 2560w, https:\/\/grafikamojic.com\/wp-content\/uploads\/2025\/08\/5-02-800x800.jpg 800w, https:\/\/grafikamojic.com\/wp-content\/uploads\/2025\/08\/5-02-scaled-100x100.jpg 100w, https:\/\/grafikamojic.com\/wp-content\/uploads\/2025\/08\/5-02-400x400.jpg 400w, https:\/\/grafikamojic.com\/wp-content\/uploads\/2025\/08\/5-02-280x280.jpg 280w, https:\/\/grafikamojic.com\/wp-content\/uploads\/2025\/08\/5-02-768x768.jpg 768w, https:\/\/grafikamojic.com\/wp-content\/uploads\/2025\/08\/5-02-1536x1536.jpg 1536w, https:\/\/grafikamojic.com\/wp-content\/uploads\/2025\/08\/5-02-2048x2048.jpg 2048w\" sizes=\"auto, (max-width: 2560px) 100vw, 2560px\" \/>\t\t\t\t\t\t\t\t\t\t\t<\/div>\n\t\t\t\t\t<\/div>\n\n\t\t<div class=\"box-text text-center\" >\n\t\t\t<div class=\"box-text-inner\">\n\t\t\t\t\n\n<p>BOJA AUTOMATA<\/p>\n\n\t\t\t<\/div>\n\t\t<\/div>\n\t<\/div>\n\t\n\n\t\t<\/div>\n\t\t\t\t\t<\/div>\n\n\t\n\n<\/div>\n\t<div class=\"ux-menu stack stack-col justify-start floating-menu ux-menu--divider-solid\">\n\t\t\n\n\t<div class=\"ux-menu-link flex menu-item\">\n\t\t<a class=\"ux-menu-link__link flex\" href=\"https:\/\/grafikamojic.com\/hr\/trodat-datumar-printy-4727-2\/\" >\n\t\t\t\t\t\t<span class=\"ux-menu-link__text\">\n\t\t\t\t4727\t\t\t<\/span>\n\t\t<\/a>\n\t<\/div>\n\t\n\n\t<div class=\"ux-menu-link flex menu-item\">\n\t\t<a class=\"ux-menu-link__link flex\" href=\"https:\/\/grafikamojic.com\/hr\/trodat-datumar-printy-4729-2\/\" >\n\t\t\t\t\t\t<span class=\"ux-menu-link__text\">\n\t\t\t\t4729\t\t\t<\/span>\n\t\t<\/a>\n\t<\/div>\n\t\n\n\t<div class=\"ux-menu-link flex menu-item\">\n\t\t<a class=\"ux-menu-link__link flex\" href=\"https:\/\/grafikamojic.com\/hr\/trodat-datumar-printy-4730-2\/\" >\n\t\t\t\t\t\t<span class=\"ux-menu-link__text\">\n\t\t\t\t4730\t\t\t<\/span>\n\t\t<\/a>\n\t<\/div>\n\t\n\n\t<div class=\"ux-menu-link flex menu-item\">\n\t\t<a class=\"ux-menu-link__link flex\" href=\"https:\/\/grafikamojic.com\/hr\/trodat-datumar-printy-4731-2\/\" >\n\t\t\t\t\t\t<span class=\"ux-menu-link__text\">\n\t\t\t\t4731\t\t\t<\/span>\n\t\t<\/a>\n\t<\/div>\n\t\n\n\t<div class=\"ux-menu-link flex menu-item\">\n\t\t<a class=\"ux-menu-link__link flex\" href=\"https:\/\/grafikamojic.com\/hr\/trodat-datumar-printy-4750\/\" >\n\t\t\t\t\t\t<span class=\"ux-menu-link__text\">\n\t\t\t\t4750\t\t\t<\/span>\n\t\t<\/a>\n\t<\/div>\n\t\n\n\t<div class=\"ux-menu-link flex menu-item\">\n\t\t<a class=\"ux-menu-link__link flex\" href=\"https:\/\/grafikamojic.com\/hr\/43132-2\/\" >\n\t\t\t\t\t\t<span class=\"ux-menu-link__text\">\n\t\t\t\t43132\t\t\t<\/span>\n\t\t<\/a>\n\t<\/div>\n\t\n\n\t<div class=\"ux-menu-link flex menu-item\">\n\t\t<a class=\"ux-menu-link__link flex\" href=\"https:\/\/grafikamojic.com\/hr\/trodat-datumar-printy-4724\/\" >\n\t\t\t\t\t\t<span class=\"ux-menu-link__text\">\n\t\t\t\t4724\t\t\t<\/span>\n\t\t<\/a>\n\t<\/div>\n\t\n\n\t<div class=\"ux-menu-link flex menu-item\">\n\t\t<a class=\"ux-menu-link__link flex\" href=\"https:\/\/grafikamojic.com\/hr\/trodat-pecat-printy-46119\/\" >\n\t\t\t\t\t\t<span class=\"ux-menu-link__text\">\n\t\t\t\t46119\t\t\t<\/span>\n\t\t<\/a>\n\t<\/div>\n\t\n\n\t<div class=\"ux-menu-link flex menu-item\">\n\t\t<a class=\"ux-menu-link__link flex\" href=\"https:\/\/grafikamojic.com\/hr\/trodat-pecat-printy-46130\/\" >\n\t\t\t\t\t\t<span class=\"ux-menu-link__text\">\n\t\t\t\t46130\t\t\t<\/span>\n\t\t<\/a>\n\t<\/div>\n\t\n\n\t<div class=\"ux-menu-link flex menu-item\">\n\t\t<a class=\"ux-menu-link__link flex\" href=\"https:\/\/grafikamojic.com\/hr\/trodat-pecat-printy-46140-2\/\" >\n\t\t\t\t\t\t<span class=\"ux-menu-link__text\">\n\t\t\t\t46140\t\t\t<\/span>\n\t\t<\/a>\n\t<\/div>\n\t\n\n\t<div class=\"ux-menu-link flex menu-item\">\n\t\t<a class=\"ux-menu-link__link flex\" href=\"https:\/\/grafikamojic.com\/hr\/trodat-pecat-printy-46145-2\/\" >\n\t\t\t\t\t\t<span class=\"ux-menu-link__text\">\n\t\t\t\t46145\t\t\t<\/span>\n\t\t<\/a>\n\t<\/div>\n\t\n\n\t<div class=\"ux-menu-link flex menu-item\">\n\t\t<a class=\"ux-menu-link__link flex\" href=\"https:\/\/grafikamojic.com\/hr\/trodat-pecat-printy-46140-2\/\" >\n\t\t\t\t\t\t<span class=\"ux-menu-link__text\">\n\t\t\t\t46140\t\t\t<\/span>\n\t\t<\/a>\n\t<\/div>\n\t\n\n\t<div class=\"ux-menu-link flex menu-item\">\n\t\t<a class=\"ux-menu-link__link flex\" href=\"https:\/\/grafikamojic.com\/hr\/trodat-datumar-printy-4800-2\/\" >\n\t\t\t\t\t\t<span class=\"ux-menu-link__text\">\n\t\t\t\t4800\t\t\t<\/span>\n\t\t<\/a>\n\t<\/div>\n\t\n\n\t<div class=\"ux-menu-link flex menu-item\">\n\t\t<a class=\"ux-menu-link__link flex\" href=\"https:\/\/grafikamojic.com\/hr\/trodat-datumar-printy-4820\/\" >\n\t\t\t\t\t\t<span class=\"ux-menu-link__text\">\n\t\t\t\t4820\t\t\t<\/span>\n\t\t<\/a>\n\t<\/div>\n\t\n\n\t<div class=\"ux-menu-link flex menu-item\">\n\t\t<a class=\"ux-menu-link__link flex\" href=\"https:\/\/grafikamojic.com\/hr\/trodat-datumar-printy-4810-2\/\" >\n\t\t\t\t\t\t<span class=\"ux-menu-link__text\">\n\t\t\t\t4810\t\t\t<\/span>\n\t\t<\/a>\n\t<\/div>\n\t\n\n\t<div class=\"ux-menu-link flex menu-item\">\n\t\t<a class=\"ux-menu-link__link flex\" href=\"https:\/\/grafikamojic.com\/hr\/trodat-datumar-printy-4813-2\/\" >\n\t\t\t\t\t\t<span class=\"ux-menu-link__text\">\n\t\t\t\t4813\t\t\t<\/span>\n\t\t<\/a>\n\t<\/div>\n\t\n\n\t<div class=\"ux-menu-link flex menu-item\">\n\t\t<a class=\"ux-menu-link__link flex\" href=\"https:\/\/grafikamojic.com\/hr\/trodat-datumar-printy-4816-2\/\" >\n\t\t\t\t\t\t<span class=\"ux-menu-link__text\">\n\t\t\t\t4816\t\t\t<\/span>\n\t\t<\/a>\n\t<\/div>\n\t\n\n\n\t<\/div>\n\t\n\n","protected":false},"excerpt":{"rendered":"","protected":false},"author":2,"featured_media":0,"parent":0,"menu_order":0,"comment_status":"closed","ping_status":"closed","template":"","meta":{"footnotes":""},"class_list":["post-3863","page","type-page","status-publish","hentry"],"yoast_head":"<!-- This site is optimized with the Yoast SEO plugin v27.4 - https:\/\/yoast.com\/product\/yoast-seo-wordpress\/ -->\n<title>Trodat pe\u010dat d\u017eepni 9511 - Grafi\u010dke ma\u0161ine i repromaterijali<\/title>\n<meta name=\"robots\" content=\"index, follow, max-snippet:-1, max-image-preview:large, max-video-preview:-1\" \/>\n<link rel=\"canonical\" href=\"https:\/\/grafikamojic.com\/hr\/9511-2\/\" \/>\n<meta property=\"og:locale\" content=\"hr_HR\" \/>\n<meta property=\"og:locale:alternate\" content=\"en_US\" \/>\n<meta property=\"og:locale:alternate\" content=\"sr_RS\" \/>\n<meta property=\"og:locale:alternate\" content=\"bs_BA\" \/>\n<meta property=\"og:locale:alternate\" content=\"sq_SQ\" \/>\n<meta property=\"og:type\" content=\"article\" \/>\n<meta property=\"og:title\" content=\"Trodat pe\u010dat d\u017eepni 9511 - Grafi\u010dke ma\u0161ine i repromaterijali\" \/>\n<meta property=\"og:url\" content=\"https:\/\/grafikamojic.com\/hr\/9511-2\/\" \/>\n<meta property=\"og:site_name\" content=\"Grafi\u010dke ma\u0161ine i repromaterijali\" \/>\n<meta property=\"article:modified_time\" content=\"2025-12-13T12:48:02+00:00\" \/>\n<meta name=\"twitter:card\" content=\"summary_large_image\" \/>\n<script type=\"application\/ld+json\" class=\"yoast-schema-graph\">{\"@context\":\"https:\\\/\\\/schema.org\",\"@graph\":[{\"@type\":\"WebPage\",\"@id\":\"https:\\\/\\\/grafikamojic.com\\\/9511-2\\\/\",\"url\":\"https:\\\/\\\/grafikamojic.com\\\/9511-2\\\/\",\"name\":\"Trodat pe\u010dat d\u017eepni 9511 - Grafi\u010dke ma\u0161ine i repromaterijali\",\"isPartOf\":{\"@id\":\"https:\\\/\\\/grafikamojic.com\\\/#website\"},\"datePublished\":\"2025-12-12T13:05:02+00:00\",\"dateModified\":\"2025-12-13T12:48:02+00:00\",\"breadcrumb\":{\"@id\":\"https:\\\/\\\/grafikamojic.com\\\/9511-2\\\/#breadcrumb\"},\"inLanguage\":\"hr\",\"potentialAction\":[{\"@type\":\"ReadAction\",\"target\":[\"https:\\\/\\\/grafikamojic.com\\\/9511-2\\\/\"]}]},{\"@type\":\"BreadcrumbList\",\"@id\":\"https:\\\/\\\/grafikamojic.com\\\/9511-2\\\/#breadcrumb\",\"itemListElement\":[{\"@type\":\"ListItem\",\"position\":1,\"name\":\"Home\",\"item\":\"https:\\\/\\\/grafikamojic.com\\\/\"},{\"@type\":\"ListItem\",\"position\":2,\"name\":\"Trodat pe\u010dat d\u017eepni 9511\"}]},{\"@type\":\"WebSite\",\"@id\":\"https:\\\/\\\/grafikamojic.com\\\/#website\",\"url\":\"https:\\\/\\\/grafikamojic.com\\\/\",\"name\":\"Grafika i laseri\",\"description\":\"\",\"potentialAction\":[{\"@type\":\"SearchAction\",\"target\":{\"@type\":\"EntryPoint\",\"urlTemplate\":\"https:\\\/\\\/grafikamojic.com\\\/?s={search_term_string}\"},\"query-input\":{\"@type\":\"PropertyValueSpecification\",\"valueRequired\":true,\"valueName\":\"search_term_string\"}}],\"inLanguage\":\"hr\"}]}<\/script>\n<!-- \/ Yoast SEO plugin. -->","yoast_head_json":{"title":"Trodat pe\u010dat d\u017eepni 9511 - Grafi\u010dke ma\u0161ine i repromaterijali","robots":{"index":"index","follow":"follow","max-snippet":"max-snippet:-1","max-image-preview":"max-image-preview:large","max-video-preview":"max-video-preview:-1"},"canonical":"https:\/\/grafikamojic.com\/hr\/9511-2\/","og_locale":"hr_HR","og_type":"article","og_title":"Trodat pe\u010dat d\u017eepni 9511 - Grafi\u010dke ma\u0161ine i repromaterijali","og_url":"https:\/\/grafikamojic.com\/hr\/9511-2\/","og_site_name":"Grafi\u010dke ma\u0161ine i repromaterijali","article_modified_time":"2025-12-13T12:48:02+00:00","twitter_card":"summary_large_image","schema":{"@context":"https:\/\/schema.org","@graph":[{"@type":"WebPage","@id":"https:\/\/grafikamojic.com\/9511-2\/","url":"https:\/\/grafikamojic.com\/9511-2\/","name":"Trodat pe\u010dat d\u017eepni 9511 - Grafi\u010dke ma\u0161ine i repromaterijali","isPartOf":{"@id":"https:\/\/grafikamojic.com\/#website"},"datePublished":"2025-12-12T13:05:02+00:00","dateModified":"2025-12-13T12:48:02+00:00","breadcrumb":{"@id":"https:\/\/grafikamojic.com\/9511-2\/#breadcrumb"},"inLanguage":"hr","potentialAction":[{"@type":"ReadAction","target":["https:\/\/grafikamojic.com\/9511-2\/"]}]},{"@type":"BreadcrumbList","@id":"https:\/\/grafikamojic.com\/9511-2\/#breadcrumb","itemListElement":[{"@type":"ListItem","position":1,"name":"Home","item":"https:\/\/grafikamojic.com\/"},{"@type":"ListItem","position":2,"name":"Trodat pe\u010dat d\u017eepni 9511"}]},{"@type":"WebSite","@id":"https:\/\/grafikamojic.com\/#website","url":"https:\/\/grafikamojic.com\/","name":"Grafika i laseri","description":"","potentialAction":[{"@type":"SearchAction","target":{"@type":"EntryPoint","urlTemplate":"https:\/\/grafikamojic.com\/?s={search_term_string}"},"query-input":{"@type":"PropertyValueSpecification","valueRequired":true,"valueName":"search_term_string"}}],"inLanguage":"hr"}]}},"_links":{"self":[{"href":"https:\/\/grafikamojic.com\/hr\/wp-json\/wp\/v2\/pages\/3863","targetHints":{"allow":["GET"]}}],"collection":[{"href":"https:\/\/grafikamojic.com\/hr\/wp-json\/wp\/v2\/pages"}],"about":[{"href":"https:\/\/grafikamojic.com\/hr\/wp-json\/wp\/v2\/types\/page"}],"author":[{"embeddable":true,"href":"https:\/\/grafikamojic.com\/hr\/wp-json\/wp\/v2\/users\/2"}],"replies":[{"embeddable":true,"href":"https:\/\/grafikamojic.com\/hr\/wp-json\/wp\/v2\/comments?post=3863"}],"version-history":[{"count":3,"href":"https:\/\/grafikamojic.com\/hr\/wp-json\/wp\/v2\/pages\/3863\/revisions"}],"predecessor-version":[{"id":4152,"href":"https:\/\/grafikamojic.com\/hr\/wp-json\/wp\/v2\/pages\/3863\/revisions\/4152"}],"wp:attachment":[{"href":"https:\/\/grafikamojic.com\/hr\/wp-json\/wp\/v2\/media?parent=3863"}],"curies":[{"name":"wp","href":"https:\/\/api.w.org\/{rel}","templated":true}]}}