{"id":3221,"date":"2025-11-10T12:38:09","date_gmt":"2025-11-10T11:38:09","guid":{"rendered":"https:\/\/grafikamojic.com\/?page_id=3221"},"modified":"2026-01-30T14:04:42","modified_gmt":"2026-01-30T13:04:42","slug":"mx-370","status":"publish","type":"page","link":"https:\/\/grafikamojic.com\/hr\/mx-370\/","title":{"rendered":"MX-370"},"content":{"rendered":"\n<h1 class=\"thin-font\">Matrix MX-370 &#8211; za besprekornu hladnu laminaciju<\/h1>\n\n\t<section class=\"section\" id=\"section_713351339\">\n\t\t<div class=\"section-bg fill\" >\n\t\t\t\t\t\t\t\t\t\n\t\t\t\n\n\t\t<\/div>\n\n\t\t\n\n\t\t<div class=\"section-content relative\">\n\t\t\t\n\n<div class=\"row align-right\"  id=\"row-284234934\">\n\n\n\t<div id=\"col-536987973\" class=\"col medium-12 small-12 large-11\"  >\n\t\t\t\t<div class=\"col-inner\"  >\n\t\t\t\n\t\t\t\n\n\n  <div class=\"banner has-hover\" id=\"banner-871981601\">\n          <div class=\"banner-inner fill\">\n        <div class=\"banner-bg fill\" >\n            <img loading=\"lazy\" decoding=\"async\" width=\"1020\" height=\"628\" src=\"https:\/\/grafikamojic.com\/wp-content\/uploads\/2025\/11\/MX-370-01-1300x800.jpg\" class=\"bg attachment-large size-large\" alt=\"\" \/>                                    \n                    <\/div>\n\t\t\n        <div class=\"banner-layers container\">\n            <div class=\"fill banner-link\"><\/div>            \n\n   <div id=\"text-box-1897393790\" class=\"text-box banner-layer x50 md-x50 lg-x50 y50 md-y50 lg-y50 res-text\">\n                                <div class=\"text-box-content text dark\">\n              \n              <div class=\"text-inner text-center\">\n                  \n\n\n              <\/div>\n           <\/div>\n                            \n<style>\n#text-box-1897393790 {\n  width: 60%;\n}\n#text-box-1897393790 .text-box-content {\n  font-size: 100%;\n}\n<\/style>\n    <\/div>\n \n\n        <\/div>\n      <\/div>\n\n            \n<style>\n#banner-871981601 {\n  padding-top: 300px;\n  background-color: rgba(255, 255, 255, 0);\n}\n@media (min-width:550px) {\n  #banner-871981601 {\n    padding-top: 550px;\n  }\n}\n<\/style>\n  <\/div>\n\n\n\n\t\t<\/div>\n\t\t\t\t\t<\/div>\n\n\t\n\n<\/div>\n<div class=\"row\"  id=\"row-2100207660\">\n\n\n\t<div id=\"col-153616610\" class=\"col medium-7 small-12 large-5\"  >\n\t\t\t\t<div class=\"col-inner\" style=\"background-color:rgba(255, 255, 255, 0.9);\" >\n\t\t\t\n\t\t\t\n\n\t<div id=\"text-2677061344\" class=\"text\">\n\t\t\n\n<p>Matrix MX-370<\/p>\n\t\t\n<style>\n#text-2677061344 {\n  font-size: 2.5rem;\n  line-height: 1.15;\n}\n<\/style>\n\t<\/div>\n\t\n<p>Veoma \u0161irok temperaturni raspon omogu\u0107ava rad i sa zahtjevnijim materijalima<\/p>\n<a href=\"mailto:zlatko.panic@mojic.com?subject=Upit%20za%20Matrix%20MX-370\" class=\"button secondary is-underline\" >\n\t\t<span>PO\u0160ALJI UPIT<\/span>\n\t<\/a>\n\n\n\n\t\t<\/div>\n\t\t\t\t\n<style>\n#col-153616610 > .col-inner {\n  padding: 0px 0px 0 0px;\n  margin: 0-20px 0px 0px 0px;\n}\n@media (min-width:550px) {\n  #col-153616610 > .col-inner {\n    padding: 8% 5% 5% 5%;\n    margin: -230px 0px 0px 40px;\n  }\n}\n@media (min-width:850px) {\n  #col-153616610 > .col-inner {\n    padding: 8% 5% 5% 0;\n    margin: -465px 0px 0px 0px;\n  }\n}\n<\/style>\n\t<\/div>\n\n\t\n\n<\/div>\n\t<div id=\"text-1137390690\" class=\"text\">\n\t\t\n\n<p>MATRIX MX-370 je profesionalni, jednostrani laminator srednjeg formata, predvi\u0111en za komercijalne \u0161tamparije, digitalne proizvode i print-servise koje \u017eele da uvrste uslugu laminacije u vlastiti pogon. Omogu\u0107ava kvalitetnu laminaciju i za\u0161titu materijala bez potrebe za anga\u017eovanjem vanjske usluge i sa velikom precizno\u0161\u0107u u zavr\u0161noj obradi.<\/p>\n\t\t\n<style>\n#text-1137390690 {\n  text-align: center;\n}\n<\/style>\n\t<\/div>\n\t\n\n\t\t<\/div>\n\n\t\t\n<style>\n#section_713351339 {\n  padding-top: 30px;\n  padding-bottom: 30px;\n  margin-bottom: -40px;\n  min-height: 0px;\n}\n@media (min-width:850px) {\n  #section_713351339 {\n    padding-top: 70px;\n    padding-bottom: 70px;\n  }\n}\n<\/style>\n\t<\/section>\n\t\n\n\t<section class=\"section\" id=\"section_1031866398\">\n\t\t<div class=\"section-bg fill\" >\n\t\t\t\t\t\t\t\t\t\n\t\t\t\n\n\t\t<\/div>\n\n\t\t\n\n\t\t<div class=\"section-content relative\">\n\t\t\t\n\n\t<div id=\"gap-1544231760\" class=\"gap-element clearfix\" style=\"display:block; height:auto;\">\n\t\t\n<style>\n#gap-1544231760 {\n  padding-top: 30px;\n}\n<\/style>\n\t<\/div>\n\t\n\n<div class=\"row align-middle\"  id=\"row-641657990\">\n\n\n\t<div id=\"col-239700809\" class=\"col medium-12 small-12 large-6\"  >\n\t\t\t\t<div class=\"col-inner\"  >\n\t\t\t\n\t\t\t\n\n\n  <div class=\"banner has-hover\" id=\"banner-1148587602\">\n          <div class=\"banner-inner fill\">\n        <div class=\"banner-bg fill\" >\n            <img loading=\"lazy\" decoding=\"async\" width=\"450\" height=\"454\" src=\"https:\/\/grafikamojic.com\/wp-content\/uploads\/2025\/11\/matrix_mx-370p.png\" class=\"bg attachment-large size-large\" alt=\"\" \/>                                    \n                    <\/div>\n\t\t\n        <div class=\"banner-layers container\">\n            <div class=\"fill banner-link\"><\/div>            \n\n   <div id=\"text-box-1816377947\" class=\"text-box banner-layer x50 md-x50 lg-x50 y50 md-y50 lg-y50 res-text\">\n                                <div class=\"text-box-content text dark\">\n              \n              <div class=\"text-inner text-center\">\n                  \n\n\n              <\/div>\n           <\/div>\n                            \n<style>\n#text-box-1816377947 {\n  width: 60%;\n}\n#text-box-1816377947 .text-box-content {\n  font-size: 100%;\n}\n@media (min-width:550px) {\n  #text-box-1816377947 {\n    width: 60%;\n  }\n}\n<\/style>\n    <\/div>\n \n\n        <\/div>\n      <\/div>\n\n            \n<style>\n#banner-1148587602 {\n  padding-top: 300px;\n  background-color: rgba(255, 255, 255, 0);\n}\n#banner-1148587602 .banner-bg img {\n  object-position: 0% 55%;\n}\n@media (min-width:550px) {\n  #banner-1148587602 {\n    padding-top: 375px;\n  }\n}\n@media (min-width:850px) {\n  #banner-1148587602 {\n    padding-top: 536px;\n  }\n}\n<\/style>\n  <\/div>\n\n\n\n\t\t<\/div>\n\t\t\t\t\t<\/div>\n\n\t\n\n\t<div id=\"col-1196840009\" class=\"col medium-12 small-12 large-6\"  >\n\t\t\t\t<div class=\"col-inner\"  >\n\t\t\t\n\t\t\t\n\n\t<div id=\"gap-782355758\" class=\"gap-element clearfix\" style=\"display:block; height:auto;\">\n\t\t\n<style>\n#gap-782355758 {\n  padding-top: 0px;\n}\n@media (min-width:850px) {\n  #gap-782355758 {\n    padding-top: 30px;\n  }\n}\n<\/style>\n\t<\/div>\n\t\n\n\t<div id=\"text-2189425958\" class=\"text\">\n\t\t\n\n<p>Za\u0161to MX-370<\/p>\n\t\t\n<style>\n#text-2189425958 {\n  font-size: 1.25rem;\n}\n<\/style>\n\t<\/div>\n\t\n<ul>\n<li data-start=\"469\" data-end=\"521\">\n<p data-start=\"471\" data-end=\"521\">Maksimalna laminacijska \u0161irina filma: <strong data-start=\"509\" data-end=\"519\">375 mm<\/strong><\/p>\n<\/li>\n<li data-start=\"522\" data-end=\"583\">\n<p data-start=\"524\" data-end=\"583\">Maksimalna \u0161irina formata za obradu: otprilike <strong data-start=\"571\" data-end=\"581\">420 mm<\/strong><\/p>\n<\/li>\n<li data-start=\"584\" data-end=\"629\">\n<p data-start=\"586\" data-end=\"629\">Laminacijska brzina: <strong data-start=\"607\" data-end=\"627\">do 10 000 mm\/min<\/strong><\/p>\n<\/li>\n<li data-start=\"630\" data-end=\"682\">\n<p data-start=\"632\" data-end=\"682\">Raspon temperature laminacije: <strong data-start=\"663\" data-end=\"680\">0 \u00b0C \u2013 140 \u00b0C<\/strong><\/p>\n<\/li>\n<li data-start=\"683\" data-end=\"732\">\n<p data-start=\"685\" data-end=\"732\">Vrijeme zagrijavanja: otprilike <strong data-start=\"717\" data-end=\"730\">10 minuta<\/strong><\/p>\n<\/li>\n<li data-start=\"733\" data-end=\"771\">\n<p data-start=\"735\" data-end=\"771\">Sistem pritiska: ru\u010dno pode\u0161avanje<\/p>\n<\/li>\n<\/ul>\n<a href=\"mailto:zlatko.panic@mojic.com?subject=Upit%20za%20Matrix%20MX-370\" class=\"button secondary is-underline\" >\n\t\t<span>po\u0161alji upit<\/span>\n\t<\/a>\n\n\n\n\t\t<\/div>\n\t\t\t\t\n<style>\n#col-1196840009 > .col-inner {\n  padding: 0px 0 0px 0px;\n}\n@media (min-width:550px) {\n  #col-1196840009 > .col-inner {\n    padding: 0px 15% 0px 0px;\n  }\n}\n@media (min-width:850px) {\n  #col-1196840009 > .col-inner {\n    padding: 0px 0px 0px 15%;\n  }\n}\n<\/style>\n\t<\/div>\n\n\t\n\n<\/div>\n<div class=\"row\"  id=\"row-2048371252\">\n\n\n\t<div id=\"col-1129368566\" class=\"col small-12 large-12\"  >\n\t\t\t\t<div class=\"col-inner text-center\"  >\n\t\t\t\n\t\t\t\n\n<a href=\"https:\/\/grafikamojic.com\/wp-content\/uploads\/2026\/01\/Matrix-MX-370-Datasheet-GB.pdf\" class=\"button primary\" style=\"border-radius:99px;\">\n\t\t<span>tehni\u010dki list<\/span>\n\t<\/a>\n\n\n\n\t\t<\/div>\n\t\t\t\t\t<\/div>\n\n\t\n\n<\/div>\n\n\t\t<\/div>\n\n\t\t\n<style>\n#section_1031866398 {\n  padding-top: 15px;\n  padding-bottom: 15px;\n}\n@media (min-width:550px) {\n  #section_1031866398 {\n    padding-top: 30px;\n    padding-bottom: 30px;\n  }\n}\n@media (min-width:850px) {\n  #section_1031866398 {\n    padding-top: 50px;\n    padding-bottom: 50px;\n  }\n}\n<\/style>\n\t<\/section>\n\t\n\n\t<section class=\"section\" id=\"section_1390688463\">\n\t\t<div class=\"section-bg fill\" >\n\t\t\t\t\t\t\t\t\t\n\t\t\t\n\n\t\t<\/div>\n\n\t\t\n\n\t\t<div class=\"section-content relative\">\n\t\t\t\n\n<div class=\"row align-right\"  id=\"row-194648341\">\n\n\n\t<div id=\"col-442822346\" class=\"col medium-9 small-12 large-9\"  >\n\t\t\t\t<div class=\"col-inner\"  >\n\t\t\t\n\t\t\t\n\n\n  <div class=\"banner has-hover\" id=\"banner-426071600\">\n          <div class=\"banner-inner fill\">\n        <div class=\"banner-bg fill\" >\n            <img loading=\"lazy\" decoding=\"async\" width=\"700\" height=\"467\" src=\"https:\/\/grafikamojic.com\/wp-content\/uploads\/2025\/11\/easymount_air_03-OPT.jpg\" class=\"bg attachment-large size-large\" alt=\"\" \/>                                    \n                    <\/div>\n\t\t\n        <div class=\"banner-layers container\">\n            <div class=\"fill banner-link\"><\/div>            \n\n   <div id=\"text-box-295294720\" class=\"text-box banner-layer x50 md-x50 lg-x50 y50 md-y50 lg-y50 res-text\">\n                                <div class=\"text-box-content text dark\">\n              \n              <div class=\"text-inner text-center\">\n                  \n\n\n              <\/div>\n           <\/div>\n                            \n<style>\n#text-box-295294720 {\n  width: 60%;\n}\n#text-box-295294720 .text-box-content {\n  font-size: 100%;\n}\n@media (min-width:550px) {\n  #text-box-295294720 {\n    width: 60%;\n  }\n}\n<\/style>\n    <\/div>\n \n\n        <\/div>\n      <\/div>\n\n            \n<style>\n#banner-426071600 {\n  padding-top: 300px;\n  background-color: rgba(255, 255, 255, 0);\n}\n@media (min-width:550px) {\n  #banner-426071600 {\n    padding-top: 500px;\n  }\n}\n<\/style>\n  <\/div>\n\n\n\n\t\t<\/div>\n\t\t\t\t\n<style>\n#col-442822346 > .col-inner {\n  margin: 0px 0px -55px 0px;\n}\n<\/style>\n\t<\/div>\n\n\t\n\n<\/div>\n<div class=\"row\"  id=\"row-620224151\">\n\n\n\t<div id=\"col-613542387\" class=\"col medium-7 small-12 large-6\"  >\n\t\t\t\t<div class=\"col-inner\" style=\"background-color:rgba(255, 255, 255, 0.9);\" >\n\t\t\t\n\t\t\t\n\n\t<div id=\"text-3904663226\" class=\"text\">\n\t\t\n\n<p>Gdje se MX-370 koristi<\/p>\n\t\t\n<style>\n#text-3904663226 {\n  font-size: 1.25rem;\n}\n<\/style>\n\t<\/div>\n\t\n<ul>\n<li data-start=\"931\" data-end=\"1016\">\n<p data-start=\"933\" data-end=\"1016\">laminaciju i za\u0161titu manjih do srednjih formata (meniji, bro\u0161ure, knjige, folije)<\/p>\n<\/li>\n<li data-start=\"1017\" data-end=\"1082\">\n<p data-start=\"1019\" data-end=\"1082\">digitalne print-radove koji trebaju visok kvalitet laminacije<\/p>\n<\/li>\n<li data-start=\"1083\" data-end=\"1172\">\n<p data-start=\"1085\" data-end=\"1172\">radionice koje \u017eele da obave laminaciju \u201cin-house\u201d, bez anga\u017eovanja vanjskog partnera<\/p>\n<\/li>\n<\/ul>\n<a href=\"mailto:zlatko.panic@mojic.com?subject=Upit%20za%20Matrix%20MX-370\" class=\"button secondary is-underline\" >\n\t\t<span>po\u0161alji upit<\/span>\n\t<\/a>\n\n\n\n\t\t<\/div>\n\t\t\t\t\n<style>\n#col-613542387 > .col-inner {\n  padding: 30px 30px 20px 30px;\n  margin: 25px 0px 0px 0px;\n}\n@media (min-width:550px) {\n  #col-613542387 > .col-inner {\n    padding: 10% 10% 8% 10%;\n    margin: -395px 0px 0px 0px;\n  }\n}\n<\/style>\n\t<\/div>\n\n\t\n\n<\/div>\n\n\t\t<\/div>\n\n\t\t\n<style>\n#section_1390688463 {\n  padding-top: 50px;\n  padding-bottom: 50px;\n  background-color: rgb(247, 246, 242);\n}\n@media (min-width:850px) {\n  #section_1390688463 {\n    padding-top: 80px;\n    padding-bottom: 80px;\n  }\n}\n<\/style>\n\t<\/section>\n\t\n\n","protected":false},"excerpt":{"rendered":"","protected":false},"author":2,"featured_media":0,"parent":0,"menu_order":0,"comment_status":"closed","ping_status":"closed","template":"","meta":{"footnotes":""},"class_list":["post-3221","page","type-page","status-publish","hentry"],"yoast_head":"<!-- This site is optimized with the Yoast SEO plugin v27.4 - https:\/\/yoast.com\/product\/yoast-seo-wordpress\/ -->\n<title>MX-370<\/title>\n<meta name=\"robots\" content=\"index, follow, max-snippet:-1, max-image-preview:large, max-video-preview:-1\" \/>\n<link rel=\"canonical\" href=\"https:\/\/grafikamojic.com\/hr\/mx-370\/\" \/>\n<meta property=\"og:locale\" content=\"hr_HR\" \/>\n<meta property=\"og:locale:alternate\" content=\"en_US\" \/>\n<meta property=\"og:locale:alternate\" content=\"sr_RS\" \/>\n<meta property=\"og:locale:alternate\" content=\"bs_BA\" \/>\n<meta property=\"og:locale:alternate\" content=\"sq_SQ\" \/>\n<meta property=\"og:type\" content=\"article\" \/>\n<meta property=\"og:title\" content=\"MX-370\" \/>\n<meta property=\"og:url\" content=\"https:\/\/grafikamojic.com\/hr\/mx-370\/\" \/>\n<meta property=\"og:site_name\" content=\"Grafi\u010dke ma\u0161ine i repromaterijali\" \/>\n<meta property=\"article:modified_time\" content=\"2026-01-30T13:04:42+00:00\" \/>\n<meta name=\"twitter:card\" content=\"summary_large_image\" \/>\n<meta name=\"twitter:label1\" content=\"Procijenjeno vrijeme \u010ditanja\" \/>\n\t<meta name=\"twitter:data1\" content=\"3 minute\" \/>\n<script type=\"application\/ld+json\" class=\"yoast-schema-graph\">{\"@context\":\"https:\\\/\\\/schema.org\",\"@graph\":[{\"@type\":\"WebPage\",\"@id\":\"https:\\\/\\\/grafikamojic.com\\\/mx-370\\\/\",\"url\":\"https:\\\/\\\/grafikamojic.com\\\/mx-370\\\/\",\"name\":\"MX-370\",\"isPartOf\":{\"@id\":\"https:\\\/\\\/grafikamojic.com\\\/#website\"},\"datePublished\":\"2025-11-10T11:38:09+00:00\",\"dateModified\":\"2026-01-30T13:04:42+00:00\",\"breadcrumb\":{\"@id\":\"https:\\\/\\\/grafikamojic.com\\\/mx-370\\\/#breadcrumb\"},\"inLanguage\":\"hr\",\"potentialAction\":[{\"@type\":\"ReadAction\",\"target\":[\"https:\\\/\\\/grafikamojic.com\\\/mx-370\\\/\"]}]},{\"@type\":\"BreadcrumbList\",\"@id\":\"https:\\\/\\\/grafikamojic.com\\\/mx-370\\\/#breadcrumb\",\"itemListElement\":[{\"@type\":\"ListItem\",\"position\":1,\"name\":\"Home\",\"item\":\"https:\\\/\\\/grafikamojic.com\\\/\"},{\"@type\":\"ListItem\",\"position\":2,\"name\":\"MX-370\"}]},{\"@type\":\"WebSite\",\"@id\":\"https:\\\/\\\/grafikamojic.com\\\/#website\",\"url\":\"https:\\\/\\\/grafikamojic.com\\\/\",\"name\":\"Grafika i laseri\",\"description\":\"\",\"potentialAction\":[{\"@type\":\"SearchAction\",\"target\":{\"@type\":\"EntryPoint\",\"urlTemplate\":\"https:\\\/\\\/grafikamojic.com\\\/?s={search_term_string}\"},\"query-input\":{\"@type\":\"PropertyValueSpecification\",\"valueRequired\":true,\"valueName\":\"search_term_string\"}}],\"inLanguage\":\"hr\"}]}<\/script>\n<!-- \/ Yoast SEO plugin. -->","yoast_head_json":{"title":"MX-370","robots":{"index":"index","follow":"follow","max-snippet":"max-snippet:-1","max-image-preview":"max-image-preview:large","max-video-preview":"max-video-preview:-1"},"canonical":"https:\/\/grafikamojic.com\/hr\/mx-370\/","og_locale":"hr_HR","og_type":"article","og_title":"[:bs]MX-370[:] - Grafi\u010dke ma\u0161ine i repromaterijali","og_url":"https:\/\/grafikamojic.com\/hr\/mx-370\/","og_site_name":"Grafi\u010dke ma\u0161ine i repromaterijali","article_modified_time":"2026-01-30T13:04:42+00:00","twitter_card":"summary_large_image","twitter_misc":{"Procijenjeno vrijeme \u010ditanja":"3 minute"},"schema":{"@context":"https:\/\/schema.org","@graph":[{"@type":"WebPage","@id":"https:\/\/grafikamojic.com\/mx-370\/","url":"https:\/\/grafikamojic.com\/mx-370\/","name":"MX-370","isPartOf":{"@id":"https:\/\/grafikamojic.com\/#website"},"datePublished":"2025-11-10T11:38:09+00:00","dateModified":"2026-01-30T13:04:42+00:00","breadcrumb":{"@id":"https:\/\/grafikamojic.com\/mx-370\/#breadcrumb"},"inLanguage":"hr","potentialAction":[{"@type":"ReadAction","target":["https:\/\/grafikamojic.com\/mx-370\/"]}]},{"@type":"BreadcrumbList","@id":"https:\/\/grafikamojic.com\/mx-370\/#breadcrumb","itemListElement":[{"@type":"ListItem","position":1,"name":"Home","item":"https:\/\/grafikamojic.com\/"},{"@type":"ListItem","position":2,"name":"MX-370"}]},{"@type":"WebSite","@id":"https:\/\/grafikamojic.com\/#website","url":"https:\/\/grafikamojic.com\/","name":"Grafika i laseri","description":"","potentialAction":[{"@type":"SearchAction","target":{"@type":"EntryPoint","urlTemplate":"https:\/\/grafikamojic.com\/?s={search_term_string}"},"query-input":{"@type":"PropertyValueSpecification","valueRequired":true,"valueName":"search_term_string"}}],"inLanguage":"hr"}]}},"_links":{"self":[{"href":"https:\/\/grafikamojic.com\/hr\/wp-json\/wp\/v2\/pages\/3221","targetHints":{"allow":["GET"]}}],"collection":[{"href":"https:\/\/grafikamojic.com\/hr\/wp-json\/wp\/v2\/pages"}],"about":[{"href":"https:\/\/grafikamojic.com\/hr\/wp-json\/wp\/v2\/types\/page"}],"author":[{"embeddable":true,"href":"https:\/\/grafikamojic.com\/hr\/wp-json\/wp\/v2\/users\/2"}],"replies":[{"embeddable":true,"href":"https:\/\/grafikamojic.com\/hr\/wp-json\/wp\/v2\/comments?post=3221"}],"version-history":[{"count":4,"href":"https:\/\/grafikamojic.com\/hr\/wp-json\/wp\/v2\/pages\/3221\/revisions"}],"predecessor-version":[{"id":5129,"href":"https:\/\/grafikamojic.com\/hr\/wp-json\/wp\/v2\/pages\/3221\/revisions\/5129"}],"wp:attachment":[{"href":"https:\/\/grafikamojic.com\/hr\/wp-json\/wp\/v2\/media?parent=3221"}],"curies":[{"name":"wp","href":"https:\/\/api.w.org\/{rel}","templated":true}]}}