{"id":2946,"date":"2025-10-27T09:54:53","date_gmt":"2025-10-27T08:54:53","guid":{"rendered":"https:\/\/grafikamojic.com\/?page_id=2946"},"modified":"2025-12-13T12:45:00","modified_gmt":"2025-12-13T11:45:00","slug":"trodat-datumar-printy-4724","status":"publish","type":"page","link":"https:\/\/grafikamojic.com\/hr\/trodat-datumar-printy-4724\/","title":{"rendered":"Trodat datumar Printy  4724"},"content":{"rendered":"\n<h2>Trodat Printy 4724<\/h2>\n<p>Trodat\u202f4724 je kvadratni samonatapaju\u0107i datumski pe\u010dat koji omogu\u0107ava kombinovanje automatskog datuma sa prilago\u0111enim tekstom \u2013 idealan za kancelarije, evidenciju i administraciju gdje je potreban uredan i pregledan otisak. Prema proizvo\u0111a\u010du, maksimalna povr\u0161ina za tekst iznosi <strong data-start=\"458\" data-end=\"472\">39 \u00d7 39 mm<\/strong>. <span class=\"\" data-state=\"closed\"><span class=\"ms-1 inline-flex max-w-full items-center relative top-[-0.094rem] animate-[show_150ms_ease-in]\" data-testid=\"webpage-citation-pill\"><a class=\"flex h-4.5 overflow-hidden rounded-xl px-2 text-[9px] font-medium transition-colors duration-150 ease-in-out text-token-text-secondary! bg-[#F4F4F4]! dark:bg-[#303030]!\" href=\"https:\/\/www.trodat.net\/int\/en\/products\/b2c\/c1\/at-work\/c2\/original-trodat-printy\/c3\/date-stamp-with-text\/p\/4724?utm_source=chatgpt.com\" target=\"_blank\" rel=\"noopener\"><span class=\"relative start-0 bottom-0 flex h-full w-full items-center\"><span class=\"flex h-4 w-full items-center justify-between overflow-hidden\"><span class=\"max-w-[15ch] grow truncate overflow-hidden text-center\">trodat.net<\/span><\/span><\/span><\/a><\/span><\/span> Broj linija teksta mo\u017ee biti do <strong data-start=\"544\" data-end=\"586\">3 linije iznad i 3 linije ispod datuma<\/strong>. Visina znaka datuma iznosi <strong data-start=\"653\" data-end=\"661\">3 mm<\/strong>.<\/p>\n\t<div id=\"gap-1112172282\" class=\"gap-element clearfix\" style=\"display:block; height:auto;\">\n\t\t\n<style>\n#gap-1112172282 {\n  padding-top: 30px;\n}\n<\/style>\n\t<\/div>\n\t\n\n<div class=\"row\"  id=\"row-1474933500\">\n\n\n\t<div id=\"col-402072836\" class=\"col medium-6 small-12 large-6\"  >\n\t\t\t\t<div class=\"col-inner\"  >\n\t\t\t\n\t\t\t\n\n\t<div class=\"img has-hover x md-x lg-x y md-y lg-y\" id=\"image_317523372\">\n\t\t\t\t\t\t\t\t<div class=\"img-inner dark\" >\n\t\t\t<img loading=\"lazy\" decoding=\"async\" width=\"427\" height=\"427\" src=\"https:\/\/grafikamojic.com\/wp-content\/uploads\/2025\/10\/177368_PL6F_PR_4724_P2F_front_Black.jpg\" class=\"attachment-large size-large\" alt=\"\" srcset=\"https:\/\/grafikamojic.com\/wp-content\/uploads\/2025\/10\/177368_PL6F_PR_4724_P2F_front_Black.jpg 427w, https:\/\/grafikamojic.com\/wp-content\/uploads\/2025\/10\/177368_PL6F_PR_4724_P2F_front_Black-400x400.jpg 400w, https:\/\/grafikamojic.com\/wp-content\/uploads\/2025\/10\/177368_PL6F_PR_4724_P2F_front_Black-280x280.jpg 280w, https:\/\/grafikamojic.com\/wp-content\/uploads\/2025\/10\/177368_PL6F_PR_4724_P2F_front_Black-100x100.jpg 100w\" sizes=\"auto, (max-width: 427px) 100vw, 427px\" \/>\t\t\t\t\t\t\n\t\t\t\t\t<\/div>\n\t\t\t\t\t\t\t\t\n<style>\n#image_317523372 {\n  width: 100%;\n}\n<\/style>\n\t<\/div>\n\t\n\n\n\t\t<\/div>\n\t\t\t\t\t<\/div>\n\n\t\n\n\t<div id=\"col-1197253930\" class=\"col medium-6 small-12 large-6\"  >\n\t\t\t\t<div class=\"col-inner text-left\"  >\n\t\t\t\n\t\t\t\n\n\t<div id=\"text-2752778416\" class=\"text\">\n\t\t\n\n<h3 data-start=\"91\" data-end=\"117\">Glavne karakteristike:<\/h3>\n<ul>\n<li data-start=\"956\" data-end=\"1011\">\n<p data-start=\"958\" data-end=\"1011\">Samonatapaju\u0107i datumski pe\u010dat sa prostorom za tekst<\/p>\n<\/li>\n<li data-start=\"1012\" data-end=\"1048\">\n<p data-start=\"1014\" data-end=\"1048\">Dimenzije otiska: <strong data-start=\"1032\" data-end=\"1046\">39 \u00d7 39 mm<\/strong><\/p>\n<\/li>\n<li data-start=\"1049\" data-end=\"1082\">\n<p data-start=\"1051\" data-end=\"1082\">Visina znaka datuma: <strong data-start=\"1072\" data-end=\"1080\">3 mm<\/strong><\/p>\n<\/li>\n<li data-start=\"1083\" data-end=\"1157\">\n<p data-start=\"1085\" data-end=\"1157\">Prostor za do <strong data-start=\"1099\" data-end=\"1155\">3 linije teksta iznad i 3 linije teksta ispod datuma<\/strong><\/p>\n<\/li>\n<li data-start=\"1158\" data-end=\"1201\">\n<p data-start=\"1160\" data-end=\"1201\">Robustna konstrukcija: metal + plastika<\/p>\n<\/li>\n<li data-start=\"1202\" data-end=\"1252\">\n<p data-start=\"1204\" data-end=\"1252\">Zamjenjivo jastu\u010de \u2013 jednostavna zamjena tinte<\/p>\n<\/li>\n<li data-start=\"1253\" data-end=\"1314\">\n<p data-start=\"1255\" data-end=\"1314\">Namjena: dokumenti, evidencija, kancelarije, administracija<\/p>\n<\/li>\n<\/ul>\n\t\t\n<style>\n#text-2752778416 {\n  line-height: 1.85;\n}\n<\/style>\n\t<\/div>\n\t\n\t<div class=\"img has-hover x md-x lg-x y md-y lg-y\" id=\"image_873394992\">\n\t\t\t\t\t\t\t\t<div class=\"img-inner dark\" >\n\t\t\t<img loading=\"lazy\" decoding=\"async\" width=\"427\" height=\"426\" src=\"https:\/\/grafikamojic.com\/wp-content\/uploads\/2025\/10\/IM_4724_Food_5S_GB_03.jpg\" class=\"attachment-large size-large\" alt=\"\" srcset=\"https:\/\/grafikamojic.com\/wp-content\/uploads\/2025\/10\/IM_4724_Food_5S_GB_03.jpg 427w, https:\/\/grafikamojic.com\/wp-content\/uploads\/2025\/10\/IM_4724_Food_5S_GB_03-401x400.jpg 401w, https:\/\/grafikamojic.com\/wp-content\/uploads\/2025\/10\/IM_4724_Food_5S_GB_03-280x280.jpg 280w, https:\/\/grafikamojic.com\/wp-content\/uploads\/2025\/10\/IM_4724_Food_5S_GB_03-100x100.jpg 100w\" sizes=\"auto, (max-width: 427px) 100vw, 427px\" \/>\t\t\t\t\t\t\n\t\t\t\t\t<\/div>\n\t\t\t\t\t\t\t\t\n<style>\n#image_873394992 {\n  width: 41%;\n}\n<\/style>\n\t<\/div>\n\t\n\n\n\t\t<\/div>\n\t\t\t\t\t<\/div>\n\n\t\n\n<\/div>\n<div class=\"row align-center\"  id=\"row-1903554715\">\n\n\n\t<div id=\"col-1510881651\" class=\"col medium-4 small-12 large-4\"  >\n\t\t\t\t<div class=\"col-inner\"  >\n\t\t\t\n\t\t\t\n\n\t<div class=\"box has-hover   has-hover box-text-bottom\" >\n\n\t\t<div class=\"box-image\" style=\"width:44%;\">\n\t\t\t\t\t\t<div class=\"image-cover\" style=\"padding-top:75%;\">\n\t\t\t\t<img loading=\"lazy\" decoding=\"async\" width=\"252\" height=\"252\" src=\"https:\/\/grafikamojic.com\/wp-content\/uploads\/2025\/08\/863189_icons.png\" class=\"attachment- size-\" alt=\"\" srcset=\"https:\/\/grafikamojic.com\/wp-content\/uploads\/2025\/08\/863189_icons.png 252w, https:\/\/grafikamojic.com\/wp-content\/uploads\/2025\/08\/863189_icons-100x100.png 100w\" sizes=\"auto, (max-width: 252px) 100vw, 252px\" \/>\t\t\t\t\t\t\t\t\t\t\t<\/div>\n\t\t\t\t\t<\/div>\n\n\t\t<div class=\"box-text text-center\" >\n\t\t\t<div class=\"box-text-inner\">\n\t\t\t\t\n\n<p>DOSTUPNE BOJE JASTU\u010cADI<\/p>\n\n\t\t\t<\/div>\n\t\t<\/div>\n\t<\/div>\n\t\n\n\t\t<\/div>\n\t\t\t\t\t<\/div>\n\n\t\n\n\t<div id=\"col-1358202533\" class=\"col medium-4 small-12 large-4\"  >\n\t\t\t\t<div class=\"col-inner\"  >\n\t\t\t\n\t\t\t\n\n\t<div class=\"box has-hover   has-hover box-text-bottom\" >\n\n\t\t<div class=\"box-image\" style=\"width:45%;\">\n\t\t\t\t\t\t<div class=\"image-cover\" style=\"padding-top:75%;\">\n\t\t\t\t<img loading=\"lazy\" decoding=\"async\" width=\"2560\" height=\"2560\" src=\"https:\/\/grafikamojic.com\/wp-content\/uploads\/2025\/08\/5-02-scaled.jpg\" class=\"attachment- size-\" alt=\"\" srcset=\"https:\/\/grafikamojic.com\/wp-content\/uploads\/2025\/08\/5-02-scaled.jpg 2560w, https:\/\/grafikamojic.com\/wp-content\/uploads\/2025\/08\/5-02-800x800.jpg 800w, https:\/\/grafikamojic.com\/wp-content\/uploads\/2025\/08\/5-02-scaled-100x100.jpg 100w, https:\/\/grafikamojic.com\/wp-content\/uploads\/2025\/08\/5-02-400x400.jpg 400w, https:\/\/grafikamojic.com\/wp-content\/uploads\/2025\/08\/5-02-280x280.jpg 280w, https:\/\/grafikamojic.com\/wp-content\/uploads\/2025\/08\/5-02-768x768.jpg 768w, https:\/\/grafikamojic.com\/wp-content\/uploads\/2025\/08\/5-02-1536x1536.jpg 1536w, https:\/\/grafikamojic.com\/wp-content\/uploads\/2025\/08\/5-02-2048x2048.jpg 2048w\" sizes=\"auto, (max-width: 2560px) 100vw, 2560px\" \/>\t\t\t\t\t\t\t\t\t\t\t<\/div>\n\t\t\t\t\t<\/div>\n\n\t\t<div class=\"box-text text-center\" >\n\t\t\t<div class=\"box-text-inner\">\n\t\t\t\t\n\n<p>BOJA AUTOMATA<\/p>\n\n\t\t\t<\/div>\n\t\t<\/div>\n\t<\/div>\n\t\n\n\t\t<\/div>\n\t\t\t\t\t<\/div>\n\n\t\n\n<\/div>\n\n","protected":false},"excerpt":{"rendered":"","protected":false},"author":2,"featured_media":0,"parent":0,"menu_order":0,"comment_status":"closed","ping_status":"closed","template":"","meta":{"footnotes":""},"class_list":["post-2946","page","type-page","status-publish","hentry"],"yoast_head":"<!-- This site is optimized with the Yoast SEO plugin v27.4 - https:\/\/yoast.com\/product\/yoast-seo-wordpress\/ -->\n<title>Trodat datumar Printy 4724 - Grafi\u010dke ma\u0161ine i repromaterijali<\/title>\n<meta name=\"robots\" content=\"index, follow, max-snippet:-1, max-image-preview:large, max-video-preview:-1\" \/>\n<link rel=\"canonical\" href=\"https:\/\/grafikamojic.com\/hr\/trodat-datumar-printy-4724\/\" \/>\n<meta property=\"og:locale\" content=\"hr_HR\" \/>\n<meta property=\"og:locale:alternate\" content=\"en_US\" \/>\n<meta property=\"og:locale:alternate\" content=\"sr_RS\" \/>\n<meta property=\"og:locale:alternate\" content=\"bs_BA\" \/>\n<meta property=\"og:locale:alternate\" content=\"sq_SQ\" \/>\n<meta property=\"og:type\" content=\"article\" \/>\n<meta property=\"og:title\" content=\"Trodat datumar Printy 4724 - Grafi\u010dke ma\u0161ine i repromaterijali\" \/>\n<meta property=\"og:url\" content=\"https:\/\/grafikamojic.com\/hr\/trodat-datumar-printy-4724\/\" \/>\n<meta property=\"og:site_name\" content=\"Grafi\u010dke ma\u0161ine i repromaterijali\" \/>\n<meta property=\"article:modified_time\" content=\"2025-12-13T11:45:00+00:00\" \/>\n<meta name=\"twitter:card\" content=\"summary_large_image\" \/>\n<meta name=\"twitter:label1\" content=\"Procijenjeno vrijeme \u010ditanja\" \/>\n\t<meta name=\"twitter:data1\" content=\"1 minuta\" \/>\n<script type=\"application\/ld+json\" class=\"yoast-schema-graph\">{\"@context\":\"https:\\\/\\\/schema.org\",\"@graph\":[{\"@type\":\"WebPage\",\"@id\":\"https:\\\/\\\/grafikamojic.com\\\/trodat-datumar-printy-4724\\\/\",\"url\":\"https:\\\/\\\/grafikamojic.com\\\/trodat-datumar-printy-4724\\\/\",\"name\":\"Trodat datumar Printy 4724 - Grafi\u010dke ma\u0161ine i repromaterijali\",\"isPartOf\":{\"@id\":\"https:\\\/\\\/grafikamojic.com\\\/#website\"},\"datePublished\":\"2025-10-27T08:54:53+00:00\",\"dateModified\":\"2025-12-13T11:45:00+00:00\",\"breadcrumb\":{\"@id\":\"https:\\\/\\\/grafikamojic.com\\\/trodat-datumar-printy-4724\\\/#breadcrumb\"},\"inLanguage\":\"hr\",\"potentialAction\":[{\"@type\":\"ReadAction\",\"target\":[\"https:\\\/\\\/grafikamojic.com\\\/trodat-datumar-printy-4724\\\/\"]}]},{\"@type\":\"BreadcrumbList\",\"@id\":\"https:\\\/\\\/grafikamojic.com\\\/trodat-datumar-printy-4724\\\/#breadcrumb\",\"itemListElement\":[{\"@type\":\"ListItem\",\"position\":1,\"name\":\"Home\",\"item\":\"https:\\\/\\\/grafikamojic.com\\\/\"},{\"@type\":\"ListItem\",\"position\":2,\"name\":\"Trodat datumar Printy 4724\"}]},{\"@type\":\"WebSite\",\"@id\":\"https:\\\/\\\/grafikamojic.com\\\/#website\",\"url\":\"https:\\\/\\\/grafikamojic.com\\\/\",\"name\":\"Grafika i laseri\",\"description\":\"\",\"potentialAction\":[{\"@type\":\"SearchAction\",\"target\":{\"@type\":\"EntryPoint\",\"urlTemplate\":\"https:\\\/\\\/grafikamojic.com\\\/?s={search_term_string}\"},\"query-input\":{\"@type\":\"PropertyValueSpecification\",\"valueRequired\":true,\"valueName\":\"search_term_string\"}}],\"inLanguage\":\"hr\"}]}<\/script>\n<!-- \/ Yoast SEO plugin. -->","yoast_head_json":{"title":"Trodat datumar Printy 4724 - Grafi\u010dke ma\u0161ine i repromaterijali","robots":{"index":"index","follow":"follow","max-snippet":"max-snippet:-1","max-image-preview":"max-image-preview:large","max-video-preview":"max-video-preview:-1"},"canonical":"https:\/\/grafikamojic.com\/hr\/trodat-datumar-printy-4724\/","og_locale":"hr_HR","og_type":"article","og_title":"Trodat datumar Printy 4724 - Grafi\u010dke ma\u0161ine i repromaterijali","og_url":"https:\/\/grafikamojic.com\/hr\/trodat-datumar-printy-4724\/","og_site_name":"Grafi\u010dke ma\u0161ine i repromaterijali","article_modified_time":"2025-12-13T11:45:00+00:00","twitter_card":"summary_large_image","twitter_misc":{"Procijenjeno vrijeme \u010ditanja":"1 minuta"},"schema":{"@context":"https:\/\/schema.org","@graph":[{"@type":"WebPage","@id":"https:\/\/grafikamojic.com\/trodat-datumar-printy-4724\/","url":"https:\/\/grafikamojic.com\/trodat-datumar-printy-4724\/","name":"Trodat datumar Printy 4724 - Grafi\u010dke ma\u0161ine i repromaterijali","isPartOf":{"@id":"https:\/\/grafikamojic.com\/#website"},"datePublished":"2025-10-27T08:54:53+00:00","dateModified":"2025-12-13T11:45:00+00:00","breadcrumb":{"@id":"https:\/\/grafikamojic.com\/trodat-datumar-printy-4724\/#breadcrumb"},"inLanguage":"hr","potentialAction":[{"@type":"ReadAction","target":["https:\/\/grafikamojic.com\/trodat-datumar-printy-4724\/"]}]},{"@type":"BreadcrumbList","@id":"https:\/\/grafikamojic.com\/trodat-datumar-printy-4724\/#breadcrumb","itemListElement":[{"@type":"ListItem","position":1,"name":"Home","item":"https:\/\/grafikamojic.com\/"},{"@type":"ListItem","position":2,"name":"Trodat datumar Printy 4724"}]},{"@type":"WebSite","@id":"https:\/\/grafikamojic.com\/#website","url":"https:\/\/grafikamojic.com\/","name":"Grafika i laseri","description":"","potentialAction":[{"@type":"SearchAction","target":{"@type":"EntryPoint","urlTemplate":"https:\/\/grafikamojic.com\/?s={search_term_string}"},"query-input":{"@type":"PropertyValueSpecification","valueRequired":true,"valueName":"search_term_string"}}],"inLanguage":"hr"}]}},"_links":{"self":[{"href":"https:\/\/grafikamojic.com\/hr\/wp-json\/wp\/v2\/pages\/2946","targetHints":{"allow":["GET"]}}],"collection":[{"href":"https:\/\/grafikamojic.com\/hr\/wp-json\/wp\/v2\/pages"}],"about":[{"href":"https:\/\/grafikamojic.com\/hr\/wp-json\/wp\/v2\/types\/page"}],"author":[{"embeddable":true,"href":"https:\/\/grafikamojic.com\/hr\/wp-json\/wp\/v2\/users\/2"}],"replies":[{"embeddable":true,"href":"https:\/\/grafikamojic.com\/hr\/wp-json\/wp\/v2\/comments?post=2946"}],"version-history":[{"count":4,"href":"https:\/\/grafikamojic.com\/hr\/wp-json\/wp\/v2\/pages\/2946\/revisions"}],"predecessor-version":[{"id":4103,"href":"https:\/\/grafikamojic.com\/hr\/wp-json\/wp\/v2\/pages\/2946\/revisions\/4103"}],"wp:attachment":[{"href":"https:\/\/grafikamojic.com\/hr\/wp-json\/wp\/v2\/media?parent=2946"}],"curies":[{"name":"wp","href":"https:\/\/api.w.org\/{rel}","templated":true}]}}