{"id":2062,"date":"2025-08-19T15:51:38","date_gmt":"2025-08-19T13:51:38","guid":{"rendered":"https:\/\/grafikamojic.com\/?page_id=2062"},"modified":"2026-01-16T13:28:55","modified_gmt":"2026-01-16T12:28:55","slug":"trodat-professional-5206","status":"publish","type":"page","link":"https:\/\/grafikamojic.com\/hr\/trodat-professional-5206\/","title":{"rendered":"TRODAT PROFESSIONAL 5206"},"content":{"rendered":"\n<h2>TRODAT PROFESSIONAL 5206<\/h2>\n<p><strong data-start=\"175\" data-end=\"203\">Trodat Professional 5206<\/strong> je samonatapaju\u0107i pe\u010dat sa velikom povr\u0161inom otiska, idealan za korisnike kojima je potrebno vi\u0161e redova teksta, dodatne informacije ili kombinacija teksta i logotipa. Napravljen za intenzivnu kancelarijsku upotrebu, ovaj model kombinuje izdr\u017eljivost, preciznost i moderan dizajn.<\/p>\n\t<div id=\"gap-1911132356\" class=\"gap-element clearfix\" style=\"display:block; height:auto;\">\n\t\t\n<style>\n#gap-1911132356 {\n  padding-top: 30px;\n}\n<\/style>\n\t<\/div>\n\t\n\n<div class=\"row\"  id=\"row-1040949525\">\n\n\n\t<div id=\"col-1124525313\" class=\"col medium-6 small-12 large-6\"  >\n\t\t\t\t<div class=\"col-inner\"  >\n\t\t\t\n\t\t\t\n\n\t<div class=\"img has-hover x md-x lg-x y md-y lg-y\" id=\"image_796320425\">\n\t\t\t\t\t\t\t\t<div class=\"img-inner dark\" >\n\t\t\t<img loading=\"lazy\" decoding=\"async\" width=\"800\" height=\"800\" src=\"https:\/\/grafikamojic.com\/wp-content\/uploads\/2025\/08\/25790_medium-800x800.jpg\" class=\"attachment-large size-large\" alt=\"\" srcset=\"https:\/\/grafikamojic.com\/wp-content\/uploads\/2025\/08\/25790_medium-800x800.jpg 800w, https:\/\/grafikamojic.com\/wp-content\/uploads\/2025\/08\/25790_medium-100x100.jpg 100w, https:\/\/grafikamojic.com\/wp-content\/uploads\/2025\/08\/25790_medium-400x400.jpg 400w, https:\/\/grafikamojic.com\/wp-content\/uploads\/2025\/08\/25790_medium-280x280.jpg 280w, https:\/\/grafikamojic.com\/wp-content\/uploads\/2025\/08\/25790_medium-768x768.jpg 768w, https:\/\/grafikamojic.com\/wp-content\/uploads\/2025\/08\/25790_medium.jpg 1200w\" sizes=\"auto, (max-width: 800px) 100vw, 800px\" \/>\t\t\t\t\t\t\n\t\t\t\t\t<\/div>\n\t\t\t\t\t\t\t\t\n<style>\n#image_796320425 {\n  width: 100%;\n}\n<\/style>\n\t<\/div>\n\t\n\n\n\t\t<\/div>\n\t\t\t\t\t<\/div>\n\n\t\n\n\t<div id=\"col-822496550\" class=\"col medium-6 small-12 large-6\"  >\n\t\t\t\t<div class=\"col-inner\"  >\n\t\t\t\n\t\t\t\n\n<h4 data-start=\"486\" data-end=\"513\">Glavne karakteristike:<\/h4>\n<ul data-start=\"515\" data-end=\"792\">\n<li data-start=\"515\" data-end=\"547\">\n<p data-start=\"517\" data-end=\"547\">Dimenzije otiska: 56 \u00d7 33 mm<\/p>\n<\/li>\n<li data-start=\"548\" data-end=\"582\">\n<p data-start=\"550\" data-end=\"582\">Maksimalno linija teksta: do 8<\/p>\n<\/li>\n<li data-start=\"583\" data-end=\"638\">\n<p data-start=\"585\" data-end=\"638\">Samonatapaju\u0107i sistem sa lako zamenjivim jastu\u010di\u0107em<\/p>\n<\/li>\n<li data-start=\"639\" data-end=\"702\">\n<p data-start=\"641\" data-end=\"702\">Robusno ku\u0107i\u0161te od ner\u0111aju\u0107eg \u010delika za dugotrajnu upotrebu<\/p>\n<\/li>\n<li data-start=\"703\" data-end=\"756\">\n<p data-start=\"705\" data-end=\"756\">Ergonomski oblik za udobno i precizno pe\u010datiranje<\/p>\n<\/li>\n<li data-start=\"757\" data-end=\"792\">\n<p data-start=\"759\" data-end=\"792\">Ekolo\u0161ki proizvod \u2013 CO\u2082 neutralan<\/p>\n<\/li>\n<\/ul>\n\t<div class=\"img has-hover x md-x lg-x y md-y lg-y\" id=\"image_1509595561\">\n\t\t\t\t\t\t\t\t<div class=\"img-inner dark\" >\n\t\t\t<img loading=\"lazy\" decoding=\"async\" width=\"500\" height=\"295\" src=\"https:\/\/grafikamojic.com\/wp-content\/uploads\/2025\/08\/358865_small.jpg\" class=\"attachment-large size-large\" alt=\"\" \/>\t\t\t\t\t\t\n\t\t\t\t\t<\/div>\n\t\t\t\t\t\t\t\t\n<style>\n#image_1509595561 {\n  width: 56%;\n}\n<\/style>\n\t<\/div>\n\t\n\n\n\t\t<\/div>\n\t\t\t\t\t<\/div>\n\n\t\n\n<\/div>\n<div class=\"row align-center\"  id=\"row-644510058\">\n\n\n\t<div id=\"col-1055168582\" class=\"col medium-4 small-12 large-4\"  >\n\t\t\t\t<div class=\"col-inner\"  >\n\t\t\t\n\t\t\t\n\n\t<div class=\"box has-hover   has-hover box-text-bottom\" >\n\n\t\t<div class=\"box-image\" style=\"width:44%;\">\n\t\t\t\t\t\t<div class=\"image-cover\" style=\"padding-top:75%;\">\n\t\t\t\t<img loading=\"lazy\" decoding=\"async\" width=\"252\" height=\"252\" src=\"https:\/\/grafikamojic.com\/wp-content\/uploads\/2025\/08\/863189_icons.png\" class=\"attachment- size-\" alt=\"\" srcset=\"https:\/\/grafikamojic.com\/wp-content\/uploads\/2025\/08\/863189_icons.png 252w, https:\/\/grafikamojic.com\/wp-content\/uploads\/2025\/08\/863189_icons-100x100.png 100w\" sizes=\"auto, (max-width: 252px) 100vw, 252px\" \/>\t\t\t\t\t\t\t\t\t\t\t<\/div>\n\t\t\t\t\t<\/div>\n\n\t\t<div class=\"box-text text-center\" >\n\t\t\t<div class=\"box-text-inner\">\n\t\t\t\t\n\n<p>DOSTUPNE BOJE JASTU\u010cADI<\/p>\n\n\t\t\t<\/div>\n\t\t<\/div>\n\t<\/div>\n\t\n\n\t\t<\/div>\n\t\t\t\t\t<\/div>\n\n\t\n\n\t<div id=\"col-2034440539\" class=\"col medium-4 small-12 large-4\"  >\n\t\t\t\t<div class=\"col-inner\"  >\n\t\t\t\n\t\t\t\n\n\t<div class=\"box has-hover   has-hover box-text-bottom\" >\n\n\t\t<div class=\"box-image\" style=\"width:45%;\">\n\t\t\t\t\t\t<div class=\"image-cover\" style=\"padding-top:75%;\">\n\t\t\t\t<img loading=\"lazy\" decoding=\"async\" width=\"225\" height=\"225\" src=\"https:\/\/grafikamojic.com\/wp-content\/uploads\/2025\/08\/13412412.jpg\" class=\"attachment- size-\" alt=\"\" srcset=\"https:\/\/grafikamojic.com\/wp-content\/uploads\/2025\/08\/13412412.jpg 225w, https:\/\/grafikamojic.com\/wp-content\/uploads\/2025\/08\/13412412-100x100.jpg 100w\" sizes=\"auto, (max-width: 225px) 100vw, 225px\" \/>\t\t\t\t\t\t\t\t\t\t\t<\/div>\n\t\t\t\t\t<\/div>\n\n\t\t<div class=\"box-text text-center\" >\n\t\t\t<div class=\"box-text-inner\">\n\t\t\t\t\n\n<p>BOJA AUTOMATA<\/p>\n\n\t\t\t<\/div>\n\t\t<\/div>\n\t<\/div>\n\t\n\n\t\t<\/div>\n\t\t\t\t\t<\/div>\n\n\t\n\n<\/div>\n\t<div class=\"ux-menu stack stack-col justify-start floating-menu ux-menu--divider-solid\">\n\t\t\n\n\t<div class=\"ux-menu-link flex menu-item\">\n\t\t<a class=\"ux-menu-link__link flex\" href=\"https:\/\/grafikamojic.com\/hr\/trodat-professional-5200\/\" >\n\t\t\t\t\t\t<span class=\"ux-menu-link__text\">\n\t\t\t\t5200\t\t\t<\/span>\n\t\t<\/a>\n\t<\/div>\n\t\n\n\t<div class=\"ux-menu-link flex menu-item\">\n\t\t<a class=\"ux-menu-link__link flex\" href=\"https:\/\/grafikamojic.com\/hr\/trodat-pecat-professional-5203-2\/\" >\n\t\t\t\t\t\t<span class=\"ux-menu-link__text\">\n\t\t\t\t5203\t\t\t<\/span>\n\t\t<\/a>\n\t<\/div>\n\t\n\n\t<div class=\"ux-menu-link flex menu-item\">\n\t\t<a class=\"ux-menu-link__link flex\" href=\"https:\/\/grafikamojic.com\/hr\/trodat-professional-5204\/\" >\n\t\t\t\t\t\t<span class=\"ux-menu-link__text\">\n\t\t\t\t5204\t\t\t<\/span>\n\t\t<\/a>\n\t<\/div>\n\t\n\n\t<div class=\"ux-menu-link flex menu-item\">\n\t\t<a class=\"ux-menu-link__link flex\" href=\"https:\/\/grafikamojic.com\/hr\/trodat-pecat-professional-5205-2\/\" >\n\t\t\t\t\t\t<span class=\"ux-menu-link__text\">\n\t\t\t\t5205\t\t\t<\/span>\n\t\t<\/a>\n\t<\/div>\n\t\n\n\t<div class=\"ux-menu-link flex menu-item\">\n\t\t<a class=\"ux-menu-link__link flex\" href=\"https:\/\/grafikamojic.com\/hr\/trodat-professional-5206\/\" >\n\t\t\t\t\t\t<span class=\"ux-menu-link__text\">\n\t\t\t\t5206\t\t\t<\/span>\n\t\t<\/a>\n\t<\/div>\n\t\n\n\t<div class=\"ux-menu-link flex menu-item\">\n\t\t<a class=\"ux-menu-link__link flex\" href=\"https:\/\/grafikamojic.com\/hr\/trodat-pecat-professional-5274-2\/\" >\n\t\t\t\t\t\t<span class=\"ux-menu-link__text\">\n\t\t\t\t5274\t\t\t<\/span>\n\t\t<\/a>\n\t<\/div>\n\t\n\n\t<div class=\"ux-menu-link flex menu-item\">\n\t\t<a class=\"ux-menu-link__link flex\" href=\"https:\/\/grafikamojic.com\/hr\/trodat-professional-5208\/\" >\n\t\t\t\t\t\t<span class=\"ux-menu-link__text\">\n\t\t\t\t5208\t\t\t<\/span>\n\t\t<\/a>\n\t<\/div>\n\t\n\n\t<div class=\"ux-menu-link flex menu-item\">\n\t\t<a class=\"ux-menu-link__link flex\" href=\"https:\/\/grafikamojic.com\/hr\/trodat-pecat-professional-5211-2\/\" >\n\t\t\t\t\t\t<span class=\"ux-menu-link__text\">\n\t\t\t\t5211\t\t\t<\/span>\n\t\t<\/a>\n\t<\/div>\n\t\n\n\t<div class=\"ux-menu-link flex menu-item\">\n\t\t<a class=\"ux-menu-link__link flex\" href=\"https:\/\/grafikamojic.com\/hr\/trodat-pecat-professional-5212-5212-2\/\" >\n\t\t\t\t\t\t<span class=\"ux-menu-link__text\">\n\t\t\t\t5212\t\t\t<\/span>\n\t\t<\/a>\n\t<\/div>\n\t\n\n\t<div class=\"ux-menu-link flex menu-item\">\n\t\t<a class=\"ux-menu-link__link flex\" href=\"https:\/\/grafikamojic.com\/hr\/trodat-professional-52045\/\" >\n\t\t\t\t\t\t<span class=\"ux-menu-link__text\">\n\t\t\t\t52045\t\t\t<\/span>\n\t\t<\/a>\n\t<\/div>\n\t\n\n\n\t<\/div>\n\t\n\n","protected":false},"excerpt":{"rendered":"","protected":false},"author":2,"featured_media":0,"parent":0,"menu_order":0,"comment_status":"closed","ping_status":"closed","template":"","meta":{"footnotes":""},"class_list":["post-2062","page","type-page","status-publish","hentry"],"yoast_head":"<!-- This site is optimized with the Yoast SEO plugin v27.4 - https:\/\/yoast.com\/product\/yoast-seo-wordpress\/ -->\n<title>TRODAT PROFESSIONAL 5206<\/title>\n<meta name=\"robots\" content=\"index, follow, max-snippet:-1, max-image-preview:large, max-video-preview:-1\" \/>\n<link rel=\"canonical\" href=\"https:\/\/grafikamojic.com\/hr\/trodat-professional-5206\/\" \/>\n<meta property=\"og:locale\" content=\"hr_HR\" \/>\n<meta property=\"og:locale:alternate\" content=\"en_US\" \/>\n<meta property=\"og:locale:alternate\" content=\"sr_RS\" \/>\n<meta property=\"og:locale:alternate\" content=\"bs_BA\" \/>\n<meta property=\"og:locale:alternate\" content=\"sq_SQ\" \/>\n<meta property=\"og:type\" content=\"article\" \/>\n<meta property=\"og:title\" content=\"TRODAT PROFESSIONAL 5206\" \/>\n<meta property=\"og:url\" content=\"https:\/\/grafikamojic.com\/hr\/trodat-professional-5206\/\" \/>\n<meta property=\"og:site_name\" content=\"Grafi\u010dke ma\u0161ine i repromaterijali\" \/>\n<meta property=\"article:modified_time\" content=\"2026-01-16T12:28:55+00:00\" \/>\n<meta name=\"twitter:card\" content=\"summary_large_image\" \/>\n<meta name=\"twitter:label1\" content=\"Procijenjeno vrijeme \u010ditanja\" \/>\n\t<meta name=\"twitter:data1\" content=\"1 minuta\" \/>\n<script type=\"application\/ld+json\" class=\"yoast-schema-graph\">{\"@context\":\"https:\\\/\\\/schema.org\",\"@graph\":[{\"@type\":\"WebPage\",\"@id\":\"https:\\\/\\\/grafikamojic.com\\\/trodat-professional-5206\\\/\",\"url\":\"https:\\\/\\\/grafikamojic.com\\\/trodat-professional-5206\\\/\",\"name\":\"TRODAT PROFESSIONAL 5206\",\"isPartOf\":{\"@id\":\"https:\\\/\\\/grafikamojic.com\\\/#website\"},\"datePublished\":\"2025-08-19T13:51:38+00:00\",\"dateModified\":\"2026-01-16T12:28:55+00:00\",\"breadcrumb\":{\"@id\":\"https:\\\/\\\/grafikamojic.com\\\/trodat-professional-5206\\\/#breadcrumb\"},\"inLanguage\":\"hr\",\"potentialAction\":[{\"@type\":\"ReadAction\",\"target\":[\"https:\\\/\\\/grafikamojic.com\\\/trodat-professional-5206\\\/\"]}]},{\"@type\":\"BreadcrumbList\",\"@id\":\"https:\\\/\\\/grafikamojic.com\\\/trodat-professional-5206\\\/#breadcrumb\",\"itemListElement\":[{\"@type\":\"ListItem\",\"position\":1,\"name\":\"Home\",\"item\":\"https:\\\/\\\/grafikamojic.com\\\/\"},{\"@type\":\"ListItem\",\"position\":2,\"name\":\"TRODAT PROFESSIONAL 5206\"}]},{\"@type\":\"WebSite\",\"@id\":\"https:\\\/\\\/grafikamojic.com\\\/#website\",\"url\":\"https:\\\/\\\/grafikamojic.com\\\/\",\"name\":\"Grafika i laseri\",\"description\":\"\",\"potentialAction\":[{\"@type\":\"SearchAction\",\"target\":{\"@type\":\"EntryPoint\",\"urlTemplate\":\"https:\\\/\\\/grafikamojic.com\\\/?s={search_term_string}\"},\"query-input\":{\"@type\":\"PropertyValueSpecification\",\"valueRequired\":true,\"valueName\":\"search_term_string\"}}],\"inLanguage\":\"hr\"}]}<\/script>\n<!-- \/ Yoast SEO plugin. -->","yoast_head_json":{"title":"TRODAT PROFESSIONAL 5206","robots":{"index":"index","follow":"follow","max-snippet":"max-snippet:-1","max-image-preview":"max-image-preview:large","max-video-preview":"max-video-preview:-1"},"canonical":"https:\/\/grafikamojic.com\/hr\/trodat-professional-5206\/","og_locale":"hr_HR","og_type":"article","og_title":"[:bs]TRODAT PROFESSIONAL 5206[:] - Grafi\u010dke ma\u0161ine i repromaterijali","og_url":"https:\/\/grafikamojic.com\/hr\/trodat-professional-5206\/","og_site_name":"Grafi\u010dke ma\u0161ine i repromaterijali","article_modified_time":"2026-01-16T12:28:55+00:00","twitter_card":"summary_large_image","twitter_misc":{"Procijenjeno vrijeme \u010ditanja":"1 minuta"},"schema":{"@context":"https:\/\/schema.org","@graph":[{"@type":"WebPage","@id":"https:\/\/grafikamojic.com\/trodat-professional-5206\/","url":"https:\/\/grafikamojic.com\/trodat-professional-5206\/","name":"TRODAT PROFESSIONAL 5206","isPartOf":{"@id":"https:\/\/grafikamojic.com\/#website"},"datePublished":"2025-08-19T13:51:38+00:00","dateModified":"2026-01-16T12:28:55+00:00","breadcrumb":{"@id":"https:\/\/grafikamojic.com\/trodat-professional-5206\/#breadcrumb"},"inLanguage":"hr","potentialAction":[{"@type":"ReadAction","target":["https:\/\/grafikamojic.com\/trodat-professional-5206\/"]}]},{"@type":"BreadcrumbList","@id":"https:\/\/grafikamojic.com\/trodat-professional-5206\/#breadcrumb","itemListElement":[{"@type":"ListItem","position":1,"name":"Home","item":"https:\/\/grafikamojic.com\/"},{"@type":"ListItem","position":2,"name":"TRODAT PROFESSIONAL 5206"}]},{"@type":"WebSite","@id":"https:\/\/grafikamojic.com\/#website","url":"https:\/\/grafikamojic.com\/","name":"Grafika i laseri","description":"","potentialAction":[{"@type":"SearchAction","target":{"@type":"EntryPoint","urlTemplate":"https:\/\/grafikamojic.com\/?s={search_term_string}"},"query-input":{"@type":"PropertyValueSpecification","valueRequired":true,"valueName":"search_term_string"}}],"inLanguage":"hr"}]}},"_links":{"self":[{"href":"https:\/\/grafikamojic.com\/hr\/wp-json\/wp\/v2\/pages\/2062","targetHints":{"allow":["GET"]}}],"collection":[{"href":"https:\/\/grafikamojic.com\/hr\/wp-json\/wp\/v2\/pages"}],"about":[{"href":"https:\/\/grafikamojic.com\/hr\/wp-json\/wp\/v2\/types\/page"}],"author":[{"embeddable":true,"href":"https:\/\/grafikamojic.com\/hr\/wp-json\/wp\/v2\/users\/2"}],"replies":[{"embeddable":true,"href":"https:\/\/grafikamojic.com\/hr\/wp-json\/wp\/v2\/comments?post=2062"}],"version-history":[{"count":10,"href":"https:\/\/grafikamojic.com\/hr\/wp-json\/wp\/v2\/pages\/2062\/revisions"}],"predecessor-version":[{"id":4662,"href":"https:\/\/grafikamojic.com\/hr\/wp-json\/wp\/v2\/pages\/2062\/revisions\/4662"}],"wp:attachment":[{"href":"https:\/\/grafikamojic.com\/hr\/wp-json\/wp\/v2\/media?parent=2062"}],"curies":[{"name":"wp","href":"https:\/\/api.w.org\/{rel}","templated":true}]}}