{"id":2951,"date":"2025-10-28T10:00:44","date_gmt":"2025-10-28T09:00:44","guid":{"rendered":"https:\/\/grafikamojic.com\/?page_id=2951"},"modified":"2025-12-13T12:31:17","modified_gmt":"2025-12-13T11:31:17","slug":"trodat-pecat-printy-46119","status":"publish","type":"page","link":"https:\/\/grafikamojic.com\/en\/trodat-pecat-printy-46119\/","title":{"rendered":"Trodat pe\u010dat Printy 46119"},"content":{"rendered":"\n<h2>Trodat Printy 46119<\/h2>\n<p>Trodat\u202f46119 je kompaktan samonatapaju\u0107i datumski pe\u010dat koji omogu\u0107ava otiskivanje datuma u formatu dan\u202f\u2013\u202fmjesec\u202f\u2013\u202fgodina, uz dodatni prostor za tekst do \u010detiri linije.<\/p>\n\t<div id=\"gap-1200795520\" class=\"gap-element clearfix\" style=\"display:block; height:auto;\">\n\t\t\n<style>\n#gap-1200795520 {\n  padding-top: 30px;\n}\n<\/style>\n\t<\/div>\n\t\n\n<div class=\"row\"  id=\"row-25041158\">\n\n\n\t<div id=\"col-560712880\" class=\"col medium-6 small-12 large-6\"  >\n\t\t\t\t<div class=\"col-inner\"  >\n\t\t\t\n\t\t\t\n\n\t<div class=\"img has-hover x md-x lg-x y md-y lg-y\" id=\"image_510812864\">\n\t\t\t\t\t\t\t\t<div class=\"img-inner dark\" >\n\t\t\t<img loading=\"lazy\" decoding=\"async\" width=\"427\" height=\"427\" src=\"https:\/\/grafikamojic.com\/wp-content\/uploads\/2025\/10\/46119-Printy-Red-open-closed.jpg\" class=\"attachment-large size-large\" alt=\"\" srcset=\"https:\/\/grafikamojic.com\/wp-content\/uploads\/2025\/10\/46119-Printy-Red-open-closed.jpg 427w, https:\/\/grafikamojic.com\/wp-content\/uploads\/2025\/10\/46119-Printy-Red-open-closed-400x400.jpg 400w, https:\/\/grafikamojic.com\/wp-content\/uploads\/2025\/10\/46119-Printy-Red-open-closed-280x280.jpg 280w, https:\/\/grafikamojic.com\/wp-content\/uploads\/2025\/10\/46119-Printy-Red-open-closed-100x100.jpg 100w\" sizes=\"auto, (max-width: 427px) 100vw, 427px\" \/>\t\t\t\t\t\t\n\t\t\t\t\t<\/div>\n\t\t\t\t\t\t\t\t\n<style>\n#image_510812864 {\n  width: 100%;\n}\n<\/style>\n\t<\/div>\n\t\n\n\n\t\t<\/div>\n\t\t\t\t\t<\/div>\n\n\t\n\n\t<div id=\"col-1668603748\" class=\"col medium-6 small-12 large-6\"  >\n\t\t\t\t<div class=\"col-inner\"  >\n\t\t\t\n\t\t\t\n\n<h3 data-start=\"413\" data-end=\"443\"><strong data-start=\"417\" data-end=\"443\">Glavne karakteristike:<\/strong><\/h3>\n<ul>\n<li data-start=\"435\" data-end=\"472\">\n<p data-start=\"437\" data-end=\"472\">Samonatapaju\u0107i datumar sa tekstom<\/p>\n<\/li>\n<li data-start=\"473\" data-end=\"558\">\n<p data-start=\"475\" data-end=\"558\">Maksimalna visina otiska datuma: <strong data-start=\"508\" data-end=\"518\">2,8 mm<\/strong><\/p>\n<\/li>\n<li data-start=\"559\" data-end=\"644\">\n<p data-start=\"561\" data-end=\"644\">Maksimalna \u0161irina plo\u010de za tekst: <strong data-start=\"595\" data-end=\"604\">18 mm<\/strong><\/p>\n<\/li>\n<li data-start=\"645\" data-end=\"741\">\n<p data-start=\"647\" data-end=\"741\">Preporu\u010den maksimalan broj linija teksta: <strong data-start=\"689\" data-end=\"701\">4 linije<\/strong><\/p>\n<\/li>\n<li data-start=\"742\" data-end=\"808\">\n<p data-start=\"744\" data-end=\"808\">Konstrukcija kompaktna, pogodna za obje ruke i manja dokumenta<\/p>\n<\/li>\n<li data-start=\"809\" data-end=\"872\">\n<p data-start=\"811\" data-end=\"872\">Zamjenjivo jastu\u010de kompatibilno sa modelom tipa <strong data-start=\"859\" data-end=\"870\">6\/46019<\/strong><\/p>\n<\/li>\n<li data-start=\"873\" data-end=\"935\">\n<p data-start=\"875\" data-end=\"935\">Idealno za firme, internu evidenciju, datiranje dokumenata<\/p>\n<\/li>\n<\/ul>\n\t<div class=\"img has-hover x md-x lg-x y md-y lg-y\" id=\"image_1802368607\">\n\t\t\t\t\t\t\t\t<div class=\"img-inner dark\" >\n\t\t\t<img loading=\"lazy\" decoding=\"async\" width=\"427\" height=\"427\" src=\"https:\/\/grafikamojic.com\/wp-content\/uploads\/2025\/10\/IM_46119_Aquarius_Trattoria-05.jpg\" class=\"attachment-large size-large\" alt=\"\" srcset=\"https:\/\/grafikamojic.com\/wp-content\/uploads\/2025\/10\/IM_46119_Aquarius_Trattoria-05.jpg 427w, https:\/\/grafikamojic.com\/wp-content\/uploads\/2025\/10\/IM_46119_Aquarius_Trattoria-05-400x400.jpg 400w, https:\/\/grafikamojic.com\/wp-content\/uploads\/2025\/10\/IM_46119_Aquarius_Trattoria-05-280x280.jpg 280w, https:\/\/grafikamojic.com\/wp-content\/uploads\/2025\/10\/IM_46119_Aquarius_Trattoria-05-100x100.jpg 100w\" sizes=\"auto, (max-width: 427px) 100vw, 427px\" \/>\t\t\t\t\t\t\n\t\t\t\t\t<\/div>\n\t\t\t\t\t\t\t\t\n<style>\n#image_1802368607 {\n  width: 38%;\n}\n<\/style>\n\t<\/div>\n\t\n\n\n\t\t<\/div>\n\t\t\t\t\t<\/div>\n\n\t\n\n<\/div>\n<div class=\"row align-center\"  id=\"row-1066348352\">\n\n\n\t<div id=\"col-609903017\" class=\"col medium-4 small-12 large-4\"  >\n\t\t\t\t<div class=\"col-inner\"  >\n\t\t\t\n\t\t\t\n\n\t<div class=\"box has-hover   has-hover box-text-bottom\" >\n\n\t\t<div class=\"box-image\" style=\"width:44%;\">\n\t\t\t\t\t\t<div class=\"image-cover\" style=\"padding-top:75%;\">\n\t\t\t\t<img loading=\"lazy\" decoding=\"async\" width=\"252\" height=\"252\" src=\"https:\/\/grafikamojic.com\/wp-content\/uploads\/2025\/08\/863189_icons.png\" class=\"attachment- size-\" alt=\"\" srcset=\"https:\/\/grafikamojic.com\/wp-content\/uploads\/2025\/08\/863189_icons.png 252w, https:\/\/grafikamojic.com\/wp-content\/uploads\/2025\/08\/863189_icons-100x100.png 100w\" sizes=\"auto, (max-width: 252px) 100vw, 252px\" \/>\t\t\t\t\t\t\t\t\t\t\t<\/div>\n\t\t\t\t\t<\/div>\n\n\t\t<div class=\"box-text text-center\" >\n\t\t\t<div class=\"box-text-inner\">\n\t\t\t\t\n\n<p>DOSTUPNE BOJE JASTU\u010cADI<\/p>\n\n\t\t\t<\/div>\n\t\t<\/div>\n\t<\/div>\n\t\n\n\t\t<\/div>\n\t\t\t\t\t<\/div>\n\n\t\n\n\t<div id=\"col-1496977206\" class=\"col medium-4 small-12 large-4\"  >\n\t\t\t\t<div class=\"col-inner\"  >\n\t\t\t\n\t\t\t\n\n\t<div class=\"box has-hover   has-hover box-text-bottom\" >\n\n\t\t<div class=\"box-image\" style=\"width:42%;\">\n\t\t\t\t\t\t<div class=\"image-cover\" style=\"padding-top:75%;\">\n\t\t\t\t<img loading=\"lazy\" decoding=\"async\" width=\"2560\" height=\"2560\" src=\"https:\/\/grafikamojic.com\/wp-content\/uploads\/2025\/10\/Untitled-1-01-scaled.jpg\" class=\"attachment- size-\" alt=\"\" srcset=\"https:\/\/grafikamojic.com\/wp-content\/uploads\/2025\/10\/Untitled-1-01-scaled.jpg 2560w, https:\/\/grafikamojic.com\/wp-content\/uploads\/2025\/10\/Untitled-1-01-400x400.jpg 400w, https:\/\/grafikamojic.com\/wp-content\/uploads\/2025\/10\/Untitled-1-01-800x800.jpg 800w, https:\/\/grafikamojic.com\/wp-content\/uploads\/2025\/10\/Untitled-1-01-280x280.jpg 280w, https:\/\/grafikamojic.com\/wp-content\/uploads\/2025\/10\/Untitled-1-01-768x768.jpg 768w, https:\/\/grafikamojic.com\/wp-content\/uploads\/2025\/10\/Untitled-1-01-1536x1536.jpg 1536w, https:\/\/grafikamojic.com\/wp-content\/uploads\/2025\/10\/Untitled-1-01-2048x2048.jpg 2048w, https:\/\/grafikamojic.com\/wp-content\/uploads\/2025\/10\/Untitled-1-01-100x100.jpg 100w\" sizes=\"auto, (max-width: 2560px) 100vw, 2560px\" \/>\t\t\t\t\t\t\t\t\t\t\t<\/div>\n\t\t\t\t\t<\/div>\n\n\t\t<div class=\"box-text text-center\" >\n\t\t\t<div class=\"box-text-inner\">\n\t\t\t\t\n\n<p>BOJA AUTOMATA<\/p>\n\n\t\t\t<\/div>\n\t\t<\/div>\n\t<\/div>\n\t\n\n\t\t<\/div>\n\t\t\t\t\t<\/div>\n\n\t\n\n<\/div>\n\n","protected":false},"excerpt":{"rendered":"","protected":false},"author":2,"featured_media":0,"parent":0,"menu_order":0,"comment_status":"closed","ping_status":"closed","template":"","meta":{"footnotes":""},"class_list":["post-2951","page","type-page","status-publish","hentry"],"yoast_head":"<!-- This site is optimized with the Yoast SEO plugin v27.4 - https:\/\/yoast.com\/product\/yoast-seo-wordpress\/ -->\n<title>Trodat pe\u010dat Printy 46119 - Grafi\u010dke ma\u0161ine i repromaterijali<\/title>\n<meta name=\"robots\" content=\"index, follow, max-snippet:-1, max-image-preview:large, max-video-preview:-1\" \/>\n<link rel=\"canonical\" href=\"https:\/\/grafikamojic.com\/en\/trodat-pecat-printy-46119\/\" \/>\n<meta property=\"og:locale\" content=\"en_US\" \/>\n<meta property=\"og:locale:alternate\" content=\"sr_RS\" \/>\n<meta property=\"og:locale:alternate\" content=\"bs_BA\" \/>\n<meta property=\"og:locale:alternate\" content=\"hr_HR\" \/>\n<meta property=\"og:locale:alternate\" content=\"sq_SQ\" \/>\n<meta property=\"og:type\" content=\"article\" \/>\n<meta property=\"og:title\" content=\"Trodat pe\u010dat Printy 46119 - Grafi\u010dke ma\u0161ine i repromaterijali\" \/>\n<meta property=\"og:url\" content=\"https:\/\/grafikamojic.com\/en\/trodat-pecat-printy-46119\/\" \/>\n<meta property=\"og:site_name\" content=\"Grafi\u010dke ma\u0161ine i repromaterijali\" \/>\n<meta property=\"article:modified_time\" content=\"2025-12-13T11:31:17+00:00\" \/>\n<meta name=\"twitter:card\" content=\"summary_large_image\" \/>\n<meta name=\"twitter:label1\" content=\"Est. reading time\" \/>\n\t<meta name=\"twitter:data1\" content=\"1 minute\" \/>\n<script type=\"application\/ld+json\" class=\"yoast-schema-graph\">{\"@context\":\"https:\\\/\\\/schema.org\",\"@graph\":[{\"@type\":\"WebPage\",\"@id\":\"https:\\\/\\\/grafikamojic.com\\\/trodat-pecat-printy-46119\\\/\",\"url\":\"https:\\\/\\\/grafikamojic.com\\\/trodat-pecat-printy-46119\\\/\",\"name\":\"Trodat pe\u010dat Printy 46119 - Grafi\u010dke ma\u0161ine i repromaterijali\",\"isPartOf\":{\"@id\":\"https:\\\/\\\/grafikamojic.com\\\/#website\"},\"datePublished\":\"2025-10-28T09:00:44+00:00\",\"dateModified\":\"2025-12-13T11:31:17+00:00\",\"breadcrumb\":{\"@id\":\"https:\\\/\\\/grafikamojic.com\\\/trodat-pecat-printy-46119\\\/#breadcrumb\"},\"inLanguage\":\"en-US\",\"potentialAction\":[{\"@type\":\"ReadAction\",\"target\":[\"https:\\\/\\\/grafikamojic.com\\\/trodat-pecat-printy-46119\\\/\"]}]},{\"@type\":\"BreadcrumbList\",\"@id\":\"https:\\\/\\\/grafikamojic.com\\\/trodat-pecat-printy-46119\\\/#breadcrumb\",\"itemListElement\":[{\"@type\":\"ListItem\",\"position\":1,\"name\":\"Home\",\"item\":\"https:\\\/\\\/grafikamojic.com\\\/\"},{\"@type\":\"ListItem\",\"position\":2,\"name\":\"Trodat pe\u010dat Printy 46119\"}]},{\"@type\":\"WebSite\",\"@id\":\"https:\\\/\\\/grafikamojic.com\\\/#website\",\"url\":\"https:\\\/\\\/grafikamojic.com\\\/\",\"name\":\"Grafika i laseri\",\"description\":\"\",\"potentialAction\":[{\"@type\":\"SearchAction\",\"target\":{\"@type\":\"EntryPoint\",\"urlTemplate\":\"https:\\\/\\\/grafikamojic.com\\\/?s={search_term_string}\"},\"query-input\":{\"@type\":\"PropertyValueSpecification\",\"valueRequired\":true,\"valueName\":\"search_term_string\"}}],\"inLanguage\":\"en-US\"}]}<\/script>\n<!-- \/ Yoast SEO plugin. -->","yoast_head_json":{"title":"Trodat pe\u010dat Printy 46119 - Grafi\u010dke ma\u0161ine i repromaterijali","robots":{"index":"index","follow":"follow","max-snippet":"max-snippet:-1","max-image-preview":"max-image-preview:large","max-video-preview":"max-video-preview:-1"},"canonical":"https:\/\/grafikamojic.com\/en\/trodat-pecat-printy-46119\/","og_locale":"en_US","og_type":"article","og_title":"Trodat pe\u010dat Printy 46119 - Grafi\u010dke ma\u0161ine i repromaterijali","og_url":"https:\/\/grafikamojic.com\/en\/trodat-pecat-printy-46119\/","og_site_name":"Grafi\u010dke ma\u0161ine i repromaterijali","article_modified_time":"2025-12-13T11:31:17+00:00","twitter_card":"summary_large_image","twitter_misc":{"Est. reading time":"1 minute"},"schema":{"@context":"https:\/\/schema.org","@graph":[{"@type":"WebPage","@id":"https:\/\/grafikamojic.com\/trodat-pecat-printy-46119\/","url":"https:\/\/grafikamojic.com\/trodat-pecat-printy-46119\/","name":"Trodat pe\u010dat Printy 46119 - Grafi\u010dke ma\u0161ine i repromaterijali","isPartOf":{"@id":"https:\/\/grafikamojic.com\/#website"},"datePublished":"2025-10-28T09:00:44+00:00","dateModified":"2025-12-13T11:31:17+00:00","breadcrumb":{"@id":"https:\/\/grafikamojic.com\/trodat-pecat-printy-46119\/#breadcrumb"},"inLanguage":"en-US","potentialAction":[{"@type":"ReadAction","target":["https:\/\/grafikamojic.com\/trodat-pecat-printy-46119\/"]}]},{"@type":"BreadcrumbList","@id":"https:\/\/grafikamojic.com\/trodat-pecat-printy-46119\/#breadcrumb","itemListElement":[{"@type":"ListItem","position":1,"name":"Home","item":"https:\/\/grafikamojic.com\/"},{"@type":"ListItem","position":2,"name":"Trodat pe\u010dat Printy 46119"}]},{"@type":"WebSite","@id":"https:\/\/grafikamojic.com\/#website","url":"https:\/\/grafikamojic.com\/","name":"Grafika i laseri","description":"","potentialAction":[{"@type":"SearchAction","target":{"@type":"EntryPoint","urlTemplate":"https:\/\/grafikamojic.com\/?s={search_term_string}"},"query-input":{"@type":"PropertyValueSpecification","valueRequired":true,"valueName":"search_term_string"}}],"inLanguage":"en-US"}]}},"_links":{"self":[{"href":"https:\/\/grafikamojic.com\/en\/wp-json\/wp\/v2\/pages\/2951","targetHints":{"allow":["GET"]}}],"collection":[{"href":"https:\/\/grafikamojic.com\/en\/wp-json\/wp\/v2\/pages"}],"about":[{"href":"https:\/\/grafikamojic.com\/en\/wp-json\/wp\/v2\/types\/page"}],"author":[{"embeddable":true,"href":"https:\/\/grafikamojic.com\/en\/wp-json\/wp\/v2\/users\/2"}],"replies":[{"embeddable":true,"href":"https:\/\/grafikamojic.com\/en\/wp-json\/wp\/v2\/comments?post=2951"}],"version-history":[{"count":4,"href":"https:\/\/grafikamojic.com\/en\/wp-json\/wp\/v2\/pages\/2951\/revisions"}],"predecessor-version":[{"id":4079,"href":"https:\/\/grafikamojic.com\/en\/wp-json\/wp\/v2\/pages\/2951\/revisions\/4079"}],"wp:attachment":[{"href":"https:\/\/grafikamojic.com\/en\/wp-json\/wp\/v2\/media?parent=2951"}],"curies":[{"name":"wp","href":"https:\/\/api.w.org\/{rel}","templated":true}]}}