{"id":2750,"date":"2025-10-16T14:44:08","date_gmt":"2025-10-16T12:44:08","guid":{"rendered":"https:\/\/grafikamojic.com\/?page_id=2750"},"modified":"2026-01-16T14:05:43","modified_gmt":"2026-01-16T13:05:43","slug":"trodat-datumar-professional-5030-2","status":"publish","type":"page","link":"https:\/\/grafikamojic.com\/en\/trodat-datumar-professional-5030-2\/","title":{"rendered":"Trodat datumar Professional 5030"},"content":{"rendered":"\n<h2>Trodat Professional 5030<\/h2>\n<p><strong data-start=\"150\" data-end=\"165\">Trodat 5030<\/strong> je samonatapaju\u0107i datumski pe\u010dat dizajniran za profesionalnu upotrebu u kancelarijama i administraciji. Kombinuje metalni okvir i kvalitetne plasti\u010dne komponente za dugotrajnost i stabilnost pod \u010destim radom.<\/p>\n\t<div id=\"gap-1767823051\" class=\"gap-element clearfix\" style=\"display:block; height:auto;\">\n\t\t\n<style>\n#gap-1767823051 {\n  padding-top: 30px;\n}\n<\/style>\n\t<\/div>\n\t\n\n<div class=\"row\"  id=\"row-1108258773\">\n\n\n\t<div id=\"col-866403108\" class=\"col medium-6 small-12 large-6\"  >\n\t\t\t\t<div class=\"col-inner\"  >\n\t\t\t\n\t\t\t\n\n\t<div class=\"img has-hover x md-x lg-x y md-y lg-y\" id=\"image_151164649\">\n\t\t\t\t\t\t\t\t<div class=\"img-inner dark\" >\n\t\t\t<img loading=\"lazy\" decoding=\"async\" width=\"800\" height=\"800\" src=\"https:\/\/grafikamojic.com\/wp-content\/uploads\/2025\/10\/5030-4-800x800.jpg\" class=\"attachment-large size-large\" alt=\"\" srcset=\"https:\/\/grafikamojic.com\/wp-content\/uploads\/2025\/10\/5030-4-800x800.jpg 800w, https:\/\/grafikamojic.com\/wp-content\/uploads\/2025\/10\/5030-4-400x400.jpg 400w, https:\/\/grafikamojic.com\/wp-content\/uploads\/2025\/10\/5030-4-280x280.jpg 280w, https:\/\/grafikamojic.com\/wp-content\/uploads\/2025\/10\/5030-4-768x768.jpg 768w, https:\/\/grafikamojic.com\/wp-content\/uploads\/2025\/10\/5030-4-100x100.jpg 100w, https:\/\/grafikamojic.com\/wp-content\/uploads\/2025\/10\/5030-4.jpg 1024w\" sizes=\"auto, (max-width: 800px) 100vw, 800px\" \/>\t\t\t\t\t\t\n\t\t\t\t\t<\/div>\n\t\t\t\t\t\t\t\t\n<style>\n#image_151164649 {\n  width: 100%;\n}\n<\/style>\n\t<\/div>\n\t\n\n\n\t\t<\/div>\n\t\t\t\t\t<\/div>\n\n\t\n\n\t<div id=\"col-528287022\" class=\"col medium-6 small-12 large-6\"  >\n\t\t\t\t<div class=\"col-inner text-left\"  >\n\t\t\t\n\t\t\t\n\n\t<div id=\"text-3589607609\" class=\"text\">\n\t\t\n\n<h3 data-start=\"91\" data-end=\"117\">Glavne karakteristike:<\/h3>\n<ul>\n<li data-start=\"997\" data-end=\"1039\">\n<p data-start=\"999\" data-end=\"1039\"><strong data-start=\"999\" data-end=\"1014\">Tip pe\u010data:<\/strong> Samonatapaju\u0107i datumar<\/p>\n<\/li>\n<li data-start=\"1040\" data-end=\"1097\">\n<p data-start=\"1042\" data-end=\"1097\"><strong data-start=\"1042\" data-end=\"1069\">Veli\u010dina otiska datuma:<\/strong> pribli\u017eno <strong data-start=\"1080\" data-end=\"1088\">4 mm<\/strong> visine<\/p>\n<\/li>\n<li data-start=\"1098\" data-end=\"1142\">\n<p data-start=\"1100\" data-end=\"1142\"><strong data-start=\"1100\" data-end=\"1118\">Format datuma:<\/strong> Dan \u2013 Mjesec \u2013 Godina<\/p>\n<\/li>\n<li data-start=\"1143\" data-end=\"1193\">\n<p data-start=\"1145\" data-end=\"1193\"><strong data-start=\"1145\" data-end=\"1171\">Trajanje trake datuma:<\/strong> 12 godina unaprijed<\/p>\n<\/li>\n<li data-start=\"1194\" data-end=\"1223\">\n<p data-start=\"1196\" data-end=\"1223\"><strong data-start=\"1196\" data-end=\"1221\">Bez prostora za tekst<\/strong><\/p>\n<\/li>\n<li data-start=\"1224\" data-end=\"1281\">\n<p data-start=\"1226\" data-end=\"1281\"><strong data-start=\"1226\" data-end=\"1238\">Jastu\u010de:<\/strong> Zamjenjivo, kompatibilno sa modelom 6\/50<\/p>\n<\/li>\n<li data-start=\"1282\" data-end=\"1335\">\n<p data-start=\"1284\" data-end=\"1335\"><strong data-start=\"1284\" data-end=\"1296\">Ku\u0107i\u0161te:<\/strong> Metalna jezgra + izdr\u017eljiva plastika<\/p>\n<\/li>\n<li data-start=\"1336\" data-end=\"1403\">\n<p data-start=\"1338\" data-end=\"1403\"><strong data-start=\"1338\" data-end=\"1350\">Namjena:<\/strong> Administracija, kancelarije, evidencija, logistika<\/p>\n<\/li>\n<li data-start=\"1404\" data-end=\"1458\">\n<p data-start=\"1406\" data-end=\"1458\"><strong data-start=\"1406\" data-end=\"1458\">Prozirni vodi\u010d za precizno pozicioniranje otiska<\/strong><\/p>\n<\/li>\n<\/ul>\n\t\t\n<style>\n#text-3589607609 {\n  line-height: 1.85;\n}\n<\/style>\n\t<\/div>\n\t\n\t<div class=\"img has-hover x md-x lg-x y md-y lg-y\" id=\"image_1643498680\">\n\t\t\t\t\t\t\t\t<div class=\"img-inner dark\" >\n\t\t\t<img loading=\"lazy\" decoding=\"async\" width=\"1020\" height=\"414\" src=\"https:\/\/grafikamojic.com\/wp-content\/uploads\/2025\/10\/IM_5030_INT_04.jpg\" class=\"attachment-large size-large\" alt=\"\" srcset=\"https:\/\/grafikamojic.com\/wp-content\/uploads\/2025\/10\/IM_5030_INT_04.jpg 1024w, https:\/\/grafikamojic.com\/wp-content\/uploads\/2025\/10\/IM_5030_INT_04-800x325.jpg 800w, https:\/\/grafikamojic.com\/wp-content\/uploads\/2025\/10\/IM_5030_INT_04-768x312.jpg 768w\" sizes=\"auto, (max-width: 1020px) 100vw, 1020px\" \/>\t\t\t\t\t\t\n\t\t\t\t\t<\/div>\n\t\t\t\t\t\t\t\t\n<style>\n#image_1643498680 {\n  width: 49%;\n}\n<\/style>\n\t<\/div>\n\t\n\n\n\t\t<\/div>\n\t\t\t\t\t<\/div>\n\n\t\n\n<\/div>\n<div class=\"row align-center\"  id=\"row-1846650859\">\n\n\n\t<div id=\"col-2066291540\" class=\"col medium-4 small-12 large-4\"  >\n\t\t\t\t<div class=\"col-inner\"  >\n\t\t\t\n\t\t\t\n\n\t<div class=\"box has-hover   has-hover box-text-bottom\" >\n\n\t\t<div class=\"box-image\" style=\"width:44%;\">\n\t\t\t\t\t\t<div class=\"image-cover\" style=\"padding-top:75%;\">\n\t\t\t\t<img loading=\"lazy\" decoding=\"async\" width=\"252\" height=\"252\" src=\"https:\/\/grafikamojic.com\/wp-content\/uploads\/2025\/08\/863189_icons.png\" class=\"attachment- size-\" alt=\"\" srcset=\"https:\/\/grafikamojic.com\/wp-content\/uploads\/2025\/08\/863189_icons.png 252w, https:\/\/grafikamojic.com\/wp-content\/uploads\/2025\/08\/863189_icons-100x100.png 100w\" sizes=\"auto, (max-width: 252px) 100vw, 252px\" \/>\t\t\t\t\t\t\t\t\t\t\t<\/div>\n\t\t\t\t\t<\/div>\n\n\t\t<div class=\"box-text text-center\" >\n\t\t\t<div class=\"box-text-inner\">\n\t\t\t\t\n\n<p>DOSTUPNE BOJE JASTU\u010cADI<\/p>\n\n\t\t\t<\/div>\n\t\t<\/div>\n\t<\/div>\n\t\n\n\t\t<\/div>\n\t\t\t\t\t<\/div>\n\n\t\n\n\t<div id=\"col-510345958\" class=\"col medium-4 small-12 large-4\"  >\n\t\t\t\t<div class=\"col-inner\"  >\n\t\t\t\n\t\t\t\n\n\t<div class=\"box has-hover   has-hover box-text-bottom\" >\n\n\t\t<div class=\"box-image\" style=\"width:45%;\">\n\t\t\t\t\t\t<div class=\"image-cover\" style=\"padding-top:75%;\">\n\t\t\t\t<img loading=\"lazy\" decoding=\"async\" width=\"225\" height=\"225\" src=\"https:\/\/grafikamojic.com\/wp-content\/uploads\/2025\/08\/13412412.jpg\" class=\"attachment- size-\" alt=\"\" srcset=\"https:\/\/grafikamojic.com\/wp-content\/uploads\/2025\/08\/13412412.jpg 225w, https:\/\/grafikamojic.com\/wp-content\/uploads\/2025\/08\/13412412-100x100.jpg 100w\" sizes=\"auto, (max-width: 225px) 100vw, 225px\" \/>\t\t\t\t\t\t\t\t\t\t\t<\/div>\n\t\t\t\t\t<\/div>\n\n\t\t<div class=\"box-text text-center\" >\n\t\t\t<div class=\"box-text-inner\">\n\t\t\t\t\n\n<p>BOJA AUTOMATA<\/p>\n\n\t\t\t<\/div>\n\t\t<\/div>\n\t<\/div>\n\t\n\n\t\t<\/div>\n\t\t\t\t\t<\/div>\n\n\t\n\n<\/div>\n\t<div class=\"ux-menu stack stack-col justify-start floating-menu ux-menu--divider-solid\">\n\t\t\n\n\t<div class=\"ux-menu-link flex menu-item\">\n\t\t<a class=\"ux-menu-link__link flex\" href=\"https:\/\/grafikamojic.com\/en\/trodat-professional-5430\/\" >\n\t\t\t\t\t\t<span class=\"ux-menu-link__text\">\n\t\t\t\t5430\t\t\t<\/span>\n\t\t<\/a>\n\t<\/div>\n\t\n\n\t<div class=\"ux-menu-link flex menu-item\">\n\t\t<a class=\"ux-menu-link__link flex\" href=\"https:\/\/grafikamojic.com\/en\/trodat-datumar-professional-5431-2\/\" >\n\t\t\t\t\t\t<span class=\"ux-menu-link__text\">\n\t\t\t\t5431\t\t\t<\/span>\n\t\t<\/a>\n\t<\/div>\n\t\n\n\t<div class=\"ux-menu-link flex menu-item\">\n\t\t<a class=\"ux-menu-link__link flex\" href=\"https:\/\/grafikamojic.com\/en\/trodat-professional-5440\/\" >\n\t\t\t\t\t\t<span class=\"ux-menu-link__text\">\n\t\t\t\t5440\t\t\t<\/span>\n\t\t<\/a>\n\t<\/div>\n\t\n\n\t<div class=\"ux-menu-link flex menu-item\">\n\t\t<a class=\"ux-menu-link__link flex\" href=\"https:\/\/grafikamojic.com\/en\/trodat-professional-5460\/\" >\n\t\t\t\t\t\t<span class=\"ux-menu-link__text\">\n\t\t\t\t5460\t\t\t<\/span>\n\t\t<\/a>\n\t<\/div>\n\t\n\n\t<div class=\"ux-menu-link flex menu-item\">\n\t\t<a class=\"ux-menu-link__link flex\" href=\"https:\/\/grafikamojic.com\/en\/trodat-datumar-professional-5474-2\/\" >\n\t\t\t\t\t\t<span class=\"ux-menu-link__text\">\n\t\t\t\t5474\t\t\t<\/span>\n\t\t<\/a>\n\t<\/div>\n\t\n\n\t<div class=\"ux-menu-link flex menu-item\">\n\t\t<a class=\"ux-menu-link__link flex\" href=\"https:\/\/grafikamojic.com\/en\/trodat-datumar-professional-5480-2\/\" >\n\t\t\t\t\t\t<span class=\"ux-menu-link__text\">\n\t\t\t\t5480\t\t\t<\/span>\n\t\t<\/a>\n\t<\/div>\n\t\n\n\t<div class=\"ux-menu-link flex menu-item\">\n\t\t<a class=\"ux-menu-link__link flex\" href=\"https:\/\/grafikamojic.com\/en\/trodat-datumar-professional-54110-2\/\" >\n\t\t\t\t\t\t<span class=\"ux-menu-link__text\">\n\t\t\t\t54110\t\t\t<\/span>\n\t\t<\/a>\n\t<\/div>\n\t\n\n\t<div class=\"ux-menu-link flex menu-item\">\n\t\t<a class=\"ux-menu-link__link flex\" href=\"https:\/\/grafikamojic.com\/en\/trodat-professional-54045\/\" >\n\t\t\t\t\t\t<span class=\"ux-menu-link__text\">\n\t\t\t\t54045\t\t\t<\/span>\n\t\t<\/a>\n\t<\/div>\n\t\n\n\t<div class=\"ux-menu-link flex menu-item\">\n\t\t<a class=\"ux-menu-link__link flex\" href=\"https:\/\/grafikamojic.com\/en\/trodat-datumar-professional-5466-2\/\" >\n\t\t\t\t\t\t<span class=\"ux-menu-link__text\">\n\t\t\t\t5466\t\t\t<\/span>\n\t\t<\/a>\n\t<\/div>\n\t\n\n\t<div class=\"ux-menu-link flex menu-item\">\n\t\t<a class=\"ux-menu-link__link flex\" href=\"https:\/\/grafikamojic.com\/en\/trodat-datumar-professional-5030-2\/\" >\n\t\t\t\t\t\t<span class=\"ux-menu-link__text\">\n\t\t\t\t5030\t\t\t<\/span>\n\t\t<\/a>\n\t<\/div>\n\t\n\n\t<div class=\"ux-menu-link flex menu-item\">\n\t\t<a class=\"ux-menu-link__link flex\" href=\"https:\/\/grafikamojic.com\/en\/trodat-datumar-professional-5430-l\/\" >\n\t\t\t\t\t\t<span class=\"ux-menu-link__text\">\n\t\t\t\t5430\/L\t\t\t<\/span>\n\t\t<\/a>\n\t<\/div>\n\t\n\n\t<div class=\"ux-menu-link flex menu-item\">\n\t\t<a class=\"ux-menu-link__link flex\" href=\"https:\/\/grafikamojic.com\/en\/trodat-datumar-professional-5440-l\/\" >\n\t\t\t\t\t\t<span class=\"ux-menu-link__text\">\n\t\t\t\t5440\/L\t\t\t<\/span>\n\t\t<\/a>\n\t<\/div>\n\t\n\n\t<div class=\"ux-menu-link flex menu-item\">\n\t\t<a class=\"ux-menu-link__link flex\" href=\"https:\/\/grafikamojic.com\/en\/trodat-datumar-professional-5117-2\/\" >\n\t\t\t\t\t\t<span class=\"ux-menu-link__text\">\n\t\t\t\t5117\t\t\t<\/span>\n\t\t<\/a>\n\t<\/div>\n\t\n\n\n\t<\/div>\n\t\n\n","protected":false},"excerpt":{"rendered":"","protected":false},"author":2,"featured_media":0,"parent":0,"menu_order":0,"comment_status":"closed","ping_status":"closed","template":"","meta":{"footnotes":""},"class_list":["post-2750","page","type-page","status-publish","hentry"],"yoast_head":"<!-- This site is optimized with the Yoast SEO plugin v27.4 - https:\/\/yoast.com\/product\/yoast-seo-wordpress\/ -->\n<title>Trodat datumar Professional 5030<\/title>\n<meta name=\"robots\" content=\"index, follow, max-snippet:-1, max-image-preview:large, max-video-preview:-1\" \/>\n<link rel=\"canonical\" href=\"https:\/\/grafikamojic.com\/en\/trodat-datumar-professional-5030-2\/\" \/>\n<meta property=\"og:locale\" content=\"en_US\" \/>\n<meta property=\"og:locale:alternate\" content=\"sr_RS\" \/>\n<meta property=\"og:locale:alternate\" content=\"bs_BA\" \/>\n<meta property=\"og:locale:alternate\" content=\"hr_HR\" \/>\n<meta property=\"og:locale:alternate\" content=\"sq_SQ\" \/>\n<meta property=\"og:type\" content=\"article\" \/>\n<meta property=\"og:title\" content=\"Trodat datumar Professional 5030\" \/>\n<meta property=\"og:url\" content=\"https:\/\/grafikamojic.com\/en\/trodat-datumar-professional-5030-2\/\" \/>\n<meta property=\"og:site_name\" content=\"Grafi\u010dke ma\u0161ine i repromaterijali\" \/>\n<meta property=\"article:modified_time\" content=\"2026-01-16T13:05:43+00:00\" \/>\n<meta name=\"twitter:card\" content=\"summary_large_image\" \/>\n<meta name=\"twitter:label1\" content=\"Est. reading time\" \/>\n\t<meta name=\"twitter:data1\" content=\"1 minute\" \/>\n<script type=\"application\/ld+json\" class=\"yoast-schema-graph\">{\"@context\":\"https:\\\/\\\/schema.org\",\"@graph\":[{\"@type\":\"WebPage\",\"@id\":\"https:\\\/\\\/grafikamojic.com\\\/trodat-datumar-professional-5030-2\\\/\",\"url\":\"https:\\\/\\\/grafikamojic.com\\\/trodat-datumar-professional-5030-2\\\/\",\"name\":\"Trodat datumar Professional 5030\",\"isPartOf\":{\"@id\":\"https:\\\/\\\/grafikamojic.com\\\/#website\"},\"datePublished\":\"2025-10-16T12:44:08+00:00\",\"dateModified\":\"2026-01-16T13:05:43+00:00\",\"breadcrumb\":{\"@id\":\"https:\\\/\\\/grafikamojic.com\\\/trodat-datumar-professional-5030-2\\\/#breadcrumb\"},\"inLanguage\":\"en-US\",\"potentialAction\":[{\"@type\":\"ReadAction\",\"target\":[\"https:\\\/\\\/grafikamojic.com\\\/trodat-datumar-professional-5030-2\\\/\"]}]},{\"@type\":\"BreadcrumbList\",\"@id\":\"https:\\\/\\\/grafikamojic.com\\\/trodat-datumar-professional-5030-2\\\/#breadcrumb\",\"itemListElement\":[{\"@type\":\"ListItem\",\"position\":1,\"name\":\"Home\",\"item\":\"https:\\\/\\\/grafikamojic.com\\\/\"},{\"@type\":\"ListItem\",\"position\":2,\"name\":\"Trodat datumar Professional 5030\"}]},{\"@type\":\"WebSite\",\"@id\":\"https:\\\/\\\/grafikamojic.com\\\/#website\",\"url\":\"https:\\\/\\\/grafikamojic.com\\\/\",\"name\":\"Grafika i laseri\",\"description\":\"\",\"potentialAction\":[{\"@type\":\"SearchAction\",\"target\":{\"@type\":\"EntryPoint\",\"urlTemplate\":\"https:\\\/\\\/grafikamojic.com\\\/?s={search_term_string}\"},\"query-input\":{\"@type\":\"PropertyValueSpecification\",\"valueRequired\":true,\"valueName\":\"search_term_string\"}}],\"inLanguage\":\"en-US\"}]}<\/script>\n<!-- \/ Yoast SEO plugin. -->","yoast_head_json":{"title":"Trodat datumar Professional 5030","robots":{"index":"index","follow":"follow","max-snippet":"max-snippet:-1","max-image-preview":"max-image-preview:large","max-video-preview":"max-video-preview:-1"},"canonical":"https:\/\/grafikamojic.com\/en\/trodat-datumar-professional-5030-2\/","og_locale":"en_US","og_type":"article","og_title":"[:bs]Trodat datumar Professional 5030[:] - Grafi\u010dke ma\u0161ine i repromaterijali","og_url":"https:\/\/grafikamojic.com\/en\/trodat-datumar-professional-5030-2\/","og_site_name":"Grafi\u010dke ma\u0161ine i repromaterijali","article_modified_time":"2026-01-16T13:05:43+00:00","twitter_card":"summary_large_image","twitter_misc":{"Est. reading time":"1 minute"},"schema":{"@context":"https:\/\/schema.org","@graph":[{"@type":"WebPage","@id":"https:\/\/grafikamojic.com\/trodat-datumar-professional-5030-2\/","url":"https:\/\/grafikamojic.com\/trodat-datumar-professional-5030-2\/","name":"Trodat datumar Professional 5030","isPartOf":{"@id":"https:\/\/grafikamojic.com\/#website"},"datePublished":"2025-10-16T12:44:08+00:00","dateModified":"2026-01-16T13:05:43+00:00","breadcrumb":{"@id":"https:\/\/grafikamojic.com\/trodat-datumar-professional-5030-2\/#breadcrumb"},"inLanguage":"en-US","potentialAction":[{"@type":"ReadAction","target":["https:\/\/grafikamojic.com\/trodat-datumar-professional-5030-2\/"]}]},{"@type":"BreadcrumbList","@id":"https:\/\/grafikamojic.com\/trodat-datumar-professional-5030-2\/#breadcrumb","itemListElement":[{"@type":"ListItem","position":1,"name":"Home","item":"https:\/\/grafikamojic.com\/"},{"@type":"ListItem","position":2,"name":"Trodat datumar Professional 5030"}]},{"@type":"WebSite","@id":"https:\/\/grafikamojic.com\/#website","url":"https:\/\/grafikamojic.com\/","name":"Grafika i laseri","description":"","potentialAction":[{"@type":"SearchAction","target":{"@type":"EntryPoint","urlTemplate":"https:\/\/grafikamojic.com\/?s={search_term_string}"},"query-input":{"@type":"PropertyValueSpecification","valueRequired":true,"valueName":"search_term_string"}}],"inLanguage":"en-US"}]}},"_links":{"self":[{"href":"https:\/\/grafikamojic.com\/en\/wp-json\/wp\/v2\/pages\/2750","targetHints":{"allow":["GET"]}}],"collection":[{"href":"https:\/\/grafikamojic.com\/en\/wp-json\/wp\/v2\/pages"}],"about":[{"href":"https:\/\/grafikamojic.com\/en\/wp-json\/wp\/v2\/types\/page"}],"author":[{"embeddable":true,"href":"https:\/\/grafikamojic.com\/en\/wp-json\/wp\/v2\/users\/2"}],"replies":[{"embeddable":true,"href":"https:\/\/grafikamojic.com\/en\/wp-json\/wp\/v2\/comments?post=2750"}],"version-history":[{"count":4,"href":"https:\/\/grafikamojic.com\/en\/wp-json\/wp\/v2\/pages\/2750\/revisions"}],"predecessor-version":[{"id":4682,"href":"https:\/\/grafikamojic.com\/en\/wp-json\/wp\/v2\/pages\/2750\/revisions\/4682"}],"wp:attachment":[{"href":"https:\/\/grafikamojic.com\/en\/wp-json\/wp\/v2\/media?parent=2750"}],"curies":[{"name":"wp","href":"https:\/\/api.w.org\/{rel}","templated":true}]}}