{"id":2087,"date":"2025-08-21T15:25:29","date_gmt":"2025-08-21T13:25:29","guid":{"rendered":"https:\/\/grafikamojic.com\/?page_id=2087"},"modified":"2026-01-16T14:03:17","modified_gmt":"2026-01-16T13:03:17","slug":"trodat-professional-54045","status":"publish","type":"page","link":"https:\/\/grafikamojic.com\/en\/trodat-professional-54045\/","title":{"rendered":"Trodat Professional 54045"},"content":{"rendered":"\n<h2>Trodat Professional 54045<\/h2>\n<p data-start=\"119\" data-end=\"400\"><strong data-start=\"119\" data-end=\"148\">Trodat Professional 54045<\/strong> je kvalitetan <strong data-start=\"163\" data-end=\"195\">samonatapaju\u0107i okrugli pe\u010dat<\/strong> velikog formata, namenjen za upotrebu u kancelarijama, ustanovama i profesionalnim slu\u017ebama koje zahtevaju jasan i upe\u010datljiv kru\u017eni otisak. Idealan za pe\u010date sa logotipima, grbovima i slu\u017ebenim oznakama.<\/p>\n\t<div id=\"gap-697668964\" class=\"gap-element clearfix\" style=\"display:block; height:auto;\">\n\t\t\n<style>\n#gap-697668964 {\n  padding-top: 30px;\n}\n<\/style>\n\t<\/div>\n\t\n\n<div class=\"row\"  id=\"row-606295378\">\n\n\n\t<div id=\"col-1712250494\" class=\"col medium-6 small-12 large-6\"  >\n\t\t\t\t<div class=\"col-inner\"  >\n\t\t\t\n\t\t\t\n\n\t<div class=\"img has-hover x md-x lg-x y md-y lg-y\" id=\"image_951782484\">\n\t\t\t\t\t\t\t\t<div class=\"img-inner dark\" >\n\t\t\t<img loading=\"lazy\" decoding=\"async\" width=\"800\" height=\"800\" src=\"https:\/\/grafikamojic.com\/wp-content\/uploads\/2025\/08\/25807_medium-800x800.jpg\" class=\"attachment-large size-large\" alt=\"\" srcset=\"https:\/\/grafikamojic.com\/wp-content\/uploads\/2025\/08\/25807_medium-800x800.jpg 800w, https:\/\/grafikamojic.com\/wp-content\/uploads\/2025\/08\/25807_medium-100x100.jpg 100w, https:\/\/grafikamojic.com\/wp-content\/uploads\/2025\/08\/25807_medium-400x400.jpg 400w, https:\/\/grafikamojic.com\/wp-content\/uploads\/2025\/08\/25807_medium-280x280.jpg 280w, https:\/\/grafikamojic.com\/wp-content\/uploads\/2025\/08\/25807_medium-768x768.jpg 768w, https:\/\/grafikamojic.com\/wp-content\/uploads\/2025\/08\/25807_medium.jpg 1200w\" sizes=\"auto, (max-width: 800px) 100vw, 800px\" \/>\t\t\t\t\t\t\n\t\t\t\t\t<\/div>\n\t\t\t\t\t\t\t\t\n<style>\n#image_951782484 {\n  width: 100%;\n}\n<\/style>\n\t<\/div>\n\t\n\n\n\t\t<\/div>\n\t\t\t\t\t<\/div>\n\n\t\n\n\t<div id=\"col-161914626\" class=\"col medium-6 small-12 large-6\"  >\n\t\t\t\t<div class=\"col-inner\"  >\n\t\t\t\n\t\t\t\n\n<h3 data-start=\"407\" data-end=\"437\"><strong data-start=\"411\" data-end=\"437\">Glavne karakteristike:<\/strong><\/h3>\n<ul data-start=\"439\" data-end=\"786\">\n<li data-start=\"439\" data-end=\"470\">\n<p data-start=\"441\" data-end=\"470\">Pre\u010dnik otiska: \u00d8 45 mm<\/p>\n<\/li>\n<li data-start=\"471\" data-end=\"509\">\n<p data-start=\"473\" data-end=\"509\">Maksimalno linija teksta: do 6<\/p>\n<\/li>\n<li data-start=\"510\" data-end=\"569\">\n<p data-start=\"512\" data-end=\"569\">Samonatapaju\u0107i sistem sa lako zamenjivim jastu\u010di\u0107em<\/p>\n<\/li>\n<li data-start=\"570\" data-end=\"632\">\n<p data-start=\"572\" data-end=\"632\">Okrugli otisak \u2013 pogodan za logotipe i slu\u017ebene pe\u010date<\/p>\n<\/li>\n<li data-start=\"633\" data-end=\"689\">\n<p data-start=\"635\" data-end=\"689\">Ku\u0107i\u0161te od ner\u0111aju\u0107eg \u010delika za dug vek trajanja<\/p>\n<\/li>\n<li data-start=\"690\" data-end=\"746\">\n<p data-start=\"692\" data-end=\"746\">Ergonomski dizajn za lako i precizno pe\u010datiranje<\/p>\n<\/li>\n<li data-start=\"747\" data-end=\"786\">\n<p data-start=\"749\" data-end=\"786\">Ekolo\u0161ki proizvod \u2013 CO\u2082 neutralan<\/p>\n<\/li>\n<\/ul>\n<p>.<\/p>\n\t<div class=\"img has-hover x md-x lg-x y md-y lg-y\" id=\"image_863171776\">\n\t\t\t\t\t\t\t\t<div class=\"img-inner dark\" >\n\t\t\t<img loading=\"lazy\" decoding=\"async\" width=\"500\" height=\"500\" src=\"https:\/\/grafikamojic.com\/wp-content\/uploads\/2025\/08\/363287_small.jpg\" class=\"attachment-large size-large\" alt=\"\" srcset=\"https:\/\/grafikamojic.com\/wp-content\/uploads\/2025\/08\/363287_small.jpg 500w, https:\/\/grafikamojic.com\/wp-content\/uploads\/2025\/08\/363287_small-100x100.jpg 100w, https:\/\/grafikamojic.com\/wp-content\/uploads\/2025\/08\/363287_small-400x400.jpg 400w, https:\/\/grafikamojic.com\/wp-content\/uploads\/2025\/08\/363287_small-280x280.jpg 280w, https:\/\/grafikamojic.com\/wp-content\/uploads\/2025\/08\/363287_small-300x300.jpg 300w\" sizes=\"auto, (max-width: 500px) 100vw, 500px\" \/>\t\t\t\t\t\t\n\t\t\t\t\t<\/div>\n\t\t\t\t\t\t\t\t\n<style>\n#image_863171776 {\n  width: 40%;\n}\n<\/style>\n\t<\/div>\n\t\n\n\n\t\t<\/div>\n\t\t\t\t\t<\/div>\n\n\t\n\n<\/div>\n<div class=\"row align-center\"  id=\"row-828272038\">\n\n\n\t<div id=\"col-120786209\" class=\"col medium-4 small-12 large-4\"  >\n\t\t\t\t<div class=\"col-inner\"  >\n\t\t\t\n\t\t\t\n\n\t<div class=\"box has-hover   has-hover box-text-bottom\" >\n\n\t\t<div class=\"box-image\" style=\"width:44%;\">\n\t\t\t\t\t\t<div class=\"image-cover\" style=\"padding-top:75%;\">\n\t\t\t\t<img loading=\"lazy\" decoding=\"async\" width=\"252\" height=\"252\" src=\"https:\/\/grafikamojic.com\/wp-content\/uploads\/2025\/08\/863189_icons.png\" class=\"attachment- size-\" alt=\"\" srcset=\"https:\/\/grafikamojic.com\/wp-content\/uploads\/2025\/08\/863189_icons.png 252w, https:\/\/grafikamojic.com\/wp-content\/uploads\/2025\/08\/863189_icons-100x100.png 100w\" sizes=\"auto, (max-width: 252px) 100vw, 252px\" \/>\t\t\t\t\t\t\t\t\t\t\t<\/div>\n\t\t\t\t\t<\/div>\n\n\t\t<div class=\"box-text text-center\" >\n\t\t\t<div class=\"box-text-inner\">\n\t\t\t\t\n\n<p>DOSTUPNE BOJE JASTU\u010cADI<\/p>\n\n\t\t\t<\/div>\n\t\t<\/div>\n\t<\/div>\n\t\n\n\t\t<\/div>\n\t\t\t\t\t<\/div>\n\n\t\n\n\t<div id=\"col-1526439563\" class=\"col medium-4 small-12 large-4\"  >\n\t\t\t\t<div class=\"col-inner\"  >\n\t\t\t\n\t\t\t\n\n\t<div class=\"box has-hover   has-hover box-text-bottom\" >\n\n\t\t<div class=\"box-image\" style=\"width:44%;\">\n\t\t\t\t\t\t<div class=\"image-cover\" style=\"padding-top:75%;\">\n\t\t\t\t<img loading=\"lazy\" decoding=\"async\" width=\"252\" height=\"252\" src=\"https:\/\/grafikamojic.com\/wp-content\/uploads\/2025\/08\/863187_icons.png\" class=\"attachment- size-\" alt=\"\" srcset=\"https:\/\/grafikamojic.com\/wp-content\/uploads\/2025\/08\/863187_icons.png 252w, https:\/\/grafikamojic.com\/wp-content\/uploads\/2025\/08\/863187_icons-100x100.png 100w\" sizes=\"auto, (max-width: 252px) 100vw, 252px\" \/>\t\t\t\t\t\t\t\t\t\t\t<\/div>\n\t\t\t\t\t<\/div>\n\n\t\t<div class=\"box-text text-center\" >\n\t\t\t<div class=\"box-text-inner\">\n\t\t\t\t\n\n<p>DVOBOJNO JASTU\u010cE<\/p>\n\n\t\t\t<\/div>\n\t\t<\/div>\n\t<\/div>\n\t\n\n\t\t<\/div>\n\t\t\t\t\t<\/div>\n\n\t\n\n\t<div id=\"col-394279992\" class=\"col medium-4 small-12 large-4\"  >\n\t\t\t\t<div class=\"col-inner\"  >\n\t\t\t\n\t\t\t\n\n\t<div class=\"box has-hover   has-hover box-text-bottom\" >\n\n\t\t<div class=\"box-image\" style=\"width:45%;\">\n\t\t\t\t\t\t<div class=\"image-cover\" style=\"padding-top:75%;\">\n\t\t\t\t<img loading=\"lazy\" decoding=\"async\" width=\"225\" height=\"225\" src=\"https:\/\/grafikamojic.com\/wp-content\/uploads\/2025\/08\/13412412.jpg\" class=\"attachment- size-\" alt=\"\" srcset=\"https:\/\/grafikamojic.com\/wp-content\/uploads\/2025\/08\/13412412.jpg 225w, https:\/\/grafikamojic.com\/wp-content\/uploads\/2025\/08\/13412412-100x100.jpg 100w\" sizes=\"auto, (max-width: 225px) 100vw, 225px\" \/>\t\t\t\t\t\t\t\t\t\t\t<\/div>\n\t\t\t\t\t<\/div>\n\n\t\t<div class=\"box-text text-center\" >\n\t\t\t<div class=\"box-text-inner\">\n\t\t\t\t\n\n<p>BOJA AUTOMATA<\/p>\n\n\t\t\t<\/div>\n\t\t<\/div>\n\t<\/div>\n\t\n\n\t\t<\/div>\n\t\t\t\t\t<\/div>\n\n\t\n\n<\/div>\n\t<div class=\"ux-menu stack stack-col justify-start floating-menu ux-menu--divider-solid\">\n\t\t\n\n\t<div class=\"ux-menu-link flex menu-item\">\n\t\t<a class=\"ux-menu-link__link flex\" href=\"https:\/\/grafikamojic.com\/en\/trodat-professional-5430\/\" >\n\t\t\t\t\t\t<span class=\"ux-menu-link__text\">\n\t\t\t\t5430\t\t\t<\/span>\n\t\t<\/a>\n\t<\/div>\n\t\n\n\t<div class=\"ux-menu-link flex menu-item\">\n\t\t<a class=\"ux-menu-link__link flex\" href=\"https:\/\/grafikamojic.com\/en\/trodat-datumar-professional-5431-2\/\" >\n\t\t\t\t\t\t<span class=\"ux-menu-link__text\">\n\t\t\t\t5431\t\t\t<\/span>\n\t\t<\/a>\n\t<\/div>\n\t\n\n\t<div class=\"ux-menu-link flex menu-item\">\n\t\t<a class=\"ux-menu-link__link flex\" href=\"https:\/\/grafikamojic.com\/en\/trodat-professional-5440\/\" >\n\t\t\t\t\t\t<span class=\"ux-menu-link__text\">\n\t\t\t\t5440\t\t\t<\/span>\n\t\t<\/a>\n\t<\/div>\n\t\n\n\t<div class=\"ux-menu-link flex menu-item\">\n\t\t<a class=\"ux-menu-link__link flex\" href=\"https:\/\/grafikamojic.com\/en\/trodat-professional-5460\/\" >\n\t\t\t\t\t\t<span class=\"ux-menu-link__text\">\n\t\t\t\t5460\t\t\t<\/span>\n\t\t<\/a>\n\t<\/div>\n\t\n\n\t<div class=\"ux-menu-link flex menu-item\">\n\t\t<a class=\"ux-menu-link__link flex\" href=\"https:\/\/grafikamojic.com\/en\/trodat-datumar-professional-5474-2\/\" >\n\t\t\t\t\t\t<span class=\"ux-menu-link__text\">\n\t\t\t\t5474\t\t\t<\/span>\n\t\t<\/a>\n\t<\/div>\n\t\n\n\t<div class=\"ux-menu-link flex menu-item\">\n\t\t<a class=\"ux-menu-link__link flex\" href=\"https:\/\/grafikamojic.com\/en\/trodat-datumar-professional-5480-2\/\" >\n\t\t\t\t\t\t<span class=\"ux-menu-link__text\">\n\t\t\t\t5480\t\t\t<\/span>\n\t\t<\/a>\n\t<\/div>\n\t\n\n\t<div class=\"ux-menu-link flex menu-item\">\n\t\t<a class=\"ux-menu-link__link flex\" href=\"https:\/\/grafikamojic.com\/en\/trodat-datumar-professional-54110-2\/\" >\n\t\t\t\t\t\t<span class=\"ux-menu-link__text\">\n\t\t\t\t54110\t\t\t<\/span>\n\t\t<\/a>\n\t<\/div>\n\t\n\n\t<div class=\"ux-menu-link flex menu-item\">\n\t\t<a class=\"ux-menu-link__link flex\" href=\"https:\/\/grafikamojic.com\/en\/trodat-professional-54045\/\" >\n\t\t\t\t\t\t<span class=\"ux-menu-link__text\">\n\t\t\t\t54045\t\t\t<\/span>\n\t\t<\/a>\n\t<\/div>\n\t\n\n\t<div class=\"ux-menu-link flex menu-item\">\n\t\t<a class=\"ux-menu-link__link flex\" href=\"https:\/\/grafikamojic.com\/en\/trodat-datumar-professional-5466-2\/\" >\n\t\t\t\t\t\t<span class=\"ux-menu-link__text\">\n\t\t\t\t5466\t\t\t<\/span>\n\t\t<\/a>\n\t<\/div>\n\t\n\n\t<div class=\"ux-menu-link flex menu-item\">\n\t\t<a class=\"ux-menu-link__link flex\" href=\"https:\/\/grafikamojic.com\/en\/trodat-datumar-professional-5030-2\/\" >\n\t\t\t\t\t\t<span class=\"ux-menu-link__text\">\n\t\t\t\t5030\t\t\t<\/span>\n\t\t<\/a>\n\t<\/div>\n\t\n\n\t<div class=\"ux-menu-link flex menu-item\">\n\t\t<a class=\"ux-menu-link__link flex\" href=\"https:\/\/grafikamojic.com\/en\/trodat-datumar-professional-5430-l\/\" >\n\t\t\t\t\t\t<span class=\"ux-menu-link__text\">\n\t\t\t\t5430\/L\t\t\t<\/span>\n\t\t<\/a>\n\t<\/div>\n\t\n\n\t<div class=\"ux-menu-link flex menu-item\">\n\t\t<a class=\"ux-menu-link__link flex\" href=\"https:\/\/grafikamojic.com\/en\/trodat-datumar-professional-5440-l\/\" >\n\t\t\t\t\t\t<span class=\"ux-menu-link__text\">\n\t\t\t\t5440\/L\t\t\t<\/span>\n\t\t<\/a>\n\t<\/div>\n\t\n\n\t<div class=\"ux-menu-link flex menu-item\">\n\t\t<a class=\"ux-menu-link__link flex\" href=\"https:\/\/grafikamojic.com\/en\/trodat-datumar-professional-5117-2\/\" >\n\t\t\t\t\t\t<span class=\"ux-menu-link__text\">\n\t\t\t\t5117\t\t\t<\/span>\n\t\t<\/a>\n\t<\/div>\n\t\n\n\n\t<\/div>\n\t\n\n","protected":false},"excerpt":{"rendered":"","protected":false},"author":2,"featured_media":0,"parent":0,"menu_order":0,"comment_status":"closed","ping_status":"closed","template":"","meta":{"footnotes":""},"class_list":["post-2087","page","type-page","status-publish","hentry"],"yoast_head":"<!-- This site is optimized with the Yoast SEO plugin v27.4 - https:\/\/yoast.com\/product\/yoast-seo-wordpress\/ -->\n<title>Trodat Professional 54045<\/title>\n<meta name=\"robots\" content=\"index, follow, max-snippet:-1, max-image-preview:large, max-video-preview:-1\" \/>\n<link rel=\"canonical\" href=\"https:\/\/grafikamojic.com\/en\/trodat-professional-54045\/\" \/>\n<meta property=\"og:locale\" content=\"en_US\" \/>\n<meta property=\"og:locale:alternate\" content=\"sr_RS\" \/>\n<meta property=\"og:locale:alternate\" content=\"bs_BA\" \/>\n<meta property=\"og:locale:alternate\" content=\"hr_HR\" \/>\n<meta property=\"og:locale:alternate\" content=\"sq_SQ\" \/>\n<meta property=\"og:type\" content=\"article\" \/>\n<meta property=\"og:title\" content=\"Trodat Professional 54045\" \/>\n<meta property=\"og:url\" content=\"https:\/\/grafikamojic.com\/en\/trodat-professional-54045\/\" \/>\n<meta property=\"og:site_name\" content=\"Grafi\u010dke ma\u0161ine i repromaterijali\" \/>\n<meta property=\"article:modified_time\" content=\"2026-01-16T13:03:17+00:00\" \/>\n<meta name=\"twitter:card\" content=\"summary_large_image\" \/>\n<meta name=\"twitter:label1\" content=\"Est. reading time\" \/>\n\t<meta name=\"twitter:data1\" content=\"1 minute\" \/>\n<script type=\"application\/ld+json\" class=\"yoast-schema-graph\">{\"@context\":\"https:\\\/\\\/schema.org\",\"@graph\":[{\"@type\":\"WebPage\",\"@id\":\"https:\\\/\\\/grafikamojic.com\\\/trodat-professional-54045\\\/\",\"url\":\"https:\\\/\\\/grafikamojic.com\\\/trodat-professional-54045\\\/\",\"name\":\"Trodat Professional 54045\",\"isPartOf\":{\"@id\":\"https:\\\/\\\/grafikamojic.com\\\/#website\"},\"datePublished\":\"2025-08-21T13:25:29+00:00\",\"dateModified\":\"2026-01-16T13:03:17+00:00\",\"breadcrumb\":{\"@id\":\"https:\\\/\\\/grafikamojic.com\\\/trodat-professional-54045\\\/#breadcrumb\"},\"inLanguage\":\"en-US\",\"potentialAction\":[{\"@type\":\"ReadAction\",\"target\":[\"https:\\\/\\\/grafikamojic.com\\\/trodat-professional-54045\\\/\"]}]},{\"@type\":\"BreadcrumbList\",\"@id\":\"https:\\\/\\\/grafikamojic.com\\\/trodat-professional-54045\\\/#breadcrumb\",\"itemListElement\":[{\"@type\":\"ListItem\",\"position\":1,\"name\":\"Home\",\"item\":\"https:\\\/\\\/grafikamojic.com\\\/\"},{\"@type\":\"ListItem\",\"position\":2,\"name\":\"Trodat Professional 54045\"}]},{\"@type\":\"WebSite\",\"@id\":\"https:\\\/\\\/grafikamojic.com\\\/#website\",\"url\":\"https:\\\/\\\/grafikamojic.com\\\/\",\"name\":\"Grafika i laseri\",\"description\":\"\",\"potentialAction\":[{\"@type\":\"SearchAction\",\"target\":{\"@type\":\"EntryPoint\",\"urlTemplate\":\"https:\\\/\\\/grafikamojic.com\\\/?s={search_term_string}\"},\"query-input\":{\"@type\":\"PropertyValueSpecification\",\"valueRequired\":true,\"valueName\":\"search_term_string\"}}],\"inLanguage\":\"en-US\"}]}<\/script>\n<!-- \/ Yoast SEO plugin. -->","yoast_head_json":{"title":"Trodat Professional 54045","robots":{"index":"index","follow":"follow","max-snippet":"max-snippet:-1","max-image-preview":"max-image-preview:large","max-video-preview":"max-video-preview:-1"},"canonical":"https:\/\/grafikamojic.com\/en\/trodat-professional-54045\/","og_locale":"en_US","og_type":"article","og_title":"[:bs]Trodat Professional 54045[:] - Grafi\u010dke ma\u0161ine i repromaterijali","og_url":"https:\/\/grafikamojic.com\/en\/trodat-professional-54045\/","og_site_name":"Grafi\u010dke ma\u0161ine i repromaterijali","article_modified_time":"2026-01-16T13:03:17+00:00","twitter_card":"summary_large_image","twitter_misc":{"Est. reading time":"1 minute"},"schema":{"@context":"https:\/\/schema.org","@graph":[{"@type":"WebPage","@id":"https:\/\/grafikamojic.com\/trodat-professional-54045\/","url":"https:\/\/grafikamojic.com\/trodat-professional-54045\/","name":"Trodat Professional 54045","isPartOf":{"@id":"https:\/\/grafikamojic.com\/#website"},"datePublished":"2025-08-21T13:25:29+00:00","dateModified":"2026-01-16T13:03:17+00:00","breadcrumb":{"@id":"https:\/\/grafikamojic.com\/trodat-professional-54045\/#breadcrumb"},"inLanguage":"en-US","potentialAction":[{"@type":"ReadAction","target":["https:\/\/grafikamojic.com\/trodat-professional-54045\/"]}]},{"@type":"BreadcrumbList","@id":"https:\/\/grafikamojic.com\/trodat-professional-54045\/#breadcrumb","itemListElement":[{"@type":"ListItem","position":1,"name":"Home","item":"https:\/\/grafikamojic.com\/"},{"@type":"ListItem","position":2,"name":"Trodat Professional 54045"}]},{"@type":"WebSite","@id":"https:\/\/grafikamojic.com\/#website","url":"https:\/\/grafikamojic.com\/","name":"Grafika i laseri","description":"","potentialAction":[{"@type":"SearchAction","target":{"@type":"EntryPoint","urlTemplate":"https:\/\/grafikamojic.com\/?s={search_term_string}"},"query-input":{"@type":"PropertyValueSpecification","valueRequired":true,"valueName":"search_term_string"}}],"inLanguage":"en-US"}]}},"_links":{"self":[{"href":"https:\/\/grafikamojic.com\/en\/wp-json\/wp\/v2\/pages\/2087","targetHints":{"allow":["GET"]}}],"collection":[{"href":"https:\/\/grafikamojic.com\/en\/wp-json\/wp\/v2\/pages"}],"about":[{"href":"https:\/\/grafikamojic.com\/en\/wp-json\/wp\/v2\/types\/page"}],"author":[{"embeddable":true,"href":"https:\/\/grafikamojic.com\/en\/wp-json\/wp\/v2\/users\/2"}],"replies":[{"embeddable":true,"href":"https:\/\/grafikamojic.com\/en\/wp-json\/wp\/v2\/comments?post=2087"}],"version-history":[{"count":6,"href":"https:\/\/grafikamojic.com\/en\/wp-json\/wp\/v2\/pages\/2087\/revisions"}],"predecessor-version":[{"id":4680,"href":"https:\/\/grafikamojic.com\/en\/wp-json\/wp\/v2\/pages\/2087\/revisions\/4680"}],"wp:attachment":[{"href":"https:\/\/grafikamojic.com\/en\/wp-json\/wp\/v2\/media?parent=2087"}],"curies":[{"name":"wp","href":"https:\/\/api.w.org\/{rel}","templated":true}]}}